{"id":961,"date":"2025-04-25T14:03:20","date_gmt":"2025-04-25T11:03:20","guid":{"rendered":"https:\/\/drciniktipmerkezi.com\/?page_id=961"},"modified":"2025-11-13T01:44:37","modified_gmt":"2025-11-12T22:44:37","slug":"kulak-burun-bogaz-2","status":"publish","type":"page","link":"https:\/\/drciniktipmerkezi.com\/tr\/kulak-burun-bogaz-2\/","title":{"rendered":"Kulak Burun Bo\u011faz"},"content":{"rendered":"\t\t<div data-elementor-type=\"wp-page\" data-elementor-id=\"961\" class=\"elementor elementor-961\" data-elementor-post-type=\"page\">\n\t\t\t\t<div class=\"elementor-element elementor-element-cf5ee3d e-flex e-con-boxed e-con e-parent\" data-id=\"cf5ee3d\" data-element_type=\"container\">\n\t\t\t\t\t<div class=\"e-con-inner\">\n\t\t\t\t<div class=\"elementor-element elementor-element-c05bc4b elementor-widget elementor-widget-text-editor\" data-id=\"c05bc4b\" data-element_type=\"widget\" data-widget_type=\"text-editor.default\">\n\t\t\t\t\t\t\t\t\t<p class=\"\" data-start=\"452\" data-end=\"875\">Kulak Burun Bo\u011faz (KBB) alan\u0131, yaln\u0131zca medikal rahats\u0131zl\u0131klar\u0131n de\u011fil, ayn\u0131 zamanda estetik ve fonksiyonel ihtiya\u00e7lar\u0131n da kar\u015f\u0131land\u0131\u011f\u0131 \u00e7ok y\u00f6nl\u00fc bir uzmanl\u0131k alan\u0131d\u0131r. <strong data-start=\"622\" data-end=\"689\">Sa\u011fl\u0131k turizmi kapsam\u0131nda \u00f6zellikle rinoplasti (burun esteti\u011fi)<\/strong> gibi cerrahi i\u015flemler, T\u00fcrkiye\u2019de d\u00fcnya standartlar\u0131nda ba\u015far\u0131yla uygulanmakta; her y\u0131l binlerce uluslararas\u0131 hasta, do\u011fal ve dengeli bir y\u00fcz esteti\u011fi i\u00e7in T\u00fcrkiye\u2019yi tercih etmektedir.<\/p>\t\t\t\t\t\t\t\t<\/div>\n\t\t\t\t\t<\/div>\n\t\t\t\t<\/div>\n\t\t<div class=\"elementor-element elementor-element-3418431 e-flex e-con-boxed e-con e-parent\" data-id=\"3418431\" data-element_type=\"container\">\n\t\t\t\t\t<div class=\"e-con-inner\">\n\t\t\t\t<div class=\"elementor-element elementor-element-b7ad1e2 elementor-widget elementor-widget-heading\" data-id=\"b7ad1e2\" data-element_type=\"widget\" data-widget_type=\"heading.default\">\n\t\t\t\t\t<h2 class=\"elementor-heading-title elementor-size-default\">En S\u0131k Tercih Edilen KBB Cerrahi \u0130\u015flemleri<\/h2>\t\t\t\t<\/div>\n\t\t\t\t\t<\/div>\n\t\t\t\t<\/div>\n\t\t<div class=\"elementor-element elementor-element-d2c9775 e-flex e-con-boxed e-con e-parent\" data-id=\"d2c9775\" data-element_type=\"container\">\n\t\t\t\t\t<div class=\"e-con-inner\">\n\t\t<div class=\"elementor-element elementor-element-f72d4d5 e-con-full e-flex e-con e-child\" data-id=\"f72d4d5\" data-element_type=\"container\">\n\t\t\t\t<div class=\"elementor-element elementor-element-27adc4c elementor-widget elementor-widget-image\" data-id=\"27adc4c\" data-element_type=\"widget\" data-widget_type=\"image.default\">\n\t\t\t\t\t\t\t\t\t\t\t\t\t\t\t<img fetchpriority=\"high\" decoding=\"async\" width=\"492\" height=\"727\" src=\"https:\/\/drciniktipmerkezi.com\/wp-content\/uploads\/2025\/05\/rhino_1.jpg\" class=\"attachment-large size-large wp-image-1160\" alt=\"\" srcset=\"https:\/\/drciniktipmerkezi.com\/wp-content\/uploads\/2025\/05\/rhino_1.jpg 492w, https:\/\/drciniktipmerkezi.com\/wp-content\/uploads\/2025\/05\/rhino_1-203x300.jpg 203w\" sizes=\"100vw\" \/>\t\t\t\t\t\t\t\t\t\t\t\t\t\t\t<\/div>\n\t\t\t\t<\/div>\n\t\t<div class=\"elementor-element elementor-element-3844b83 e-con-full e-flex e-con e-child\" data-id=\"3844b83\" data-element_type=\"container\">\n\t\t\t\t<div class=\"elementor-element elementor-element-b1daf60 elementor-widget elementor-widget-text-editor\" data-id=\"b1daf60\" data-element_type=\"widget\" data-widget_type=\"text-editor.default\">\n\t\t\t\t\t\t\t\t\t<ul><li data-start=\"934\" data-end=\"967\"><strong data-start=\"934\" data-end=\"965\">Rinoplasti (Burun Esteti\u011fi)<\/strong><\/li><li data-start=\"970\" data-end=\"1032\"><strong data-start=\"970\" data-end=\"1030\">Septorinoplasti (Burun e\u011frili\u011fi ve estetik kombinasyonu)<\/strong><\/li><li data-start=\"1035\" data-end=\"1073\"><strong data-start=\"1035\" data-end=\"1071\">Otoplasti (Kep\u00e7e kulak esteti\u011fi)<\/strong><\/li><li data-start=\"1076\" data-end=\"1109\"><strong data-start=\"1076\" data-end=\"1107\">Nazal revizyon ameliyatlar\u0131<\/strong><\/li><li data-start=\"1112\" data-end=\"1169\"><strong data-start=\"1112\" data-end=\"1169\">Y\u00fcz ve burun uyumu i\u00e7in destekleyici cerrahi i\u015flemler<\/strong><\/li><\/ul><p class=\"\" data-start=\"1171\" data-end=\"1385\">Bu cerrahiler, hem estetik g\u00f6r\u00fcn\u00fcm\u00fcn iyile\u015ftirilmesini hem de solunum gibi temel fonksiyonlar\u0131n desteklenmesini hedefler. Ki\u015fiye \u00f6zel planlama, detayl\u0131 analiz ve estetik vizyon bu s\u00fcrecin temel ta\u015flar\u0131n\u0131 olu\u015fturur.<\/p>\t\t\t\t\t\t\t\t<\/div>\n\t\t\t\t<div class=\"elementor-element elementor-element-1b7709b elementor-widget elementor-widget-heading\" data-id=\"1b7709b\" data-element_type=\"widget\" data-widget_type=\"heading.default\">\n\t\t\t\t\t<h2 class=\"elementor-heading-title elementor-size-default\">T\u00fcrkiye\u2019yi Neden Tercih Etmelisiniz?<\/h2>\t\t\t\t<\/div>\n\t\t\t\t<div class=\"elementor-element elementor-element-ea09328 elementor-widget elementor-widget-text-editor\" data-id=\"ea09328\" data-element_type=\"widget\" data-widget_type=\"text-editor.default\">\n\t\t\t\t\t\t\t\t\t<p>T\u00fcrkiye, KBB cerrahisinde hem estetik hem de medikal a\u00e7\u0131dan ba\u015far\u0131l\u0131 sonu\u00e7lar sunan geli\u015fmi\u015f merkezleriyle \u00f6ne \u00e7\u0131kar. \u00d6zellikle rinoplasti gibi i\u015flemlerde <strong data-start=\"1592\" data-end=\"1623\">y\u00fcz hatlar\u0131na uygun tasar\u0131m<\/strong>, <strong data-start=\"1625\" data-end=\"1642\">do\u011fal g\u00f6r\u00fcn\u00fcm<\/strong>, <strong data-start=\"1644\" data-end=\"1658\">minimal iz<\/strong>, ve <strong data-start=\"1663\" data-end=\"1688\">h\u0131zl\u0131 iyile\u015fme s\u00fcreci<\/strong> gibi unsurlar yabanc\u0131 hastalar i\u00e7in b\u00fcy\u00fck avantaj sa\u011flar.<\/p>\t\t\t\t\t\t\t\t<\/div>\n\t\t\t\t<\/div>\n\t\t\t\t\t<\/div>\n\t\t\t\t<\/div>\n\t\t<div class=\"elementor-element elementor-element-d686d48 e-flex e-con-boxed e-con e-parent\" data-id=\"d686d48\" data-element_type=\"container\">\n\t\t\t\t\t<div class=\"e-con-inner\">\n\t\t\t\t<div class=\"elementor-element elementor-element-f43fc42 elementor-widget elementor-widget-image\" data-id=\"f43fc42\" data-element_type=\"widget\" data-widget_type=\"image.default\">\n\t\t\t\t\t\t\t\t\t\t\t\t\t\t\t<img decoding=\"async\" width=\"1536\" height=\"370\" src=\"https:\/\/drciniktipmerkezi.com\/wp-content\/uploads\/2025\/05\/tourist_ist-1536x370.png\" class=\"attachment-1536x1536 size-1536x1536 wp-image-1152\" alt=\"\" srcset=\"https:\/\/drciniktipmerkezi.com\/wp-content\/uploads\/2025\/05\/tourist_ist-1536x370.png 1536w, https:\/\/drciniktipmerkezi.com\/wp-content\/uploads\/2025\/05\/tourist_ist-300x72.png 300w, https:\/\/drciniktipmerkezi.com\/wp-content\/uploads\/2025\/05\/tourist_ist-1024x247.png 1024w, https:\/\/drciniktipmerkezi.com\/wp-content\/uploads\/2025\/05\/tourist_ist-2000x482.png 2000w, https:\/\/drciniktipmerkezi.com\/wp-content\/uploads\/2025\/05\/tourist_ist-2048x493.png 2048w\" sizes=\"100vw\" \/>\t\t\t\t\t\t\t\t\t\t\t\t\t\t\t<\/div>\n\t\t\t\t\t<\/div>\n\t\t\t\t<\/div>\n\t\t<div class=\"elementor-element elementor-element-a35b5bc e-flex e-con-boxed e-con e-parent\" data-id=\"a35b5bc\" data-element_type=\"container\">\n\t\t\t\t\t<div class=\"e-con-inner\">\n\t\t<div class=\"elementor-element elementor-element-6d83dd8 e-con-full e-flex e-con e-child\" data-id=\"6d83dd8\" data-element_type=\"container\">\n\t\t\t\t<div class=\"elementor-element elementor-element-0a9bdf8 elementor-widget elementor-widget-text-editor\" data-id=\"0a9bdf8\" data-element_type=\"widget\" data-widget_type=\"text-editor.default\">\n\t\t\t\t\t\t\t\t\t<ul><li data-start=\"455\" data-end=\"513\">Uluslararas\u0131 hastalara \u00f6zel planlanan ameliyat s\u00fcre\u00e7leri<\/li><li data-start=\"516\" data-end=\"591\">Konaklama, VIP transfer ve \u00e7eviri deste\u011fiyle konforlu bir tedavi deneyimi<\/li><li data-start=\"594\" data-end=\"657\">Cerrahi \u00f6ncesi dijital sim\u00fclasyonlarla sonu\u00e7 \u00f6n izleme imk\u00e2n\u0131<\/li><\/ul>\t\t\t\t\t\t\t\t<\/div>\n\t\t\t\t<\/div>\n\t\t<div class=\"elementor-element elementor-element-6116335 e-con-full e-flex e-con e-child\" data-id=\"6116335\" data-element_type=\"container\">\n\t\t\t\t<div class=\"elementor-element elementor-element-517454d elementor-widget elementor-widget-text-editor\" data-id=\"517454d\" data-element_type=\"widget\" data-widget_type=\"text-editor.default\">\n\t\t\t\t\t\t\t\t\t<ul><li data-start=\"660\" data-end=\"725\">Hekim-hasta ileti\u015fiminde k\u00fclt\u00fcrel hassasiyet ve \u015feffaf yakla\u015f\u0131m<\/li><li data-start=\"728\" data-end=\"799\">Kapsaml\u0131 bilgilendirme, post-op takibi ve uzaktan dan\u0131\u015fmanl\u0131k deste\u011fi<\/li><li data-start=\"802\" data-end=\"906\">Ameliyat sonras\u0131 iyile\u015fme s\u00fcreci i\u00e7in ki\u015fiselle\u015ftirilmi\u015f bak\u0131m \u00f6nerileri ve ya\u015fam tarz\u0131 rehberli\u011fi<\/li><\/ul>\t\t\t\t\t\t\t\t<\/div>\n\t\t\t\t<\/div>\n\t\t\t\t\t<\/div>\n\t\t\t\t<\/div>\n\t\t<div class=\"elementor-element elementor-element-1134229 e-flex e-con-boxed e-con e-parent\" data-id=\"1134229\" data-element_type=\"container\">\n\t\t\t\t\t<div class=\"e-con-inner\">\n\t\t\t\t<div class=\"elementor-element elementor-element-d05bdc7 elementor-widget elementor-widget-text-editor\" data-id=\"d05bdc7\" data-element_type=\"widget\" data-widget_type=\"text-editor.default\">\n\t\t\t\t\t\t\t\t\t<p><strong>Y\u00fcz\u00fcn\u00fcz\u00fcn en dikkat \u00e7eken noktas\u0131na sa\u011fl\u0131kla ve estetikle dokunmak i\u00e7in bize ula\u015fabilirsiniz. U\u00e7u\u015f \u00f6ncesi dan\u0131\u015fmanl\u0131k ve tedavi planlamas\u0131 i\u00e7in formumuzu doldurman\u0131z yeterlidir.<\/strong><\/p>\t\t\t\t\t\t\t\t<\/div>\n\t\t\t\t\t<\/div>\n\t\t\t\t<\/div>\n\t\t<div class=\"elementor-element elementor-element-8373ff8 e-flex e-con-boxed e-con e-parent\" data-id=\"8373ff8\" data-element_type=\"container\">\n\t\t\t\t\t<div class=\"e-con-inner\">\n\t\t\t\t<div class=\"elementor-element elementor-element-70c9e92 elementor-widget elementor-widget-spacer\" data-id=\"70c9e92\" data-element_type=\"widget\" data-widget_type=\"spacer.default\">\n\t\t\t\t\t\t\t<div class=\"elementor-spacer\">\n\t\t\t<div class=\"elementor-spacer-inner\"><\/div>\n\t\t<\/div>\n\t\t\t\t\t\t<\/div>\n\t\t\t\t\t<\/div>\n\t\t\t\t<\/div>\n\t\t\t\t<\/div>\n\t\t","protected":false},"excerpt":{"rendered":"<p>Kulak Burun Bo\u011faz (KBB) alan\u0131, yaln\u0131zca medikal rahats\u0131zl\u0131klar\u0131n de\u011fil, ayn\u0131 zamanda estetik ve fonksiyonel ihtiya\u00e7lar\u0131n da kar\u015f\u0131land\u0131\u011f\u0131 \u00e7ok y\u00f6nl\u00fc bir uzmanl\u0131k alan\u0131d\u0131r. Sa\u011fl\u0131k turizmi kapsam\u0131nda \u00f6zellikle rinoplasti (burun esteti\u011fi) gibi cerrahi i\u015flemler, T\u00fcrkiye\u2019de d\u00fcnya standartlar\u0131nda ba\u015far\u0131yla uygulanmakta; her y\u0131l binlerce uluslararas\u0131 hasta, do\u011fal ve dengeli bir y\u00fcz esteti\u011fi i\u00e7in T\u00fcrkiye\u2019yi tercih etmektedir. En S\u0131k Tercih &hellip; <\/p>\n<p class=\"link-more\"><a href=\"https:\/\/drciniktipmerkezi.com\/tr\/kulak-burun-bogaz-2\/\" class=\"more-link\"><span class=\"screen-reader-text\"> &#8220;Kulak Burun Bo\u011faz&#8221;<\/span>devam\u0131n\u0131 oku<\/a><\/p>\n","protected":false},"author":2,"featured_media":0,"parent":0,"menu_order":0,"comment_status":"closed","ping_status":"closed","template":"elementor_header_footer","meta":{"footnotes":""},"class_list":["post-961","page","type-page","status-publish","hentry"],"_links":{"self":[{"href":"https:\/\/drciniktipmerkezi.com\/tr\/wp-json\/wp\/v2\/pages\/961","targetHints":{"allow":["GET"]}}],"collection":[{"href":"https:\/\/drciniktipmerkezi.com\/tr\/wp-json\/wp\/v2\/pages"}],"about":[{"href":"https:\/\/drciniktipmerkezi.com\/tr\/wp-json\/wp\/v2\/types\/page"}],"author":[{"embeddable":true,"href":"https:\/\/drciniktipmerkezi.com\/tr\/wp-json\/wp\/v2\/users\/2"}],"replies":[{"embeddable":true,"href":"https:\/\/drciniktipmerkezi.com\/tr\/wp-json\/wp\/v2\/comments?post=961"}],"version-history":[{"count":0,"href":"https:\/\/drciniktipmerkezi.com\/tr\/wp-json\/wp\/v2\/pages\/961\/revisions"}],"wp:attachment":[{"href":"https:\/\/drciniktipmerkezi.com\/tr\/wp-json\/wp\/v2\/media?parent=961"}],"curies":[{"name":"wp","href":"https:\/\/api.w.org\/{rel}","templated":true}]}}