{"id":960,"date":"2025-04-25T14:03:12","date_gmt":"2025-04-25T11:03:12","guid":{"rendered":"https:\/\/drciniktipmerkezi.com\/?page_id=960"},"modified":"2025-11-10T18:24:49","modified_gmt":"2025-11-10T15:24:49","slug":"dis-tedavileri","status":"publish","type":"page","link":"https:\/\/drciniktipmerkezi.com\/tr\/dis-tedavileri\/","title":{"rendered":"Di\u015f Tedavileri"},"content":{"rendered":"\t\t<div data-elementor-type=\"wp-page\" data-elementor-id=\"960\" class=\"elementor elementor-960\" data-elementor-post-type=\"page\">\n\t\t\t\t<div class=\"elementor-element elementor-element-c8b7bf3 e-flex e-con-boxed e-con e-parent\" data-id=\"c8b7bf3\" data-element_type=\"container\">\n\t\t\t\t\t<div class=\"e-con-inner\">\n\t\t\t\t<div class=\"elementor-element elementor-element-aac78ad elementor-widget elementor-widget-text-editor\" data-id=\"aac78ad\" data-element_type=\"widget\" data-widget_type=\"text-editor.default\">\n\t\t\t\t\t\t\t\t\t<p>Di\u015f sa\u011fl\u0131\u011f\u0131, hem estetik hem de genel ya\u015fam kalitesi a\u00e7\u0131s\u0131ndan b\u00fcy\u00fck \u00f6nem ta\u015f\u0131r. G\u00fcn\u00fcm\u00fczde bir\u00e7ok ki\u015fi; uygun maliyet, y\u00fcksek kalite ve h\u0131zl\u0131 sonu\u00e7 aray\u0131\u015f\u0131yla <strong data-start=\"604\" data-end=\"682\">sa\u011fl\u0131k turizmi kapsam\u0131nda di\u015f tedavileri i\u00e7in T\u00fcrkiye&#8217;yi tercih etmektedir<\/strong>. Modern klinikler, uzman di\u015f hekimleri ve son teknoloji tedavi y\u00f6ntemleriyle T\u00fcrkiye, d\u00fcnya \u00e7ap\u0131nda bir di\u015f tedavi merkezi haline gelmi\u015ftir.<\/p>\t\t\t\t\t\t\t\t<\/div>\n\t\t\t\t\t<\/div>\n\t\t\t\t<\/div>\n\t\t<div class=\"elementor-element elementor-element-c5e6f32 e-flex e-con-boxed e-con e-parent\" data-id=\"c5e6f32\" data-element_type=\"container\">\n\t\t\t\t\t<div class=\"e-con-inner\">\n\t\t\t\t<div class=\"elementor-element elementor-element-cbdac9c elementor-widget elementor-widget-image\" data-id=\"cbdac9c\" data-element_type=\"widget\" data-widget_type=\"image.default\">\n\t\t\t\t\t\t\t\t\t\t\t\t\t\t\t<img fetchpriority=\"high\" decoding=\"async\" width=\"2048\" height=\"493\" src=\"https:\/\/drciniktipmerkezi.com\/wp-content\/uploads\/2025\/05\/istanbul_tourism-2048x493.png\" class=\"attachment-2048x2048 size-2048x2048 wp-image-1146\" alt=\"\" srcset=\"https:\/\/drciniktipmerkezi.com\/wp-content\/uploads\/2025\/05\/istanbul_tourism-2048x493.png 2048w, https:\/\/drciniktipmerkezi.com\/wp-content\/uploads\/2025\/05\/istanbul_tourism-300x72.png 300w, https:\/\/drciniktipmerkezi.com\/wp-content\/uploads\/2025\/05\/istanbul_tourism-1024x247.png 1024w, https:\/\/drciniktipmerkezi.com\/wp-content\/uploads\/2025\/05\/istanbul_tourism-2000x482.png 2000w, https:\/\/drciniktipmerkezi.com\/wp-content\/uploads\/2025\/05\/istanbul_tourism-1536x370.png 1536w\" sizes=\"100vw\" \/>\t\t\t\t\t\t\t\t\t\t\t\t\t\t\t<\/div>\n\t\t\t\t\t<\/div>\n\t\t\t\t<\/div>\n\t\t<div class=\"elementor-element elementor-element-cfa9e91 e-flex e-con-boxed e-con e-parent\" data-id=\"cfa9e91\" data-element_type=\"container\">\n\t\t\t\t\t<div class=\"e-con-inner\">\n\t\t\t\t<div class=\"elementor-element elementor-element-605c8a5 elementor-widget elementor-widget-heading\" data-id=\"605c8a5\" data-element_type=\"widget\" data-widget_type=\"heading.default\">\n\t\t\t\t\t<h2 class=\"elementor-heading-title elementor-size-default\">Neden T\u00fcrkiye\u2019de Di\u015f Tedavisi?<\/h2>\t\t\t\t<\/div>\n\t\t\t\t<div class=\"elementor-element elementor-element-0412cf7 elementor-widget elementor-widget-text-editor\" data-id=\"0412cf7\" data-element_type=\"widget\" data-widget_type=\"text-editor.default\">\n\t\t\t\t\t\t\t\t\t<p class=\"\" data-start=\"869\" data-end=\"1101\">T\u00fcrkiye, Avrupa ve Orta Do\u011fu\u2019nun kesi\u015fim noktas\u0131nda yer alan g\u00fc\u00e7l\u00fc sa\u011fl\u0131k altyap\u0131s\u0131yla di\u015f tedavilerinde uluslararas\u0131 hastalar i\u00e7in ideal bir destinasyondur. Sa\u011fl\u0131k turizmi kapsam\u0131nda T\u00fcrkiye\u2019yi tercih etmenin avantajlar\u0131 \u015funlard\u0131r:<\/p><ul><li data-start=\"1105\" data-end=\"1183\"><strong data-start=\"1105\" data-end=\"1134\">Uygun maliyetli tedaviler<\/strong> (\u00fclkenize k\u0131yasla %50-70 oran\u0131nda daha ekonomik)<\/li><li data-start=\"1186\" data-end=\"1266\"><strong data-start=\"1186\" data-end=\"1220\">K\u0131sa s\u00fcrede planlanan i\u015flemler<\/strong> (seyahatinizi uzatmadan tamamlanan tedaviler)<\/li><li data-start=\"1269\" data-end=\"1314\"><strong data-start=\"1269\" data-end=\"1314\">Dijital destekli modern tedavi teknikleri<\/strong><\/li><li data-start=\"1317\" data-end=\"1394\"><strong data-start=\"1317\" data-end=\"1394\">Alan\u0131nda deneyimli, uluslararas\u0131 standartlarda hizmet veren di\u015f hekimleri<\/strong><\/li><li data-start=\"1397\" data-end=\"1459\"><strong data-start=\"1397\" data-end=\"1459\">Turistik bir seyahati sa\u011fl\u0131k hizmetiyle birle\u015ftirme imk\u00e2n\u0131<\/strong><\/li><\/ul>\t\t\t\t\t\t\t\t<\/div>\n\t\t\t\t\t<\/div>\n\t\t\t\t<\/div>\n\t\t<div class=\"elementor-element elementor-element-5ec5f56 e-flex e-con-boxed e-con e-parent\" data-id=\"5ec5f56\" data-element_type=\"container\">\n\t\t\t\t\t<div class=\"e-con-inner\">\n\t\t\t\t<div class=\"elementor-element elementor-element-b1b30e0 elementor-widget elementor-widget-heading\" data-id=\"b1b30e0\" data-element_type=\"widget\" data-widget_type=\"heading.default\">\n\t\t\t\t\t<h2 class=\"elementor-heading-title elementor-size-default\">Hangi Di\u015f Tedavileri Sunulur?<\/h2>\t\t\t\t<\/div>\n\t\t\t\t\t<\/div>\n\t\t\t\t<\/div>\n\t\t<div class=\"elementor-element elementor-element-30d9503 e-flex e-con-boxed e-con e-parent\" data-id=\"30d9503\" data-element_type=\"container\">\n\t\t\t\t\t<div class=\"e-con-inner\">\n\t\t\t\t<div class=\"elementor-element elementor-element-bb85e4e elementor-widget elementor-widget-text-editor\" data-id=\"bb85e4e\" data-element_type=\"widget\" data-widget_type=\"text-editor.default\">\n\t\t\t\t\t\t\t\t\t<p class=\"\" data-start=\"1504\" data-end=\"1600\">Sa\u011fl\u0131k turizmi kapsam\u0131nda hastalara en \u00e7ok sunulan ve tercih edilen tedavi se\u00e7enekleri aras\u0131nda:<\/p><ul><li data-start=\"1604\" data-end=\"1699\"><strong data-start=\"1604\" data-end=\"1624\">Di\u015f \u0130mplantlar\u0131:<\/strong> Eksik di\u015flerin yerine uygulanan uzun \u00f6m\u00fcrl\u00fc ve do\u011fal g\u00f6r\u00fcn\u00fcml\u00fc \u00e7\u00f6z\u00fcmler.<\/li><li data-start=\"1702\" data-end=\"1812\"><strong data-start=\"1702\" data-end=\"1738\">Zirkonyum &amp; Porselen Kaplamalar:<\/strong> Estetik kayg\u0131lara y\u00f6nelik, dayan\u0131kl\u0131 ve do\u011fal g\u00f6r\u00fcn\u00fcml\u00fc di\u015f protezleri.<\/li><li data-start=\"1815\" data-end=\"1932\"><strong data-start=\"1815\" data-end=\"1836\">Lamine Veneerler:<\/strong> Di\u015flerin \u00f6n y\u00fczeyine uygulanan, kusursuz ve beyaz bir g\u00fcl\u00fc\u015f sa\u011flayan ince porselen yapraklar.<\/li><li data-start=\"1935\" data-end=\"2051\"><strong data-start=\"1935\" data-end=\"1972\">G\u00fcl\u00fc\u015f Tasar\u0131m\u0131 (Hollywood Smile):<\/strong> Estetik kayg\u0131lar\u0131 olan hastalara \u00f6zel, ki\u015fiselle\u015ftirilmi\u015f g\u00fcl\u00fc\u015f d\u00f6n\u00fc\u015f\u00fcmleri.<\/li><li data-start=\"2054\" data-end=\"2166\"><strong data-start=\"2054\" data-end=\"2085\">Di\u015f Beyazlatma (Bleaching):<\/strong> Di\u015f rengini birka\u00e7 ton a\u00e7arak daha sa\u011fl\u0131kl\u0131 ve estetik bir g\u00f6r\u00fcn\u00fcm kazand\u0131rma.<\/li><li data-start=\"2169\" data-end=\"2273\"><strong data-start=\"2169\" data-end=\"2204\">Di\u015f Temizli\u011fi &amp; Di\u015f Eti Bak\u0131m\u0131:<\/strong> Sa\u011fl\u0131kl\u0131 a\u011f\u0131z yap\u0131s\u0131 i\u00e7in d\u00fczenli olarak yap\u0131lmas\u0131 gereken i\u015flemler.<\/li><\/ul>\t\t\t\t\t\t\t\t<\/div>\n\t\t\t\t<div class=\"elementor-element elementor-element-2109614 elementor-widget elementor-widget-heading\" data-id=\"2109614\" data-element_type=\"widget\" data-widget_type=\"heading.default\">\n\t\t\t\t\t<h2 class=\"elementor-heading-title elementor-size-default\">Tedavi ve Seyahat S\u00fcreci Nas\u0131l \u0130\u015fliyor?<\/h2>\t\t\t\t<\/div>\n\t\t\t\t\t<\/div>\n\t\t\t\t<\/div>\n\t\t<div class=\"elementor-element elementor-element-8e565da e-flex e-con-boxed e-con e-parent\" data-id=\"8e565da\" data-element_type=\"container\">\n\t\t\t\t\t<div class=\"e-con-inner\">\n\t\t\t\t<div class=\"elementor-element elementor-element-e200212 elementor-widget elementor-widget-text-editor\" data-id=\"e200212\" data-element_type=\"widget\" data-widget_type=\"text-editor.default\">\n\t\t\t\t\t\t\t\t\t<p>Tedavi s\u00fcreci, hasta yurt d\u0131\u015f\u0131ndayken ba\u015flayan \u00e7evrim i\u00e7i de\u011ferlendirme ile ba\u015flar. R\u00f6ntgen ve medikal bilgiler payla\u015f\u0131l\u0131r, tedavi plan\u0131 \u00e7\u0131kar\u0131l\u0131r. Hastan\u0131n T\u00fcrkiye\u2019ye geli\u015fine g\u00f6re randevu planlamas\u0131 yap\u0131l\u0131r. Transfer, konaklama ve rehberlik hizmetleri e\u015fli\u011finde konforlu bir tedavi s\u00fcreci sa\u011flan\u0131r. Tedavi sonras\u0131 kontroller ve \u00f6nerilerle s\u00fcre\u00e7 g\u00fcvenle tamamlan\u0131r.<\/p>\t\t\t\t\t\t\t\t<\/div>\n\t\t\t\t\t<\/div>\n\t\t\t\t<\/div>\n\t\t<div class=\"elementor-element elementor-element-30345e8 e-flex e-con-boxed e-con e-parent\" data-id=\"30345e8\" data-element_type=\"container\">\n\t\t\t\t\t<div class=\"e-con-inner\">\n\t\t\t\t<div class=\"elementor-element elementor-element-6e14136 elementor-widget elementor-widget-image\" data-id=\"6e14136\" data-element_type=\"widget\" data-widget_type=\"image.default\">\n\t\t\t\t\t\t\t\t\t\t\t\t\t\t\t<img decoding=\"async\" width=\"1536\" height=\"370\" src=\"https:\/\/drciniktipmerkezi.com\/wp-content\/uploads\/2025\/05\/tourist_ist-1536x370.png\" class=\"attachment-1536x1536 size-1536x1536 wp-image-1152\" alt=\"\" srcset=\"https:\/\/drciniktipmerkezi.com\/wp-content\/uploads\/2025\/05\/tourist_ist-1536x370.png 1536w, https:\/\/drciniktipmerkezi.com\/wp-content\/uploads\/2025\/05\/tourist_ist-300x72.png 300w, https:\/\/drciniktipmerkezi.com\/wp-content\/uploads\/2025\/05\/tourist_ist-1024x247.png 1024w, https:\/\/drciniktipmerkezi.com\/wp-content\/uploads\/2025\/05\/tourist_ist-2000x482.png 2000w, https:\/\/drciniktipmerkezi.com\/wp-content\/uploads\/2025\/05\/tourist_ist-2048x493.png 2048w\" sizes=\"100vw\" \/>\t\t\t\t\t\t\t\t\t\t\t\t\t\t\t<\/div>\n\t\t\t\t\t<\/div>\n\t\t\t\t<\/div>\n\t\t<div class=\"elementor-element elementor-element-15f1f8f e-flex e-con-boxed e-con e-parent\" data-id=\"15f1f8f\" data-element_type=\"container\">\n\t\t\t\t\t<div class=\"e-con-inner\">\n\t\t\t\t<div class=\"elementor-element elementor-element-c21e0f6 elementor-widget elementor-widget-heading\" data-id=\"c21e0f6\" data-element_type=\"widget\" data-widget_type=\"heading.default\">\n\t\t\t\t\t<h2 class=\"elementor-heading-title elementor-size-default\">Neden Bizi Tercih Etmelisiniz?<\/h2>\t\t\t\t<\/div>\n\t\t\t\t\t<\/div>\n\t\t\t\t<\/div>\n\t\t<div class=\"elementor-element elementor-element-34adee7 e-flex e-con-boxed e-con e-parent\" data-id=\"34adee7\" data-element_type=\"container\">\n\t\t\t\t\t<div class=\"e-con-inner\">\n\t\t<div class=\"elementor-element elementor-element-2e81486 e-con-full e-flex e-con e-child\" data-id=\"2e81486\" data-element_type=\"container\">\n\t\t\t\t<div class=\"elementor-element elementor-element-0054d1d elementor-widget elementor-widget-text-editor\" data-id=\"0054d1d\" data-element_type=\"widget\" data-widget_type=\"text-editor.default\">\n\t\t\t\t\t\t\t\t\t<ul><li data-start=\"388\" data-end=\"428\">Uluslararas\u0131 hastalarla deneyimli ekip<\/li><li data-start=\"431\" data-end=\"479\">Ki\u015fiye \u00f6zel planlanan tedavi ve seyahat s\u00fcreci<\/li><li data-start=\"482\" data-end=\"533\">\u0130ngilizce ba\u015fta olmak \u00fczere \u00e7ok dilli dan\u0131\u015fmanl\u0131k<\/li><\/ul>\t\t\t\t\t\t\t\t<\/div>\n\t\t\t\t<\/div>\n\t\t<div class=\"elementor-element elementor-element-2f90a60 e-con-full e-flex e-con e-child\" data-id=\"2f90a60\" data-element_type=\"container\">\n\t\t\t\t<div class=\"elementor-element elementor-element-f9558e5 elementor-widget elementor-widget-text-editor\" data-id=\"f9558e5\" data-element_type=\"widget\" data-widget_type=\"text-editor.default\">\n\t\t\t\t\t\t\t\t\t<ul><li data-start=\"2890\" data-end=\"2943\">Y\u00fcksek hijyen standartlar\u0131 ve g\u00fcncel klinik donan\u0131m<\/li><li>Estetik, fonksiyonel ve kal\u0131c\u0131 \u00e7\u00f6z\u00fcmler<\/li><li>Tedavi sonras\u0131nda da s\u00fcrd\u00fcr\u00fclebilir hasta ileti\u015fimi ve destek<\/li><\/ul>\t\t\t\t\t\t\t\t<\/div>\n\t\t\t\t<\/div>\n\t\t\t\t\t<\/div>\n\t\t\t\t<\/div>\n\t\t<div class=\"elementor-element elementor-element-969f92e e-flex e-con-boxed e-con e-parent\" data-id=\"969f92e\" data-element_type=\"container\">\n\t\t\t\t\t<div class=\"e-con-inner\">\n\t\t\t\t<div class=\"elementor-element elementor-element-55c5593 elementor-widget elementor-widget-text-editor\" data-id=\"55c5593\" data-element_type=\"widget\" data-widget_type=\"text-editor.default\">\n\t\t\t\t\t\t\t\t\t<p>Di\u015f tedavisi i\u00e7in T\u00fcrkiye\u2019yi tercih eden binlerce memnun hasta aras\u0131na kat\u0131lmak ister misiniz? Dan\u0131\u015fman ekibimiz size uygun tedavi plan\u0131 ve seyahat organizasyonu i\u00e7in haz\u0131r.<\/p>\t\t\t\t\t\t\t\t<\/div>\n\t\t\t\t\t<\/div>\n\t\t\t\t<\/div>\n\t\t<div class=\"elementor-element elementor-element-8722be2 e-flex e-con-boxed e-con e-parent\" data-id=\"8722be2\" data-element_type=\"container\">\n\t\t\t\t\t<div class=\"e-con-inner\">\n\t\t\t\t<div class=\"elementor-element elementor-element-dee61ac elementor-widget elementor-widget-spacer\" data-id=\"dee61ac\" data-element_type=\"widget\" data-widget_type=\"spacer.default\">\n\t\t\t\t\t\t\t<div class=\"elementor-spacer\">\n\t\t\t<div class=\"elementor-spacer-inner\"><\/div>\n\t\t<\/div>\n\t\t\t\t\t\t<\/div>\n\t\t\t\t\t<\/div>\n\t\t\t\t<\/div>\n\t\t\t\t<\/div>\n\t\t","protected":false},"excerpt":{"rendered":"<p>Di\u015f sa\u011fl\u0131\u011f\u0131, hem estetik hem de genel ya\u015fam kalitesi a\u00e7\u0131s\u0131ndan b\u00fcy\u00fck \u00f6nem ta\u015f\u0131r. G\u00fcn\u00fcm\u00fczde bir\u00e7ok ki\u015fi; uygun maliyet, y\u00fcksek kalite ve h\u0131zl\u0131 sonu\u00e7 aray\u0131\u015f\u0131yla sa\u011fl\u0131k turizmi kapsam\u0131nda di\u015f tedavileri i\u00e7in T\u00fcrkiye&#8217;yi tercih etmektedir. Modern klinikler, uzman di\u015f hekimleri ve son teknoloji tedavi y\u00f6ntemleriyle T\u00fcrkiye, d\u00fcnya \u00e7ap\u0131nda bir di\u015f tedavi merkezi haline gelmi\u015ftir. Neden T\u00fcrkiye\u2019de Di\u015f &hellip; <\/p>\n<p class=\"link-more\"><a href=\"https:\/\/drciniktipmerkezi.com\/tr\/dis-tedavileri\/\" class=\"more-link\"><span class=\"screen-reader-text\"> &#8220;Di\u015f Tedavileri&#8221;<\/span>devam\u0131n\u0131 oku<\/a><\/p>\n","protected":false},"author":2,"featured_media":0,"parent":0,"menu_order":0,"comment_status":"closed","ping_status":"closed","template":"elementor_header_footer","meta":{"footnotes":""},"class_list":["post-960","page","type-page","status-publish","hentry"],"_links":{"self":[{"href":"https:\/\/drciniktipmerkezi.com\/tr\/wp-json\/wp\/v2\/pages\/960","targetHints":{"allow":["GET"]}}],"collection":[{"href":"https:\/\/drciniktipmerkezi.com\/tr\/wp-json\/wp\/v2\/pages"}],"about":[{"href":"https:\/\/drciniktipmerkezi.com\/tr\/wp-json\/wp\/v2\/types\/page"}],"author":[{"embeddable":true,"href":"https:\/\/drciniktipmerkezi.com\/tr\/wp-json\/wp\/v2\/users\/2"}],"replies":[{"embeddable":true,"href":"https:\/\/drciniktipmerkezi.com\/tr\/wp-json\/wp\/v2\/comments?post=960"}],"version-history":[{"count":0,"href":"https:\/\/drciniktipmerkezi.com\/tr\/wp-json\/wp\/v2\/pages\/960\/revisions"}],"wp:attachment":[{"href":"https:\/\/drciniktipmerkezi.com\/tr\/wp-json\/wp\/v2\/media?parent=960"}],"curies":[{"name":"wp","href":"https:\/\/api.w.org\/{rel}","templated":true}]}}