{"id":956,"date":"2025-04-25T14:02:31","date_gmt":"2025-04-25T11:02:31","guid":{"rendered":"https:\/\/drciniktipmerkezi.com\/?page_id=956"},"modified":"2025-11-10T18:24:17","modified_gmt":"2025-11-10T15:24:17","slug":"acil-odasi","status":"publish","type":"page","link":"https:\/\/drciniktipmerkezi.com\/tr\/acil-odasi\/","title":{"rendered":"Acil Odas\u0131"},"content":{"rendered":"\t\t<div data-elementor-type=\"wp-page\" data-elementor-id=\"956\" class=\"elementor elementor-956\" data-elementor-post-type=\"page\">\n\t\t\t\t<div class=\"elementor-element elementor-element-6990cc8 e-flex e-con-boxed e-con e-parent\" data-id=\"6990cc8\" data-element_type=\"container\">\n\t\t\t\t\t<div class=\"e-con-inner\">\n\t\t\t\t<div class=\"elementor-element elementor-element-e96f550 elementor-widget elementor-widget-text-editor\" data-id=\"e96f550\" data-element_type=\"widget\" data-widget_type=\"text-editor.default\">\n\t\t\t\t\t\t\t\t\t<p><strong data-start=\"322\" data-end=\"336\">Acil Odas\u0131<\/strong>, hayati risk ta\u015f\u0131yan ani sa\u011fl\u0131k problemleri kar\u015f\u0131s\u0131nda h\u0131zl\u0131 ve etkin m\u00fcdahalenin yap\u0131labilmesi i\u00e7in t\u0131bbi donan\u0131m ve d\u00fczenlemelere sahip \u00f6zel b\u00f6l\u00fcmlerdir. T\u0131bb\u0131n en zaman duyarl\u0131 alanlar\u0131ndan biri olan acil hizmetler, hastalar\u0131n ilk de\u011ferlendirme ve stabilizasyonunun ger\u00e7ekle\u015fti\u011fi \u00f6nemli bir noktad\u0131r.<\/p>\t\t\t\t\t\t\t\t<\/div>\n\t\t\t\t\t<\/div>\n\t\t\t\t<\/div>\n\t\t<div class=\"elementor-element elementor-element-ee52e5d e-flex e-con-boxed e-con e-parent\" data-id=\"ee52e5d\" data-element_type=\"container\">\n\t\t\t\t\t<div class=\"e-con-inner\">\n\t\t\t\t<div class=\"elementor-element elementor-element-cdfd562 elementor-widget__width-initial elementor-widget elementor-widget-image\" data-id=\"cdfd562\" data-element_type=\"widget\" data-widget_type=\"image.default\">\n\t\t\t\t\t\t\t\t\t\t\t\t\t\t\t<img fetchpriority=\"high\" decoding=\"async\" width=\"768\" height=\"493\" src=\"https:\/\/drciniktipmerkezi.com\/wp-content\/uploads\/2025\/05\/emergency.jpg\" class=\"attachment-medium_large size-medium_large wp-image-1137\" alt=\"\" srcset=\"https:\/\/drciniktipmerkezi.com\/wp-content\/uploads\/2025\/05\/emergency.jpg 1506w, https:\/\/drciniktipmerkezi.com\/wp-content\/uploads\/2025\/05\/emergency-300x193.jpg 300w, https:\/\/drciniktipmerkezi.com\/wp-content\/uploads\/2025\/05\/emergency-1024x658.jpg 1024w\" sizes=\"100vw\" \/>\t\t\t\t\t\t\t\t\t\t\t\t\t\t\t<\/div>\n\t\t\t\t<div class=\"elementor-element elementor-element-4389c4e elementor-widget elementor-widget-text-editor\" data-id=\"4389c4e\" data-element_type=\"widget\" data-widget_type=\"text-editor.default\">\n\t\t\t\t\t\t\t\t\t<h3 class=\"\" data-start=\"647\" data-end=\"687\">Acil M\u00fcdahale Gerektiren Durumlar<\/h3><p class=\"\" data-start=\"689\" data-end=\"834\">Acil odalar\u0131, geni\u015f yelpazede bir\u00e7ok sa\u011fl\u0131k sorununda ilk de\u011ferlendirme noktas\u0131d\u0131r. Genel olarak a\u015fa\u011f\u0131daki tablolar acil m\u00fcdahale gerektirebilir:<\/p><ul><li data-start=\"838\" data-end=\"871\">G\u00f6\u011f\u00fcs a\u011fr\u0131s\u0131, ani nefes darl\u0131\u011f\u0131<\/li><li data-start=\"874\" data-end=\"897\">Bilin\u00e7 kayb\u0131, bay\u0131lma<\/li><li data-start=\"900\" data-end=\"933\">Ani geli\u015fen \u015fiddetli ba\u015f a\u011fr\u0131s\u0131<\/li><li data-start=\"936\" data-end=\"957\">Y\u00fcksek ate\u015f, havale<\/li><li data-start=\"960\" data-end=\"990\">Trafik kazalar\u0131 ve travmalar<\/li><li data-start=\"993\" data-end=\"1008\">Zehirlenmeler<\/li><li data-start=\"1011\" data-end=\"1042\">\u015eiddetli alerjik reaksiyonlar<\/li><li data-start=\"1045\" data-end=\"1079\">Kesici-delici alet yaralanmalar\u0131<\/li><\/ul>\t\t\t\t\t\t\t\t<\/div>\n\t\t\t\t<div class=\"elementor-element elementor-element-f22b605 elementor-widget elementor-widget-text-editor\" data-id=\"f22b605\" data-element_type=\"widget\" data-widget_type=\"text-editor.default\">\n\t\t\t\t\t\t\t\t\t<h3 data-start=\"647\" data-end=\"687\">Acil Oda Donan\u0131m\u0131<\/h3><p class=\"\" data-start=\"1112\" data-end=\"1244\">Acil odalar\u0131, ya\u015famsal fonksiyonlar\u0131n h\u0131zla de\u011ferlendirilebilmesi ve desteklenebilmesi i\u00e7in tasarlanm\u0131\u015ft\u0131r. Bu alanlarda genellikle:<\/p><ul><li data-start=\"1248\" data-end=\"1276\">Monit\u00f6rl\u00fc g\u00f6zlem yataklar\u0131<\/li><li data-start=\"1279\" data-end=\"1317\">Oksijen ve solunum destek sistemleri<\/li><li data-start=\"1320\" data-end=\"1352\">Acil ila\u00e7 ve serum ekipmanlar\u0131<\/li><li data-start=\"1355\" data-end=\"1386\">Defibrilat\u00f6r ve EKG cihazlar\u0131<\/li><li data-start=\"1389\" data-end=\"1415\">Temel cerrahi malzemeler<\/li><\/ul>\t\t\t\t\t\t\t\t<\/div>\n\t\t\t\t<div class=\"elementor-element elementor-element-c494375 elementor-widget elementor-widget-text-editor\" data-id=\"c494375\" data-element_type=\"widget\" data-widget_type=\"text-editor.default\">\n\t\t\t\t\t\t\t\t\t<h3 class=\"\" data-start=\"1523\" data-end=\"1549\">Genel Bilgilendirme<\/h3><p class=\"\" data-start=\"1551\" data-end=\"1791\">Acil durumlar, zamanla yar\u0131\u015f gerektiren ve t\u0131bbi organizasyonun kusursuz i\u015flemesi gereken \u00f6zel durumlard\u0131r. Bu nedenle acil odalar\u0131, sa\u011fl\u0131k hizmetlerinin en h\u0131zl\u0131, en sistematik ve en dikkatli y\u00fcr\u00fct\u00fclmesi gereken b\u00f6l\u00fcmler aras\u0131nda yer al\u0131r.<\/p>\t\t\t\t\t\t\t\t<\/div>\n\t\t\t\t<div class=\"elementor-element elementor-element-0235731 elementor-widget elementor-widget-spacer\" data-id=\"0235731\" data-element_type=\"widget\" data-widget_type=\"spacer.default\">\n\t\t\t\t\t\t\t<div class=\"elementor-spacer\">\n\t\t\t<div class=\"elementor-spacer-inner\"><\/div>\n\t\t<\/div>\n\t\t\t\t\t\t<\/div>\n\t\t\t\t\t<\/div>\n\t\t\t\t<\/div>\n\t\t\t\t<\/div>\n\t\t","protected":false},"excerpt":{"rendered":"<p>Acil Odas\u0131, hayati risk ta\u015f\u0131yan ani sa\u011fl\u0131k problemleri kar\u015f\u0131s\u0131nda h\u0131zl\u0131 ve etkin m\u00fcdahalenin yap\u0131labilmesi i\u00e7in t\u0131bbi donan\u0131m ve d\u00fczenlemelere sahip \u00f6zel b\u00f6l\u00fcmlerdir. T\u0131bb\u0131n en zaman duyarl\u0131 alanlar\u0131ndan biri olan acil hizmetler, hastalar\u0131n ilk de\u011ferlendirme ve stabilizasyonunun ger\u00e7ekle\u015fti\u011fi \u00f6nemli bir noktad\u0131r. Acil M\u00fcdahale Gerektiren Durumlar Acil odalar\u0131, geni\u015f yelpazede bir\u00e7ok sa\u011fl\u0131k sorununda ilk de\u011ferlendirme noktas\u0131d\u0131r. Genel &hellip; <\/p>\n<p class=\"link-more\"><a href=\"https:\/\/drciniktipmerkezi.com\/tr\/acil-odasi\/\" class=\"more-link\"><span class=\"screen-reader-text\"> &#8220;Acil Odas\u0131&#8221;<\/span>devam\u0131n\u0131 oku<\/a><\/p>\n","protected":false},"author":2,"featured_media":0,"parent":0,"menu_order":0,"comment_status":"closed","ping_status":"closed","template":"elementor_header_footer","meta":{"footnotes":""},"class_list":["post-956","page","type-page","status-publish","hentry"],"_links":{"self":[{"href":"https:\/\/drciniktipmerkezi.com\/tr\/wp-json\/wp\/v2\/pages\/956","targetHints":{"allow":["GET"]}}],"collection":[{"href":"https:\/\/drciniktipmerkezi.com\/tr\/wp-json\/wp\/v2\/pages"}],"about":[{"href":"https:\/\/drciniktipmerkezi.com\/tr\/wp-json\/wp\/v2\/types\/page"}],"author":[{"embeddable":true,"href":"https:\/\/drciniktipmerkezi.com\/tr\/wp-json\/wp\/v2\/users\/2"}],"replies":[{"embeddable":true,"href":"https:\/\/drciniktipmerkezi.com\/tr\/wp-json\/wp\/v2\/comments?post=956"}],"version-history":[{"count":0,"href":"https:\/\/drciniktipmerkezi.com\/tr\/wp-json\/wp\/v2\/pages\/956\/revisions"}],"wp:attachment":[{"href":"https:\/\/drciniktipmerkezi.com\/tr\/wp-json\/wp\/v2\/media?parent=956"}],"curies":[{"name":"wp","href":"https:\/\/api.w.org\/{rel}","templated":true}]}}