{"id":954,"date":"2025-04-25T14:02:17","date_gmt":"2025-04-25T11:02:17","guid":{"rendered":"https:\/\/drciniktipmerkezi.com\/?page_id=954"},"modified":"2025-11-10T18:23:51","modified_gmt":"2025-11-10T15:23:51","slug":"anestezi-ve-reanimasyon","status":"publish","type":"page","link":"https:\/\/drciniktipmerkezi.com\/tr\/anestezi-ve-reanimasyon\/","title":{"rendered":"Anestezi ve Reanimasyon"},"content":{"rendered":"\t\t<div data-elementor-type=\"wp-page\" data-elementor-id=\"954\" class=\"elementor elementor-954\" data-elementor-post-type=\"page\">\n\t\t\t\t<div class=\"elementor-element elementor-element-b2287c1 e-flex e-con-boxed e-con e-parent\" data-id=\"b2287c1\" data-element_type=\"container\">\n\t\t\t\t\t<div class=\"e-con-inner\">\n\t\t\t\t<div class=\"elementor-element elementor-element-d6c0e06 elementor-widget elementor-widget-text-editor\" data-id=\"d6c0e06\" data-element_type=\"widget\" data-widget_type=\"text-editor.default\">\n\t\t\t\t\t\t\t\t\t<p><strong data-start=\"337\" data-end=\"364\">Anestezi ve Reanimasyon<\/strong>, cerrahi i\u015flemler s\u0131ras\u0131nda hastan\u0131n a\u011fr\u0131 duymamas\u0131n\u0131 ve hayati fonksiyonlar\u0131n\u0131n g\u00fcvenli \u015fekilde korunmas\u0131n\u0131 sa\u011flayan t\u0131bbi uzmanl\u0131k alan\u0131d\u0131r. Ayn\u0131 zamanda yo\u011fun bak\u0131m s\u00fcre\u00e7lerinde ya\u015famsal destek gerektiren hastalar\u0131n izlenmesi ve tedavi edilmesi ile de ilgilenir.<\/p>\t\t\t\t\t\t\t\t<\/div>\n\t\t\t\t\t<\/div>\n\t\t\t\t<\/div>\n\t\t<div class=\"elementor-element elementor-element-638bd5c e-flex e-con-boxed e-con e-parent\" data-id=\"638bd5c\" data-element_type=\"container\">\n\t\t\t\t\t<div class=\"e-con-inner\">\n\t\t\t\t<div class=\"elementor-element elementor-element-c0a6ac4 elementor-widget elementor-widget-image\" data-id=\"c0a6ac4\" data-element_type=\"widget\" data-widget_type=\"image.default\">\n\t\t\t\t\t\t\t\t\t\t\t\t\t\t\t<img fetchpriority=\"high\" decoding=\"async\" width=\"1506\" height=\"573\" src=\"https:\/\/drciniktipmerkezi.com\/wp-content\/uploads\/2025\/05\/anesthesia_1.jpg\" class=\"attachment-1536x1536 size-1536x1536 wp-image-1131\" alt=\"\" srcset=\"https:\/\/drciniktipmerkezi.com\/wp-content\/uploads\/2025\/05\/anesthesia_1.jpg 1506w, https:\/\/drciniktipmerkezi.com\/wp-content\/uploads\/2025\/05\/anesthesia_1-300x114.jpg 300w, https:\/\/drciniktipmerkezi.com\/wp-content\/uploads\/2025\/05\/anesthesia_1-1024x390.jpg 1024w\" sizes=\"100vw\" \/>\t\t\t\t\t\t\t\t\t\t\t\t\t\t\t<\/div>\n\t\t\t\t\t<\/div>\n\t\t\t\t<\/div>\n\t\t<div class=\"elementor-element elementor-element-16f6fc1 e-flex e-con-boxed e-con e-parent\" data-id=\"16f6fc1\" data-element_type=\"container\">\n\t\t\t\t\t<div class=\"e-con-inner\">\n\t\t\t\t<div class=\"elementor-element elementor-element-ddba05d elementor-widget elementor-widget-spacer\" data-id=\"ddba05d\" data-element_type=\"widget\" data-widget_type=\"spacer.default\">\n\t\t\t\t\t\t\t<div class=\"elementor-spacer\">\n\t\t\t<div class=\"elementor-spacer-inner\"><\/div>\n\t\t<\/div>\n\t\t\t\t\t\t<\/div>\n\t\t\t\t<div class=\"elementor-element elementor-element-7e4c690 elementor-widget elementor-widget-heading\" data-id=\"7e4c690\" data-element_type=\"widget\" data-widget_type=\"heading.default\">\n\t\t\t\t\t<h2 class=\"elementor-heading-title elementor-size-default\">Anestezi Nedir?<\/h2>\t\t\t\t<\/div>\n\t\t\t\t<div class=\"elementor-element elementor-element-412d2d9 elementor-widget elementor-widget-text-editor\" data-id=\"412d2d9\" data-element_type=\"widget\" data-widget_type=\"text-editor.default\">\n\t\t\t\t\t\t\t\t\t<p class=\"\" data-start=\"661\" data-end=\"831\">Anestezi, cerrahi ya da giri\u015fimsel i\u015flemler \u00f6ncesinde uygulanan ve hastan\u0131n a\u011fr\u0131 hissetmesini engelleyen t\u0131bbi bir y\u00f6ntemdir. Uygulama \u015fekline g\u00f6re farkl\u0131 t\u00fcrleri vard\u0131r:<\/p><ul><li data-start=\"835\" data-end=\"894\"><strong data-start=\"835\" data-end=\"854\">Genel anestezi:<\/strong> Hastan\u0131n tamamen uyutuldu\u011fu durumdur.<\/li><li data-start=\"897\" data-end=\"996\"><strong data-start=\"897\" data-end=\"919\">B\u00f6lgesel anestezi:<\/strong> V\u00fccudun belirli bir b\u00f6l\u00fcm\u00fcn\u00fcn uyu\u015fturulmas\u0131d\u0131r (\u00f6rne\u011fin spinal, epidural).<\/li><li data-start=\"999\" data-end=\"1089\"><strong data-start=\"999\" data-end=\"1018\">Lokal anestezi:<\/strong> K\u00fc\u00e7\u00fck bir b\u00f6lgeye yap\u0131lan, s\u0131n\u0131rl\u0131 uyu\u015fma sa\u011flayan anestezi t\u00fcr\u00fcd\u00fcr.<\/li><\/ul><p class=\"\" data-start=\"1091\" data-end=\"1179\">Her anestezi tipi, hastan\u0131n ya\u015f\u0131, sa\u011fl\u0131k durumu ve i\u015flem t\u00fcr\u00fcne g\u00f6re dikkatle planlan\u0131r.<\/p>\t\t\t\t\t\t\t\t<\/div>\n\t\t\t\t\t<\/div>\n\t\t\t\t<\/div>\n\t\t<div class=\"elementor-element elementor-element-489f70c e-flex e-con-boxed e-con e-parent\" data-id=\"489f70c\" data-element_type=\"container\">\n\t\t\t\t\t<div class=\"e-con-inner\">\n\t\t\t\t<div class=\"elementor-element elementor-element-026b3bb elementor-widget elementor-widget-image\" data-id=\"026b3bb\" data-element_type=\"widget\" data-widget_type=\"image.default\">\n\t\t\t\t\t\t\t\t\t\t\t\t\t\t\t<img decoding=\"async\" width=\"950\" height=\"362\" src=\"https:\/\/drciniktipmerkezi.com\/wp-content\/uploads\/2025\/05\/anesthesia_2-1024x390.jpg\" class=\"attachment-large size-large wp-image-1129\" alt=\"\" srcset=\"https:\/\/drciniktipmerkezi.com\/wp-content\/uploads\/2025\/05\/anesthesia_2-1024x390.jpg 1024w, https:\/\/drciniktipmerkezi.com\/wp-content\/uploads\/2025\/05\/anesthesia_2-300x114.jpg 300w, https:\/\/drciniktipmerkezi.com\/wp-content\/uploads\/2025\/05\/anesthesia_2.jpg 1506w\" sizes=\"100vw\" \/>\t\t\t\t\t\t\t\t\t\t\t\t\t\t\t<\/div>\n\t\t\t\t\t<\/div>\n\t\t\t\t<\/div>\n\t\t<div class=\"elementor-element elementor-element-f9af075 e-flex e-con-boxed e-con e-parent\" data-id=\"f9af075\" data-element_type=\"container\">\n\t\t\t\t\t<div class=\"e-con-inner\">\n\t\t\t\t<div class=\"elementor-element elementor-element-d18094b elementor-widget elementor-widget-spacer\" data-id=\"d18094b\" data-element_type=\"widget\" data-widget_type=\"spacer.default\">\n\t\t\t\t\t\t\t<div class=\"elementor-spacer\">\n\t\t\t<div class=\"elementor-spacer-inner\"><\/div>\n\t\t<\/div>\n\t\t\t\t\t\t<\/div>\n\t\t\t\t<div class=\"elementor-element elementor-element-dac6405 elementor-widget elementor-widget-heading\" data-id=\"dac6405\" data-element_type=\"widget\" data-widget_type=\"heading.default\">\n\t\t\t\t\t<h2 class=\"elementor-heading-title elementor-size-default\">Reanimasyon Nedir?<\/h2>\t\t\t\t<\/div>\n\t\t\t\t<div class=\"elementor-element elementor-element-00170ab elementor-widget elementor-widget-text-editor\" data-id=\"00170ab\" data-element_type=\"widget\" data-widget_type=\"text-editor.default\">\n\t\t\t\t\t\t\t\t\t<p>Reanimasyon; hayati tehlike ta\u015f\u0131yan durumlarda solunum, dola\u015f\u0131m ve bilin\u00e7 gibi temel ya\u015fam fonksiyonlar\u0131n\u0131 desteklemeyi ama\u00e7layan yo\u011fun bak\u0131m t\u0131bb\u0131n\u0131 kapsar. Solunum cihazlar\u0131na ba\u011fl\u0131 takip, yo\u011fun s\u0131v\u0131-elektrolit dengesi y\u00f6netimi ve ileri ya\u015fam deste\u011fi bu alan\u0131n temel konular\u0131 aras\u0131ndad\u0131r.<\/p>\t\t\t\t\t\t\t\t<\/div>\n\t\t\t\t<div class=\"elementor-element elementor-element-7b2e3b2 elementor-widget elementor-widget-heading\" data-id=\"7b2e3b2\" data-element_type=\"widget\" data-widget_type=\"heading.default\">\n\t\t\t\t\t<h2 class=\"elementor-heading-title elementor-size-default\">Dikkat Edilmesi Gerekenler<\/h2>\t\t\t\t<\/div>\n\t\t\t\t<div class=\"elementor-element elementor-element-cb5d941 elementor-widget elementor-widget-text-editor\" data-id=\"cb5d941\" data-element_type=\"widget\" data-widget_type=\"text-editor.default\">\n\t\t\t\t\t\t\t\t\t<p>Anestezi uygulamalar\u0131 \u00f6ncesinde hastalar\u0131n genel sa\u011fl\u0131k durumu, ge\u00e7irdi\u011fi hastal\u0131klar ve kulland\u0131\u011f\u0131 ila\u00e7lar detayl\u0131 \u015fekilde de\u011ferlendirilmelidir. Bu s\u00fcre\u00e7te verilen do\u011fru bilgiler, g\u00fcvenli ve komplikasyonsuz bir anestezi s\u00fcreci i\u00e7in b\u00fcy\u00fck \u00f6nem ta\u015f\u0131r.<\/p>\t\t\t\t\t\t\t\t<\/div>\n\t\t\t\t<div class=\"elementor-element elementor-element-7dcf0de elementor-widget elementor-widget-spacer\" data-id=\"7dcf0de\" data-element_type=\"widget\" data-widget_type=\"spacer.default\">\n\t\t\t\t\t\t\t<div class=\"elementor-spacer\">\n\t\t\t<div class=\"elementor-spacer-inner\"><\/div>\n\t\t<\/div>\n\t\t\t\t\t\t<\/div>\n\t\t\t\t\t<\/div>\n\t\t\t\t<\/div>\n\t\t\t\t<\/div>\n\t\t","protected":false},"excerpt":{"rendered":"<p>Anestezi ve Reanimasyon, cerrahi i\u015flemler s\u0131ras\u0131nda hastan\u0131n a\u011fr\u0131 duymamas\u0131n\u0131 ve hayati fonksiyonlar\u0131n\u0131n g\u00fcvenli \u015fekilde korunmas\u0131n\u0131 sa\u011flayan t\u0131bbi uzmanl\u0131k alan\u0131d\u0131r. Ayn\u0131 zamanda yo\u011fun bak\u0131m s\u00fcre\u00e7lerinde ya\u015famsal destek gerektiren hastalar\u0131n izlenmesi ve tedavi edilmesi ile de ilgilenir. Anestezi Nedir? Anestezi, cerrahi ya da giri\u015fimsel i\u015flemler \u00f6ncesinde uygulanan ve hastan\u0131n a\u011fr\u0131 hissetmesini engelleyen t\u0131bbi bir y\u00f6ntemdir. Uygulama \u015fekline &hellip; <\/p>\n<p class=\"link-more\"><a href=\"https:\/\/drciniktipmerkezi.com\/tr\/anestezi-ve-reanimasyon\/\" class=\"more-link\"><span class=\"screen-reader-text\"> &#8220;Anestezi ve Reanimasyon&#8221;<\/span>devam\u0131n\u0131 oku<\/a><\/p>\n","protected":false},"author":2,"featured_media":0,"parent":0,"menu_order":0,"comment_status":"closed","ping_status":"closed","template":"elementor_header_footer","meta":{"footnotes":""},"class_list":["post-954","page","type-page","status-publish","hentry"],"_links":{"self":[{"href":"https:\/\/drciniktipmerkezi.com\/tr\/wp-json\/wp\/v2\/pages\/954","targetHints":{"allow":["GET"]}}],"collection":[{"href":"https:\/\/drciniktipmerkezi.com\/tr\/wp-json\/wp\/v2\/pages"}],"about":[{"href":"https:\/\/drciniktipmerkezi.com\/tr\/wp-json\/wp\/v2\/types\/page"}],"author":[{"embeddable":true,"href":"https:\/\/drciniktipmerkezi.com\/tr\/wp-json\/wp\/v2\/users\/2"}],"replies":[{"embeddable":true,"href":"https:\/\/drciniktipmerkezi.com\/tr\/wp-json\/wp\/v2\/comments?post=954"}],"version-history":[{"count":0,"href":"https:\/\/drciniktipmerkezi.com\/tr\/wp-json\/wp\/v2\/pages\/954\/revisions"}],"wp:attachment":[{"href":"https:\/\/drciniktipmerkezi.com\/tr\/wp-json\/wp\/v2\/media?parent=954"}],"curies":[{"name":"wp","href":"https:\/\/api.w.org\/{rel}","templated":true}]}}