{"id":952,"date":"2025-04-25T14:02:00","date_gmt":"2025-04-25T11:02:00","guid":{"rendered":"https:\/\/drciniktipmerkezi.com\/?page_id=952"},"modified":"2025-11-13T01:51:30","modified_gmt":"2025-11-12T22:51:30","slug":"ruh-ve-sinir-hastaliklari","status":"publish","type":"page","link":"https:\/\/drciniktipmerkezi.com\/tr\/ruh-ve-sinir-hastaliklari\/","title":{"rendered":"Ruh ve Sinir Hastal\u0131klar\u0131"},"content":{"rendered":"\t\t<div data-elementor-type=\"wp-page\" data-elementor-id=\"952\" class=\"elementor elementor-952\" data-elementor-post-type=\"page\">\n\t\t\t\t<div class=\"elementor-element elementor-element-180ac71 e-con-full e-flex e-con e-parent\" data-id=\"180ac71\" data-element_type=\"container\">\n\t\t\t\t<div class=\"elementor-element elementor-element-5b280e9 elementor-widget elementor-widget-text-editor\" data-id=\"5b280e9\" data-element_type=\"widget\" data-widget_type=\"text-editor.default\">\n\t\t\t\t\t\t\t\t\t<p><strong data-start=\"406\" data-end=\"435\">Ruh ve Sinir Hastal\u0131klar\u0131<\/strong>, insan beynini, sinir sistemini ve zihinsel sa\u011fl\u0131\u011f\u0131 etkileyen bozukluklar\u0131n tan\u0131, de\u011ferlendirme ve y\u00f6netimini kapsayan t\u0131bbi bir aland\u0131r.<\/p><p>Bu alan hem <strong data-start=\"586\" data-end=\"601\">psikiyatrik<\/strong> hem de <strong data-start=\"609\" data-end=\"622\">n\u00f6rolojik<\/strong> hastal\u0131klar\u0131 i\u00e7erir ve bireyin davran\u0131\u015f, d\u00fc\u015f\u00fcnce, duygulan\u0131m, haf\u0131za ve motor i\u015flevleriyle do\u011frudan ili\u015fkilidir.<\/p>\t\t\t\t\t\t\t\t<\/div>\n\t\t\t\t<\/div>\n\t\t<div class=\"elementor-element elementor-element-b9e8768 e-con-full e-flex e-con e-parent\" data-id=\"b9e8768\" data-element_type=\"container\">\n\t\t\t\t<div class=\"elementor-element elementor-element-7bda166 elementor-widget elementor-widget-image\" data-id=\"7bda166\" data-element_type=\"widget\" data-widget_type=\"image.default\">\n\t\t\t\t\t\t\t\t\t\t\t\t\t\t\t<img fetchpriority=\"high\" decoding=\"async\" width=\"1506\" height=\"391\" src=\"https:\/\/drciniktipmerkezi.com\/wp-content\/uploads\/2025\/05\/ruhvesinir.jpg\" class=\"attachment-inspiro-featured-image size-inspiro-featured-image wp-image-1120\" alt=\"\" srcset=\"https:\/\/drciniktipmerkezi.com\/wp-content\/uploads\/2025\/05\/ruhvesinir.jpg 1506w, https:\/\/drciniktipmerkezi.com\/wp-content\/uploads\/2025\/05\/ruhvesinir-300x78.jpg 300w, https:\/\/drciniktipmerkezi.com\/wp-content\/uploads\/2025\/05\/ruhvesinir-1024x266.jpg 1024w\" sizes=\"100vw\" \/>\t\t\t\t\t\t\t\t\t\t\t\t\t\t\t<\/div>\n\t\t\t\t<\/div>\n\t\t<div class=\"elementor-element elementor-element-d6bfc9c e-con-full e-flex e-con e-parent\" data-id=\"d6bfc9c\" data-element_type=\"container\">\n\t\t\t\t<div class=\"elementor-element elementor-element-1b45b66 elementor-widget elementor-widget-text-editor\" data-id=\"1b45b66\" data-element_type=\"widget\" data-widget_type=\"text-editor.default\">\n\t\t\t\t\t\t\t\t\t<h3 class=\"\" data-start=\"742\" data-end=\"767\">Ruhsal Hastal\u0131klar<\/h3><p class=\"\" data-start=\"769\" data-end=\"932\">Psikiyatrik hastal\u0131klar; bireyin duygu durumunu, d\u00fc\u015f\u00fcnce yap\u0131s\u0131n\u0131 ve sosyal i\u015flevselli\u011fini etkileyen bozukluklard\u0131r. En yayg\u0131n g\u00f6r\u00fclen ruhsal hastal\u0131klar aras\u0131nda:<\/p><ul><li data-start=\"936\" data-end=\"951\"><strong data-start=\"936\" data-end=\"949\">Depresyon<\/strong><\/li><li data-start=\"954\" data-end=\"990\"><strong data-start=\"954\" data-end=\"988\">Anksiyete (kayg\u0131) bozukluklar\u0131<\/strong><\/li><li data-start=\"993\" data-end=\"1015\"><strong data-start=\"993\" data-end=\"1013\">Bipolar bozukluk<\/strong><\/li><li data-start=\"1018\" data-end=\"1056\"><strong data-start=\"1018\" data-end=\"1054\">Obsesif kompulsif bozukluk (OKB)<\/strong><\/li><li data-start=\"1059\" data-end=\"1102\"><strong data-start=\"1059\" data-end=\"1100\">Travma sonras\u0131 stres bozuklu\u011fu (TSSB)<\/strong><\/li><li data-start=\"1105\" data-end=\"1144\"><strong data-start=\"1105\" data-end=\"1142\">\u015eizofreni ve psikotik bozukluklar<\/strong><\/li><li data-start=\"1147\" data-end=\"1190\"><strong data-start=\"1147\" data-end=\"1188\">Yeme bozukluklar\u0131 ve uyku problemleri<\/strong><\/li><\/ul><p>ruhsal dengenin bozulmas\u0131na yol a\u00e7abilir ve bireyin ya\u015fam kalitesini ciddi \u015fekilde etkileyebilir.<\/p>\t\t\t\t\t\t\t\t<\/div>\n\t\t\t\t<\/div>\n\t\t<div class=\"elementor-element elementor-element-26eee65 e-flex e-con-boxed e-con e-parent\" data-id=\"26eee65\" data-element_type=\"container\">\n\t\t\t\t\t<div class=\"e-con-inner\">\n\t\t\t\t<div class=\"elementor-element elementor-element-703f61d elementor-widget elementor-widget-image\" data-id=\"703f61d\" data-element_type=\"widget\" data-widget_type=\"image.default\">\n\t\t\t\t\t\t\t\t\t\t\t\t\t\t\t<img decoding=\"async\" width=\"950\" height=\"362\" src=\"https:\/\/drciniktipmerkezi.com\/wp-content\/uploads\/2025\/05\/ruhvesinir_2-1024x390.jpg\" class=\"attachment-large size-large wp-image-1118\" alt=\"\" srcset=\"https:\/\/drciniktipmerkezi.com\/wp-content\/uploads\/2025\/05\/ruhvesinir_2-1024x390.jpg 1024w, https:\/\/drciniktipmerkezi.com\/wp-content\/uploads\/2025\/05\/ruhvesinir_2-300x114.jpg 300w, https:\/\/drciniktipmerkezi.com\/wp-content\/uploads\/2025\/05\/ruhvesinir_2.jpg 1506w\" sizes=\"100vw\" \/>\t\t\t\t\t\t\t\t\t\t\t\t\t\t\t<\/div>\n\t\t\t\t\t<\/div>\n\t\t\t\t<\/div>\n\t\t<div class=\"elementor-element elementor-element-d43b045 e-con-full e-flex e-con e-parent\" data-id=\"d43b045\" data-element_type=\"container\">\n\t\t\t\t<div class=\"elementor-element elementor-element-0cf0325 elementor-widget elementor-widget-text-editor\" data-id=\"0cf0325\" data-element_type=\"widget\" data-widget_type=\"text-editor.default\">\n\t\t\t\t\t\t\t\t\t<h3 class=\"\" data-start=\"742\" data-end=\"767\">Sinir Sistemi Hastal\u0131klar\u0131<\/h3><p>N\u00f6rolojik hastal\u0131klar, beyin, omurilik ve periferik sinirleri etkileyen yap\u0131sal ya da fonksiyonel bozukluklard\u0131r. S\u0131k kar\u015f\u0131la\u015f\u0131lan n\u00f6rolojik hastal\u0131klardan baz\u0131lar\u0131:<\/p><ul><li data-start=\"1500\" data-end=\"1540\"><strong data-start=\"1500\" data-end=\"1538\">Migren ve di\u011fer ba\u015f a\u011fr\u0131s\u0131 t\u00fcrleri<\/strong><\/li><li data-start=\"1543\" data-end=\"1574\"><strong data-start=\"1543\" data-end=\"1572\">Epilepsi (sara hastal\u0131\u011f\u0131)<\/strong><\/li><li data-start=\"1577\" data-end=\"1602\"><strong data-start=\"1577\" data-end=\"1600\">Parkinson hastal\u0131\u011f\u0131<\/strong><\/li><li data-start=\"1605\" data-end=\"1631\"><strong data-start=\"1605\" data-end=\"1629\">Multipl Skleroz (MS)<\/strong><\/li><li data-start=\"1634\" data-end=\"1673\"><strong data-start=\"1634\" data-end=\"1671\">Alzheimer ve di\u011fer demans t\u00fcrleri<\/strong><\/li><li data-start=\"1676\" data-end=\"1719\"><strong data-start=\"1676\" data-end=\"1717\">Sinir s\u0131k\u0131\u015fmalar\u0131 ve kas hastal\u0131klar\u0131<\/strong><\/li><\/ul><p class=\"\" data-start=\"1721\" data-end=\"1836\">Bu hastal\u0131klar motor beceriler, haf\u0131za, konu\u015fma, denge ve refleks gibi temel i\u015flevlerde bozulmalara neden olabilir.<\/p><h3 class=\"\" data-start=\"1843\" data-end=\"1864\">Genel Yakla\u015f\u0131m<\/h3><p class=\"\" data-start=\"1866\" data-end=\"2145\">Ruh ve sinir hastal\u0131klar\u0131nda erken fark\u0131ndal\u0131k, d\u00fczenli de\u011ferlendirme ve bireysel \u00f6zelliklere uygun y\u00f6nlendirme, uzun vadeli zihinsel ve fiziksel sa\u011fl\u0131k i\u00e7in kritik \u00f6nem ta\u015f\u0131r. Bu t\u00fcr rahats\u0131zl\u0131klar, \u00e7o\u011fu zaman birbiriyle ili\u015fkili olup multidisipliner bir bak\u0131\u015f a\u00e7\u0131s\u0131 gerektirir.<\/p>\t\t\t\t\t\t\t\t<\/div>\n\t\t\t\t<div class=\"elementor-element elementor-element-a2f4451 elementor-widget elementor-widget-spacer\" data-id=\"a2f4451\" data-element_type=\"widget\" data-widget_type=\"spacer.default\">\n\t\t\t\t\t\t\t<div class=\"elementor-spacer\">\n\t\t\t<div class=\"elementor-spacer-inner\"><\/div>\n\t\t<\/div>\n\t\t\t\t\t\t<\/div>\n\t\t\t\t<\/div>\n\t\t\t\t<\/div>\n\t\t","protected":false},"excerpt":{"rendered":"<p>Ruh ve Sinir Hastal\u0131klar\u0131, insan beynini, sinir sistemini ve zihinsel sa\u011fl\u0131\u011f\u0131 etkileyen bozukluklar\u0131n tan\u0131, de\u011ferlendirme ve y\u00f6netimini kapsayan t\u0131bbi bir aland\u0131r. Bu alan hem psikiyatrik hem de n\u00f6rolojik hastal\u0131klar\u0131 i\u00e7erir ve bireyin davran\u0131\u015f, d\u00fc\u015f\u00fcnce, duygulan\u0131m, haf\u0131za ve motor i\u015flevleriyle do\u011frudan ili\u015fkilidir. Ruhsal Hastal\u0131klar Psikiyatrik hastal\u0131klar; bireyin duygu durumunu, d\u00fc\u015f\u00fcnce yap\u0131s\u0131n\u0131 ve sosyal i\u015flevselli\u011fini etkileyen bozukluklard\u0131r. &hellip; <\/p>\n<p class=\"link-more\"><a href=\"https:\/\/drciniktipmerkezi.com\/tr\/ruh-ve-sinir-hastaliklari\/\" class=\"more-link\"><span class=\"screen-reader-text\"> &#8220;Ruh ve Sinir Hastal\u0131klar\u0131&#8221;<\/span>devam\u0131n\u0131 oku<\/a><\/p>\n","protected":false},"author":2,"featured_media":0,"parent":0,"menu_order":0,"comment_status":"closed","ping_status":"closed","template":"elementor_header_footer","meta":{"footnotes":""},"class_list":["post-952","page","type-page","status-publish","hentry"],"_links":{"self":[{"href":"https:\/\/drciniktipmerkezi.com\/tr\/wp-json\/wp\/v2\/pages\/952","targetHints":{"allow":["GET"]}}],"collection":[{"href":"https:\/\/drciniktipmerkezi.com\/tr\/wp-json\/wp\/v2\/pages"}],"about":[{"href":"https:\/\/drciniktipmerkezi.com\/tr\/wp-json\/wp\/v2\/types\/page"}],"author":[{"embeddable":true,"href":"https:\/\/drciniktipmerkezi.com\/tr\/wp-json\/wp\/v2\/users\/2"}],"replies":[{"embeddable":true,"href":"https:\/\/drciniktipmerkezi.com\/tr\/wp-json\/wp\/v2\/comments?post=952"}],"version-history":[{"count":0,"href":"https:\/\/drciniktipmerkezi.com\/tr\/wp-json\/wp\/v2\/pages\/952\/revisions"}],"wp:attachment":[{"href":"https:\/\/drciniktipmerkezi.com\/tr\/wp-json\/wp\/v2\/media?parent=952"}],"curies":[{"name":"wp","href":"https:\/\/api.w.org\/{rel}","templated":true}]}}