{"id":941,"date":"2025-04-25T13:59:41","date_gmt":"2025-04-25T10:59:41","guid":{"rendered":"https:\/\/drciniktipmerkezi.com\/?page_id=941"},"modified":"2025-11-13T01:46:36","modified_gmt":"2025-11-12T22:46:36","slug":"kurumsal-amac-ve-hedefler","status":"publish","type":"page","link":"https:\/\/drciniktipmerkezi.com\/tr\/kurumsal-amac-ve-hedefler\/","title":{"rendered":"Kurumsal Ama\u00e7 ve Hedefler"},"content":{"rendered":"\t\t<div data-elementor-type=\"wp-page\" data-elementor-id=\"941\" class=\"elementor elementor-941\" data-elementor-post-type=\"page\">\n\t\t\t\t<div class=\"elementor-element elementor-element-8c8afe4 e-flex e-con-boxed e-con e-parent\" data-id=\"8c8afe4\" data-element_type=\"container\">\n\t\t\t\t\t<div class=\"e-con-inner\">\n\t\t\t\t<div class=\"elementor-element elementor-element-54ed77f elementor-widget elementor-widget-image\" data-id=\"54ed77f\" data-element_type=\"widget\" data-widget_type=\"image.default\">\n\t\t\t\t\t\t\t\t\t\t\t\t\t\t\t<img fetchpriority=\"high\" decoding=\"async\" width=\"950\" height=\"228\" src=\"https:\/\/drciniktipmerkezi.com\/wp-content\/uploads\/2025\/04\/1_23.jpg\" class=\"attachment-large size-large wp-image-1064\" alt=\"\" srcset=\"https:\/\/drciniktipmerkezi.com\/wp-content\/uploads\/2025\/04\/1_23.jpg 1000w, https:\/\/drciniktipmerkezi.com\/wp-content\/uploads\/2025\/04\/1_23-300x72.jpg 300w\" sizes=\"100vw\" \/>\t\t\t\t\t\t\t\t\t\t\t\t\t\t\t<\/div>\n\t\t\t\t<div class=\"elementor-element elementor-element-32a2591 elementor-widget elementor-widget-spacer\" data-id=\"32a2591\" data-element_type=\"widget\" data-widget_type=\"spacer.default\">\n\t\t\t\t\t\t\t<div class=\"elementor-spacer\">\n\t\t\t<div class=\"elementor-spacer-inner\"><\/div>\n\t\t<\/div>\n\t\t\t\t\t\t<\/div>\n\t\t\t\t\t<\/div>\n\t\t\t\t<\/div>\n\t\t<div class=\"elementor-element elementor-element-edc1fb5 e-flex e-con-boxed e-con e-parent\" data-id=\"edc1fb5\" data-element_type=\"container\">\n\t\t\t\t\t<div class=\"e-con-inner\">\n\t\t<div class=\"elementor-element elementor-element-35a619c e-con-full e-flex e-con e-child\" data-id=\"35a619c\" data-element_type=\"container\">\n\t\t\t\t<div class=\"elementor-element elementor-element-34f463e elementor-widget elementor-widget-heading\" data-id=\"34f463e\" data-element_type=\"widget\" data-widget_type=\"heading.default\">\n\t\t\t\t\t<h2 class=\"elementor-heading-title elementor-size-default\">- Hasta G\u00fcvenli\u011fini Sa\u011flamak<\/h2>\t\t\t\t<\/div>\n\t\t\t\t<\/div>\n\t\t<div class=\"elementor-element elementor-element-e925466 e-con-full e-flex e-con e-child\" data-id=\"e925466\" data-element_type=\"container\">\n\t\t\t\t<div class=\"elementor-element elementor-element-8c5edb2 elementor-widget elementor-widget-text-editor\" data-id=\"8c5edb2\" data-element_type=\"widget\" data-widget_type=\"text-editor.default\">\n\t\t\t\t\t\t\t\t\t<ul><li style=\"font-weight: 400;\" aria-level=\"2\"><span style=\"font-weight: 400;\">T\u0131p Merkezimizde hasta g\u00fcvenli\u011fini tehdit eden unsurlar\u0131 tespit ederek gerekli \u00f6nlemlerin al\u0131nmas\u0131n\u0131 sa\u011flamak<\/span><span style=\"font-weight: 400;\">.<\/span><\/li><\/ul>\t\t\t\t\t\t\t\t<\/div>\n\t\t\t\t<\/div>\n\t\t\t\t\t<\/div>\n\t\t\t\t<\/div>\n\t\t<div class=\"elementor-element elementor-element-12d98f1 e-flex e-con-boxed e-con e-parent\" data-id=\"12d98f1\" data-element_type=\"container\">\n\t\t\t\t\t<div class=\"e-con-inner\">\n\t\t<div class=\"elementor-element elementor-element-d3eadfb e-con-full e-flex e-con e-child\" data-id=\"d3eadfb\" data-element_type=\"container\">\n\t\t\t\t<div class=\"elementor-element elementor-element-d24e424 elementor-widget elementor-widget-heading\" data-id=\"d24e424\" data-element_type=\"widget\" data-widget_type=\"heading.default\">\n\t\t\t\t\t<h2 class=\"elementor-heading-title elementor-size-default\">- SA\u011eLIK H\u0130ZMETLER\u0130NDE KAL\u0130TEY\u0130 ARTIRMAK VE HASTA ODAKLILI\u011eI SA\u011eLAMAK<\/h2>\t\t\t\t<\/div>\n\t\t\t\t<\/div>\n\t\t<div class=\"elementor-element elementor-element-19108bb e-con-full e-flex e-con e-child\" data-id=\"19108bb\" data-element_type=\"container\">\n\t\t<div class=\"elementor-element elementor-element-10954c4 e-con-full e-flex e-con e-child\" data-id=\"10954c4\" data-element_type=\"container\">\n\t\t\t\t<div class=\"elementor-element elementor-element-94a1cd8 elementor-widget elementor-widget-text-editor\" data-id=\"94a1cd8\" data-element_type=\"widget\" data-widget_type=\"text-editor.default\">\n\t\t\t\t\t\t\t\t\t<ul><li style=\"font-weight: 400;\" aria-level=\"2\"><span style=\"font-weight: 400;\">T\u0131p Merkezimizde sunulan her t\u00fcrl\u00fc sa\u011fl\u0131k hizmetinin hasta memnuniyetini sa\u011flayacak \u015fekilde verilmesini sa\u011flamak<\/span><\/li><li style=\"font-weight: 400;\" aria-level=\"2\"><span style=\"font-weight: 400;\">Sa\u011fl\u0131kta Kalite Standartlar\u0131n\u0131 eksiksiz bir \u015fekilde t\u00fcm birimlerde uygulamak. Etkinlik, etkililik, verimlilik, hasta g\u00fcvenli\u011fi ve sa\u011fl\u0131kl\u0131 \u00e7al\u0131\u015fma ya\u015fam\u0131n\u0131 baz alan kalite uyumunu art\u0131rmak.<\/span><\/li><\/ul>\t\t\t\t\t\t\t\t<\/div>\n\t\t\t\t<\/div>\n\t\t\t\t<\/div>\n\t\t\t\t\t<\/div>\n\t\t\t\t<\/div>\n\t\t<div class=\"elementor-element elementor-element-c0841f4 e-flex e-con-boxed e-con e-parent\" data-id=\"c0841f4\" data-element_type=\"container\">\n\t\t\t\t\t<div class=\"e-con-inner\">\n\t\t<div class=\"elementor-element elementor-element-1cc0278 e-con-full e-flex e-con e-child\" data-id=\"1cc0278\" data-element_type=\"container\">\n\t\t<div class=\"elementor-element elementor-element-5779bb5 e-con-full e-flex e-con e-child\" data-id=\"5779bb5\" data-element_type=\"container\">\n\t\t\t\t<div class=\"elementor-element elementor-element-4cf807d elementor-widget elementor-widget-heading\" data-id=\"4cf807d\" data-element_type=\"widget\" data-widget_type=\"heading.default\">\n\t\t\t\t\t<h2 class=\"elementor-heading-title elementor-size-default\">- SA\u011eLIKLI \u00c7ALI\u015eMA YA\u015eAMI OLU\u015eTURMAK VE UYGUNLUK SA\u011eLAMAK<\/h2>\t\t\t\t<\/div>\n\t\t\t\t<\/div>\n\t\t\t\t<\/div>\n\t\t<div class=\"elementor-element elementor-element-0af875a e-con-full e-flex e-con e-child\" data-id=\"0af875a\" data-element_type=\"container\">\n\t\t\t\t<div class=\"elementor-element elementor-element-7146ea6 elementor-widget elementor-widget-text-editor\" data-id=\"7146ea6\" data-element_type=\"widget\" data-widget_type=\"text-editor.default\">\n\t\t\t\t\t\t\t\t\t<ul><li style=\"font-weight: 400;\" aria-level=\"2\"><span style=\"font-weight: 400;\">T\u0131p Merkezimizde sa\u011fl\u0131k hizmeti veren sa\u011fl\u0131k \u00e7al\u0131\u015fanlar\u0131n\u0131n memnuniyetlerini \u00fcst d\u00fczeyde tutmak.\u00a0<\/span><\/li><li style=\"font-weight: 400;\" aria-level=\"2\"><span style=\"font-weight: 400;\">Sa\u011fl\u0131k \u00e7al\u0131\u015fanlar\u0131n\u0131n ba\u011f\u0131\u015f\u0131klama ve rutin muayenelerinin \u0130SG Mevzuat\u0131 kapsam\u0131nda yap\u0131lmas\u0131n\u0131 sa\u011flamak.\u00a0<\/span><\/li><li style=\"font-weight: 400;\" aria-level=\"2\"><span style=\"font-weight: 400;\">Uygun i\u015fe uygun kriterde personel istihdam ederek, yap\u0131lmas\u0131na karar verilen i\u015flem ve s\u00fcre\u00e7lerde ki\u015finin zarardan \u00e7ok fayda sa\u011flamak<\/span><span style=\"font-weight: 400;\">.<\/span><\/li><\/ul>\t\t\t\t\t\t\t\t<\/div>\n\t\t\t\t<\/div>\n\t\t\t\t\t<\/div>\n\t\t\t\t<\/div>\n\t\t<div class=\"elementor-element elementor-element-b375fbd e-flex e-con-boxed e-con e-parent\" data-id=\"b375fbd\" data-element_type=\"container\">\n\t\t\t\t\t<div class=\"e-con-inner\">\n\t\t<div class=\"elementor-element elementor-element-7a14db9 e-con-full e-flex e-con e-child\" data-id=\"7a14db9\" data-element_type=\"container\">\n\t\t\t\t<div class=\"elementor-element elementor-element-e207dc3 elementor-widget elementor-widget-heading\" data-id=\"e207dc3\" data-element_type=\"widget\" data-widget_type=\"heading.default\">\n\t\t\t\t\t<h2 class=\"elementor-heading-title elementor-size-default\">- TIP MERKEZ\u0130M\u0130Z\u0130N MEVCUT YAPISINDAK\u0130 EKS\u0130KL\u0130KLER\u0130 TESP\u0130T ETMEK, \u0130Y\u0130LE\u015eT\u0130RMEK VE KAYNAKLARI ETK\u0130N KULLANARAK B\u00dcY\u00dcMEY\u0130 SA\u011eLAMAK.<\/h2>\t\t\t\t<\/div>\n\t\t\t\t<\/div>\n\t\t<div class=\"elementor-element elementor-element-fbf1b06 e-con-full e-flex e-con e-child\" data-id=\"fbf1b06\" data-element_type=\"container\">\n\t\t\t\t<div class=\"elementor-element elementor-element-fff111b elementor-widget elementor-widget-text-editor\" data-id=\"fff111b\" data-element_type=\"widget\" data-widget_type=\"text-editor.default\">\n\t\t\t\t\t\t\t\t\t<ul><li style=\"font-weight: 400;\" aria-level=\"2\"><span style=\"font-weight: 400;\">Eksikliklerin tespiti sonras\u0131 ka\u00e7aklara sebep olan fakt\u00f6rleri ortadan kald\u0131rmak<\/span><span style=\"font-weight: 400;\">.<\/span><\/li><\/ul>\t\t\t\t\t\t\t\t<\/div>\n\t\t\t\t<\/div>\n\t\t\t\t\t<\/div>\n\t\t\t\t<\/div>\n\t\t<div class=\"elementor-element elementor-element-6058498 e-flex e-con-boxed e-con e-parent\" data-id=\"6058498\" data-element_type=\"container\">\n\t\t\t\t\t<div class=\"e-con-inner\">\n\t\t<div class=\"elementor-element elementor-element-27beb57 e-con-full e-flex e-con e-child\" data-id=\"27beb57\" data-element_type=\"container\">\n\t\t\t\t<div class=\"elementor-element elementor-element-3010481 elementor-widget elementor-widget-heading\" data-id=\"3010481\" data-element_type=\"widget\" data-widget_type=\"heading.default\">\n\t\t\t\t\t<h2 class=\"elementor-heading-title elementor-size-default\">- TIP MERKEZ\u0130 H\u0130ZMETLER\u0130NDE ZAMANLILI\u011eI SA\u011eLAMAK.\t\n<\/h2>\t\t\t\t<\/div>\n\t\t\t\t<\/div>\n\t\t<div class=\"elementor-element elementor-element-1c3046b e-con-full e-flex e-con e-child\" data-id=\"1c3046b\" data-element_type=\"container\">\n\t\t\t\t<div class=\"elementor-element elementor-element-f6931c5 elementor-widget elementor-widget-text-editor\" data-id=\"f6931c5\" data-element_type=\"widget\" data-widget_type=\"text-editor.default\">\n\t\t\t\t\t\t\t\t\t<ul><li style=\"font-weight: 400;\" aria-level=\"2\"><span style=\"font-weight: 400;\">T\u0131p Merkezimizdeki t\u00fcm randevular\u0131n muayene zaman aral\u0131\u011f\u0131 belirlenerek verilmesini sa\u011flamak.<\/span><\/li><li style=\"font-weight: 400;\" aria-level=\"2\"><span style=\"font-weight: 400;\">Hasta \u015fikayetlerini azaltarak memnuniyeti sa\u011flamak.<\/span><\/li><li style=\"font-weight: 400;\" aria-level=\"2\"><span style=\"font-weight: 400;\">hastalar\u0131n te\u015fhis, tedavi ve bak\u0131m hizmetlerinin hastan\u0131n ihtiya\u00e7lar\u0131n\u0131 kar\u015f\u0131layabilecek bir zaman\u00a0 aral\u0131\u011f\u0131nda sonu\u00e7lanmas\u0131n\u0131 sa\u011flamak<\/span><span style=\"font-weight: 400;\">.<\/span><\/li><\/ul>\t\t\t\t\t\t\t\t<\/div>\n\t\t\t\t<\/div>\n\t\t\t\t\t<\/div>\n\t\t\t\t<\/div>\n\t\t<div class=\"elementor-element elementor-element-9fffd33 e-flex e-con-boxed e-con e-parent\" data-id=\"9fffd33\" data-element_type=\"container\">\n\t\t\t\t\t<div class=\"e-con-inner\">\n\t\t<div class=\"elementor-element elementor-element-2a795d1 e-con-full e-flex e-con e-child\" data-id=\"2a795d1\" data-element_type=\"container\">\n\t\t\t\t<div class=\"elementor-element elementor-element-6f9589b elementor-widget elementor-widget-heading\" data-id=\"6f9589b\" data-element_type=\"widget\" data-widget_type=\"heading.default\">\n\t\t\t\t\t<h2 class=\"elementor-heading-title elementor-size-default\">- TIP MERKEZ\u0130 \u0130\u015eLETMEC\u0130L\u0130\u011e\u0130NDE VER\u0130ML\u0130L\u0130\u011e\u0130 ARTITRMAK.<\/h2>\t\t\t\t<\/div>\n\t\t\t\t<\/div>\n\t\t<div class=\"elementor-element elementor-element-5a0f923 e-con-full e-flex e-con e-child\" data-id=\"5a0f923\" data-element_type=\"container\">\n\t\t\t\t<div class=\"elementor-element elementor-element-263cde2 elementor-widget elementor-widget-text-editor\" data-id=\"263cde2\" data-element_type=\"widget\" data-widget_type=\"text-editor.default\">\n\t\t\t\t\t\t\t\t\t<ul><li style=\"font-weight: 400;\" aria-level=\"2\"><span style=\"font-weight: 400;\">T\u0131p Merkezimizin fiziki alan yetersizli\u011fi olan hizmet birimlerinin yap\u0131lacak d\u00fczenlemelerle daha uygun alanlara ta\u015f\u0131nmas\u0131n\u0131 sa\u011flamak.\u00a0<\/span><\/li><li style=\"font-weight: 400;\" aria-level=\"2\"><span style=\"font-weight: 400;\">\u0130htiya\u00e7lar do\u011frultusunda T\u0131p Merkezide \u00e7al\u0131\u015facak idari ve sa\u011fl\u0131k personel say\u0131s\u0131n\u0131 art\u0131rmak.<\/span><\/li><li style=\"font-weight: 400;\" aria-level=\"2\"><span style=\"font-weight: 400;\">Gelir art\u0131r\u0131c\u0131 politikalar olu\u015fturmak.<\/span><\/li><li style=\"font-weight: 400;\" aria-level=\"2\"><span style=\"font-weight: 400;\">Gider azalt\u0131c\u0131 faaliyetlerde bulunmak.<\/span><\/li><\/ul>\t\t\t\t\t\t\t\t<\/div>\n\t\t\t\t<\/div>\n\t\t\t\t\t<\/div>\n\t\t\t\t<\/div>\n\t\t<div class=\"elementor-element elementor-element-df8ccde e-flex e-con-boxed e-con e-parent\" data-id=\"df8ccde\" data-element_type=\"container\">\n\t\t\t\t\t<div class=\"e-con-inner\">\n\t\t<div class=\"elementor-element elementor-element-d51ba67 e-con-full e-flex e-con e-child\" data-id=\"d51ba67\" data-element_type=\"container\">\n\t\t\t\t<div class=\"elementor-element elementor-element-6ec051c elementor-widget elementor-widget-heading\" data-id=\"6ec051c\" data-element_type=\"widget\" data-widget_type=\"heading.default\">\n\t\t\t\t\t<h2 class=\"elementor-heading-title elementor-size-default\">- TIP MERKEZ\u0130 PERSONEL\u0130N\u0130 N\u0130TEL\u0130K VE N\u0130CEL\u0130K Y\u00d6N\u00dcNDEN GEL\u0130\u015eT\u0130RMEK.<\/h2>\t\t\t\t<\/div>\n\t\t\t\t<\/div>\n\t\t<div class=\"elementor-element elementor-element-9608253 e-con-full e-flex e-con e-child\" data-id=\"9608253\" data-element_type=\"container\">\n\t\t\t\t<div class=\"elementor-element elementor-element-553e8d0 elementor-widget elementor-widget-text-editor\" data-id=\"553e8d0\" data-element_type=\"widget\" data-widget_type=\"text-editor.default\">\n\t\t\t\t\t\t\t\t\t<ul><li style=\"font-weight: 400;\" aria-level=\"2\"><span style=\"font-weight: 400;\">\u0130htiya\u00e7lar do\u011frultusunda T\u0131p Merkezide \u00e7al\u0131\u015facak kalifiye eleman say\u0131s\u0131n\u0131 art\u0131rmak.<\/span><\/li><li style=\"font-weight: 400;\" aria-level=\"2\"><span style=\"font-weight: 400;\">\u00c7al\u0131\u015fanlara y\u00f6nelik ki\u015fisel geli\u015fim e\u011fitimleri vermek.<\/span><\/li><li style=\"font-weight: 400;\" aria-level=\"2\"><span style=\"font-weight: 400;\">Sa\u011fl\u0131k \u00e7al\u0131\u015fanlar\u0131na mesleki sertifikasyon kazand\u0131rmak.<\/span><\/li><li style=\"font-weight: 400;\" aria-level=\"2\"><span style=\"font-weight: 400;\">T\u0131p Merkezi \u00e7al\u0131\u015fanlar\u0131na hizmet i\u00e7i e\u011fitim faaliyetleri d\u00fczenlemek.<\/span><\/li><\/ul>\t\t\t\t\t\t\t\t<\/div>\n\t\t\t\t<\/div>\n\t\t\t\t\t<\/div>\n\t\t\t\t<\/div>\n\t\t<div class=\"elementor-element elementor-element-53fa519 e-flex e-con-boxed e-con e-parent\" data-id=\"53fa519\" data-element_type=\"container\">\n\t\t\t\t\t<div class=\"e-con-inner\">\n\t\t<div class=\"elementor-element elementor-element-2c5d8e5 e-con-full e-flex e-con e-child\" data-id=\"2c5d8e5\" data-element_type=\"container\">\n\t\t\t\t<div class=\"elementor-element elementor-element-feb9973 elementor-widget elementor-widget-heading\" data-id=\"feb9973\" data-element_type=\"widget\" data-widget_type=\"heading.default\">\n\t\t\t\t\t<h2 class=\"elementor-heading-title elementor-size-default\">- TIP MERKEZ\u0130 ALT YAPI VE DONANIM EKS\u0130KL\u0130KLER\u0130N\u0130 G\u0130DERMEK VE S\u00dcREKL\u0130L\u0130\u011e\u0130 SA\u011eLAMAK<\/h2>\t\t\t\t<\/div>\n\t\t\t\t<\/div>\n\t\t<div class=\"elementor-element elementor-element-bc8b2d8 e-con-full e-flex e-con e-child\" data-id=\"bc8b2d8\" data-element_type=\"container\">\n\t\t\t\t<div class=\"elementor-element elementor-element-8e323b1 elementor-widget elementor-widget-text-editor\" data-id=\"8e323b1\" data-element_type=\"widget\" data-widget_type=\"text-editor.default\">\n\t\t\t\t\t\t\t\t\t<ul><li style=\"font-weight: 400;\" aria-level=\"2\"><span style=\"font-weight: 400;\">T\u0131p Merkezimiz binas\u0131nda gerekli g\u00f6r\u00fclen tamir ve tadilatlar\u0131n SKS&#8217;ye uygun yap\u0131lmas\u0131n\u0131 sa\u011flamak.<\/span><\/li><li style=\"font-weight: 400;\" aria-level=\"2\"><span style=\"font-weight: 400;\">T\u0131p Merkezinin teknik alt yap\u0131s\u0131na y\u00f6nelik zaman i\u00e7inde ortaya \u00e7\u0131kan cihaz ve donan\u0131m eksikliklerinin giderilmesini sa\u011flamak.<\/span><\/li><li style=\"font-weight: 400;\" aria-level=\"2\"><span style=\"font-weight: 400;\">T\u0131p Merkezimiz g\u00f6rsel alanlar\u0131n\u0131n modernize edilmesini sa\u011flamak.<\/span><\/li><\/ul>\t\t\t\t\t\t\t\t<\/div>\n\t\t\t\t<\/div>\n\t\t\t\t\t<\/div>\n\t\t\t\t<\/div>\n\t\t<div class=\"elementor-element elementor-element-2d6fe4e e-flex e-con-boxed e-con e-parent\" data-id=\"2d6fe4e\" data-element_type=\"container\">\n\t\t\t\t\t<div class=\"e-con-inner\">\n\t\t\t\t<div class=\"elementor-element elementor-element-620df1d elementor-widget elementor-widget-heading\" data-id=\"620df1d\" data-element_type=\"widget\" data-widget_type=\"heading.default\">\n\t\t\t\t\t<h2 class=\"elementor-heading-title elementor-size-default\">HASTA, HASTA YAKINLARI, TIP MERKEZ\u0130 \u00c7ALI\u015eANLARI VE TIP MERKEZ\u0130 Y\u00d6NET\u0130M\u0130 ARASINDA \u0130LET\u0130\u015e\u0130M\u0130 \u0130Y\u0130LE\u015eT\u0130RMEK.\n<\/h2>\t\t\t\t<\/div>\n\t\t\t\t\t<\/div>\n\t\t\t\t<\/div>\n\t\t<div class=\"elementor-element elementor-element-940d934 e-flex e-con-boxed e-con e-parent\" data-id=\"940d934\" data-element_type=\"container\">\n\t\t\t\t\t<div class=\"e-con-inner\">\n\t\t\t\t<div class=\"elementor-element elementor-element-54afef0 elementor-widget elementor-widget-spacer\" data-id=\"54afef0\" data-element_type=\"widget\" data-widget_type=\"spacer.default\">\n\t\t\t\t\t\t\t<div class=\"elementor-spacer\">\n\t\t\t<div class=\"elementor-spacer-inner\"><\/div>\n\t\t<\/div>\n\t\t\t\t\t\t<\/div>\n\t\t\t\t\t<\/div>\n\t\t\t\t<\/div>\n\t\t\t\t<\/div>\n\t\t","protected":false},"excerpt":{"rendered":"<p>&#8211; Hasta G\u00fcvenli\u011fini Sa\u011flamak T\u0131p Merkezimizde hasta g\u00fcvenli\u011fini tehdit eden unsurlar\u0131 tespit ederek gerekli \u00f6nlemlerin al\u0131nmas\u0131n\u0131 sa\u011flamak. &#8211; SA\u011eLIK H\u0130ZMETLER\u0130NDE KAL\u0130TEY\u0130 ARTIRMAK VE HASTA ODAKLILI\u011eI SA\u011eLAMAK T\u0131p Merkezimizde sunulan her t\u00fcrl\u00fc sa\u011fl\u0131k hizmetinin hasta memnuniyetini sa\u011flayacak \u015fekilde verilmesini sa\u011flamak Sa\u011fl\u0131kta Kalite Standartlar\u0131n\u0131 eksiksiz bir \u015fekilde t\u00fcm birimlerde uygulamak. Etkinlik, etkililik, verimlilik, hasta g\u00fcvenli\u011fi ve sa\u011fl\u0131kl\u0131 &hellip; <\/p>\n<p class=\"link-more\"><a href=\"https:\/\/drciniktipmerkezi.com\/tr\/kurumsal-amac-ve-hedefler\/\" class=\"more-link\"><span class=\"screen-reader-text\"> &#8220;Kurumsal Ama\u00e7 ve Hedefler&#8221;<\/span>devam\u0131n\u0131 oku<\/a><\/p>\n","protected":false},"author":2,"featured_media":0,"parent":0,"menu_order":0,"comment_status":"closed","ping_status":"closed","template":"elementor_header_footer","meta":{"footnotes":""},"class_list":["post-941","page","type-page","status-publish","hentry"],"_links":{"self":[{"href":"https:\/\/drciniktipmerkezi.com\/tr\/wp-json\/wp\/v2\/pages\/941","targetHints":{"allow":["GET"]}}],"collection":[{"href":"https:\/\/drciniktipmerkezi.com\/tr\/wp-json\/wp\/v2\/pages"}],"about":[{"href":"https:\/\/drciniktipmerkezi.com\/tr\/wp-json\/wp\/v2\/types\/page"}],"author":[{"embeddable":true,"href":"https:\/\/drciniktipmerkezi.com\/tr\/wp-json\/wp\/v2\/users\/2"}],"replies":[{"embeddable":true,"href":"https:\/\/drciniktipmerkezi.com\/tr\/wp-json\/wp\/v2\/comments?post=941"}],"version-history":[{"count":0,"href":"https:\/\/drciniktipmerkezi.com\/tr\/wp-json\/wp\/v2\/pages\/941\/revisions"}],"wp:attachment":[{"href":"https:\/\/drciniktipmerkezi.com\/tr\/wp-json\/wp\/v2\/media?parent=941"}],"curies":[{"name":"wp","href":"https:\/\/api.w.org\/{rel}","templated":true}]}}