{"id":939,"date":"2025-04-25T13:59:27","date_gmt":"2025-04-25T10:59:27","guid":{"rendered":"https:\/\/drciniktipmerkezi.com\/?page_id=939"},"modified":"2025-11-10T15:20:09","modified_gmt":"2025-11-10T12:20:09","slug":"kalite-yonetim-sistemi","status":"publish","type":"page","link":"https:\/\/drciniktipmerkezi.com\/tr\/kalite-yonetim-sistemi\/","title":{"rendered":"Kalite Y\u00f6netim Sistemi"},"content":{"rendered":"\t\t<div data-elementor-type=\"wp-page\" data-elementor-id=\"939\" class=\"elementor elementor-939\" data-elementor-post-type=\"page\">\n\t\t\t\t<div class=\"elementor-element elementor-element-c29cd37 e-flex e-con-boxed e-con e-parent\" data-id=\"c29cd37\" data-element_type=\"container\">\n\t\t\t\t\t<div class=\"e-con-inner\">\n\t\t<div class=\"elementor-element elementor-element-d71c1c8 e-grid e-con-full e-con e-child\" data-id=\"d71c1c8\" data-element_type=\"container\" data-settings=\"{&quot;background_background&quot;:&quot;classic&quot;}\">\n\t\t\t\t<div class=\"elementor-element elementor-element-3ed9bc3 elementor-view-default elementor-position-top elementor-mobile-position-top elementor-widget elementor-widget-icon-box\" data-id=\"3ed9bc3\" data-element_type=\"widget\" data-widget_type=\"icon-box.default\">\n\t\t\t\t\t\t\t<div class=\"elementor-icon-box-wrapper\">\n\n\t\t\t\t\t\t<div class=\"elementor-icon-box-icon\">\n\t\t\t\t<a href=\"https:\/\/drciniktipmerkezi.com\/wp-content\/uploads\/2025\/11\/KKY.YD_.01-KALITE-YONETIMI-ORGANIZASYON-SEMASI.pdf\" class=\"elementor-icon elementor-animation-push\" tabindex=\"-1\" aria-label=\"Kalite Y\u00f6netim Sistemi\">\n\t\t\t\t<svg aria-hidden=\"true\" class=\"e-font-icon-svg e-fas-angle-double-down\" viewBox=\"0 0 320 512\" xmlns=\"http:\/\/www.w3.org\/2000\/svg\"><path d=\"M143 256.3L7 120.3c-9.4-9.4-9.4-24.6 0-33.9l22.6-22.6c9.4-9.4 24.6-9.4 33.9 0l96.4 96.4 96.4-96.4c9.4-9.4 24.6-9.4 33.9 0L313 86.3c9.4 9.4 9.4 24.6 0 33.9l-136 136c-9.4 9.5-24.6 9.5-34 .1zm34 192l136-136c9.4-9.4 9.4-24.6 0-33.9l-22.6-22.6c-9.4-9.4-24.6-9.4-33.9 0L160 352.1l-96.4-96.4c-9.4-9.4-24.6-9.4-33.9 0L7 278.3c-9.4 9.4-9.4 24.6 0 33.9l136 136c9.4 9.5 24.6 9.5 34 .1z\"><\/path><\/svg>\t\t\t\t<\/a>\n\t\t\t<\/div>\n\t\t\t\n\t\t\t\t\t\t<div class=\"elementor-icon-box-content\">\n\n\t\t\t\t\t\t\t\t\t<h3 class=\"elementor-icon-box-title\">\n\t\t\t\t\t\t<a href=\"https:\/\/drciniktipmerkezi.com\/wp-content\/uploads\/2025\/11\/KKY.YD_.01-KALITE-YONETIMI-ORGANIZASYON-SEMASI.pdf\" >\n\t\t\t\t\t\t\tKalite Y\u00f6netim Sistemi\t\t\t\t\t\t<\/a>\n\t\t\t\t\t<\/h3>\n\t\t\t\t\n\t\t\t\t\n\t\t\t<\/div>\n\t\t\t\n\t\t<\/div>\n\t\t\t\t\t\t<\/div>\n\t\t\t\t<div class=\"elementor-element elementor-element-ccbdada elementor-view-default elementor-position-top elementor-mobile-position-top elementor-widget elementor-widget-icon-box\" data-id=\"ccbdada\" data-element_type=\"widget\" data-widget_type=\"icon-box.default\">\n\t\t\t\t\t\t\t<div class=\"elementor-icon-box-wrapper\">\n\n\t\t\t\t\t\t<div class=\"elementor-icon-box-icon\">\n\t\t\t\t<a href=\"https:\/\/drciniktipmerkezi.com\/wp-content\/uploads\/2025\/11\/KKY.PR_.03-KALITE-YONETIM-BIRIMI-CALISMA-PROSEDURU.pdf\" class=\"elementor-icon elementor-animation-push\" tabindex=\"-1\" aria-label=\"Kalite Y\u00f6netimi Birimi \u00c7al\u0131\u015fma Prosed\u00fcr\u00fc\">\n\t\t\t\t<svg aria-hidden=\"true\" class=\"e-font-icon-svg e-fas-angle-double-down\" viewBox=\"0 0 320 512\" xmlns=\"http:\/\/www.w3.org\/2000\/svg\"><path d=\"M143 256.3L7 120.3c-9.4-9.4-9.4-24.6 0-33.9l22.6-22.6c9.4-9.4 24.6-9.4 33.9 0l96.4 96.4 96.4-96.4c9.4-9.4 24.6-9.4 33.9 0L313 86.3c9.4 9.4 9.4 24.6 0 33.9l-136 136c-9.4 9.5-24.6 9.5-34 .1zm34 192l136-136c9.4-9.4 9.4-24.6 0-33.9l-22.6-22.6c-9.4-9.4-24.6-9.4-33.9 0L160 352.1l-96.4-96.4c-9.4-9.4-24.6-9.4-33.9 0L7 278.3c-9.4 9.4-9.4 24.6 0 33.9l136 136c9.4 9.5 24.6 9.5 34 .1z\"><\/path><\/svg>\t\t\t\t<\/a>\n\t\t\t<\/div>\n\t\t\t\n\t\t\t\t\t\t<div class=\"elementor-icon-box-content\">\n\n\t\t\t\t\t\t\t\t\t<h3 class=\"elementor-icon-box-title\">\n\t\t\t\t\t\t<a href=\"https:\/\/drciniktipmerkezi.com\/wp-content\/uploads\/2025\/11\/KKY.PR_.03-KALITE-YONETIM-BIRIMI-CALISMA-PROSEDURU.pdf\" >\n\t\t\t\t\t\t\tKalite Y\u00f6netimi Birimi \u00c7al\u0131\u015fma Prosed\u00fcr\u00fc\t\t\t\t\t\t<\/a>\n\t\t\t\t\t<\/h3>\n\t\t\t\t\n\t\t\t\t\n\t\t\t<\/div>\n\t\t\t\n\t\t<\/div>\n\t\t\t\t\t\t<\/div>\n\t\t\t\t<\/div>\n\t\t\t\t\t<\/div>\n\t\t\t\t<\/div>\n\t\t\t\t<\/div>\n\t\t","protected":false},"excerpt":{"rendered":"<p>Kalite Y\u00f6netim Sistemi Kalite Y\u00f6netimi Birimi \u00c7al\u0131\u015fma Prosed\u00fcr\u00fc<\/p>\n","protected":false},"author":2,"featured_media":0,"parent":0,"menu_order":0,"comment_status":"closed","ping_status":"closed","template":"elementor_header_footer","meta":{"footnotes":""},"class_list":["post-939","page","type-page","status-publish","hentry"],"_links":{"self":[{"href":"https:\/\/drciniktipmerkezi.com\/tr\/wp-json\/wp\/v2\/pages\/939","targetHints":{"allow":["GET"]}}],"collection":[{"href":"https:\/\/drciniktipmerkezi.com\/tr\/wp-json\/wp\/v2\/pages"}],"about":[{"href":"https:\/\/drciniktipmerkezi.com\/tr\/wp-json\/wp\/v2\/types\/page"}],"author":[{"embeddable":true,"href":"https:\/\/drciniktipmerkezi.com\/tr\/wp-json\/wp\/v2\/users\/2"}],"replies":[{"embeddable":true,"href":"https:\/\/drciniktipmerkezi.com\/tr\/wp-json\/wp\/v2\/comments?post=939"}],"version-history":[{"count":0,"href":"https:\/\/drciniktipmerkezi.com\/tr\/wp-json\/wp\/v2\/pages\/939\/revisions"}],"wp:attachment":[{"href":"https:\/\/drciniktipmerkezi.com\/tr\/wp-json\/wp\/v2\/media?parent=939"}],"curies":[{"name":"wp","href":"https:\/\/api.w.org\/{rel}","templated":true}]}}