{"id":933,"date":"2025-04-25T13:58:38","date_gmt":"2025-04-25T10:58:38","guid":{"rendered":"https:\/\/drciniktipmerkezi.com\/?page_id=933"},"modified":"2025-11-13T01:48:13","modified_gmt":"2025-11-12T22:48:13","slug":"misyon-vizyon-degerler","status":"publish","type":"page","link":"https:\/\/drciniktipmerkezi.com\/tr\/misyon-vizyon-degerler\/","title":{"rendered":"Misyon, Vizyon De\u011ferler"},"content":{"rendered":"\t\t<div data-elementor-type=\"wp-page\" data-elementor-id=\"933\" class=\"elementor elementor-933\" data-elementor-post-type=\"page\">\n\t\t\t\t<div class=\"elementor-element elementor-element-0cb93cc e-flex e-con-boxed e-con e-parent\" data-id=\"0cb93cc\" data-element_type=\"container\">\n\t\t\t\t\t<div class=\"e-con-inner\">\n\t\t\t\t<div class=\"elementor-element elementor-element-b5e5af3 elementor-widget elementor-widget-image\" data-id=\"b5e5af3\" data-element_type=\"widget\" data-widget_type=\"image.default\">\n\t\t\t\t\t\t\t\t\t\t\t\t\t\t\t<img fetchpriority=\"high\" decoding=\"async\" width=\"950\" height=\"228\" src=\"https:\/\/drciniktipmerkezi.com\/wp-content\/uploads\/2025\/04\/1_23.jpg\" class=\"attachment-large size-large wp-image-1064\" alt=\"\" srcset=\"https:\/\/drciniktipmerkezi.com\/wp-content\/uploads\/2025\/04\/1_23.jpg 1000w, https:\/\/drciniktipmerkezi.com\/wp-content\/uploads\/2025\/04\/1_23-300x72.jpg 300w\" sizes=\"100vw\" \/>\t\t\t\t\t\t\t\t\t\t\t\t\t\t\t<\/div>\n\t\t\t\t\t<\/div>\n\t\t\t\t<\/div>\n\t\t<div class=\"elementor-element elementor-element-bee2cf2 e-flex e-con-boxed e-con e-parent\" data-id=\"bee2cf2\" data-element_type=\"container\">\n\t\t\t\t\t<div class=\"e-con-inner\">\n\t\t\t\t<div class=\"elementor-element elementor-element-5acfa4e elementor-widget-divider--view-line elementor-widget elementor-widget-divider\" data-id=\"5acfa4e\" data-element_type=\"widget\" data-widget_type=\"divider.default\">\n\t\t\t\t\t\t\t<div class=\"elementor-divider\">\n\t\t\t<span class=\"elementor-divider-separator\">\n\t\t\t\t\t\t<\/span>\n\t\t<\/div>\n\t\t\t\t\t\t<\/div>\n\t\t\t\t<div class=\"elementor-element elementor-element-e697620 elementor-widget elementor-widget-text-editor\" data-id=\"e697620\" data-element_type=\"widget\" data-widget_type=\"text-editor.default\">\n\t\t\t\t\t\t\t\t\t<p dir=\"ltr\"><strong>M\u0130SYONUMUZ<\/strong><br \/><br \/>Temel de\u011ferlerimizi ilke edinen, sa\u011fl\u0131k sekt\u00f6r\u00fcnde uluslararas\u0131 standartlarda hizmet sundu\u011fumuz; hasta ve \u00e7al\u0131\u015fan g\u00fcvenli\u011fi odakl\u0131 hizmetlerimiz ile misafir hastalar\u0131m\u0131z\u0131n kendilerini g\u00fcvende hissettikleri, hasta haklar\u0131na sayg\u0131l\u0131, global standartlarda sa\u011fl\u0131k hizmeti anlay\u0131\u015f\u0131 ile koruyucu ve sa\u011fl\u0131\u011f\u0131 geli\u015ftirici etkin, s\u00fcrd\u00fcr\u00fclebilir tedavi hizmeti politikas\u0131yla sa\u011fl\u0131k sekt\u00f6r\u00fcnde ve sa\u011fl\u0131k turizminde ad\u0131ndan s\u00f6z ettiren kurumlar aras\u0131nda yer almak.\u00a0<\/p><p dir=\"ltr\"><strong>V\u0130ZYONUMUZ<br \/><\/strong> <br \/>T\u0131bbi ve etik de\u011ferlere ba\u011fl\u0131, g\u00fcncel geli\u015fmeleri takip eden deneyimli kadrosu, yenilik\u00e7i ve g\u00fcler y\u00fczl\u00fc hizmet sunumuyla fark yaratan, modern teknolojik altyap\u0131s\u0131 ile hasta ve \u00e7al\u0131\u015fan g\u00fcvenli\u011finden \u00f6d\u00fcn vermeden uluslararas\u0131 standartlarda y\u00fcksek kalitede sa\u011fl\u0131k hizmeti sa\u011flayan; alan\u0131nda \u00f6nc\u00fc ve sa\u011fl\u0131k turizminde referans bir sa\u011fl\u0131k kurulu\u015fu olmak.<\/p><p dir=\"ltr\"><strong>KAL\u0130TE POL\u0130T\u0130KASI<\/strong><\/p><p dir=\"ltr\">Ulusal ve uluslararas\u0131 standartlar ve geli\u015fmeler do\u011frultusunda, etkin sa\u011fl\u0131k hizmeti \u00fcretmek, hizmet kalitemizi ve kalite sistemimizi s\u00fcrekli iyile\u015ftirmek, \u00e7al\u0131\u015fan bilincini artt\u0131rarak hasta ve \u00e7al\u0131\u015fan g\u00fcvenli\u011fi ile birlikte memnuniyetini artt\u0131rmakt\u0131r.<\/p>\t\t\t\t\t\t\t\t<\/div>\n\t\t\t\t\t<\/div>\n\t\t\t\t<\/div>\n\t\t<div class=\"elementor-element elementor-element-a86482b e-flex e-con-boxed e-con e-parent\" data-id=\"a86482b\" data-element_type=\"container\">\n\t\t\t\t\t<div class=\"e-con-inner\">\n\t\t\t\t<div class=\"elementor-element elementor-element-42b7e46 elementor-widget elementor-widget-text-editor\" data-id=\"42b7e46\" data-element_type=\"widget\" data-widget_type=\"text-editor.default\">\n\t\t\t\t\t\t\t\t\t<p dir=\"ltr\"><strong>HEDEFLER:<\/strong><\/p><ul><li dir=\"ltr\">Y\u00f6netim olarak hedefimiz, kalite y\u00f6netim sistemini s\u00fcrekli iyile\u015ftirmek ve geli\u015ftirmek \u00fczere gerekli faaliyetleri planlamak ve hayata ge\u00e7irmektir.<\/li><li dir=\"ltr\">Hizmet s\u00fcrecinde temel prensibimiz, hasta odakl\u0131 yap\u0131lanmay\u0131 esas alarak, hasta memnuniyetini en \u00fcst d\u00fczeyde tutmakt\u0131r.<\/li><li dir=\"ltr\">Teknolojik ve bilimsel geli\u015fmeleri yak\u0131ndan takip ederek hizmet s\u00fcrecine dahil etmek, b\u00f6ylece sa\u011fl\u0131k hizmetinin kalitesini s\u00fcrekli artt\u0131rmakt\u0131r.<\/li><li dir=\"ltr\">Hastalar\u0131m\u0131z\u0131n, tedarik\u00e7ilerimizin ve \u00e7al\u0131\u015fanlar\u0131m\u0131z\u0131n beklenti ve taleplerini en \u00fcst d\u00fczeyde kar\u015f\u0131lamaya \u00e7al\u0131\u015farak, onlara g\u00fcven duyduklar\u0131 bir ortam sa\u011flamakt\u0131r.<\/li><li dir=\"ltr\">\u00c7al\u0131\u015fanlar\u0131m\u0131z\u0131 e\u011fitimlerle s\u00fcrekli destekleyerek, geli\u015fimlerine katk\u0131da bulunmak ve iyile\u015ftirme s\u00fcre\u00e7lerinde etkin olarak yer almalar\u0131n\u0131 sa\u011flamakt\u0131r.<\/li><\/ul>\t\t\t\t\t\t\t\t<\/div>\n\t\t\t\t\t<\/div>\n\t\t\t\t<\/div>\n\t\t<div class=\"elementor-element elementor-element-9b44188 e-flex e-con-boxed e-con e-parent\" data-id=\"9b44188\" data-element_type=\"container\">\n\t\t\t\t\t<div class=\"e-con-inner\">\n\t\t\t\t<div class=\"elementor-element elementor-element-06998c9 elementor-widget elementor-widget-text-editor\" data-id=\"06998c9\" data-element_type=\"widget\" data-widget_type=\"text-editor.default\">\n\t\t\t\t\t\t\t\t\t<p dir=\"ltr\"><strong>DE\u011eERLER\u0130M\u0130Z:<br \/><\/strong><br \/>Hasta ve \u00e7al\u0131\u015fan g\u00fcvenli\u011fini kurum k\u00fclt\u00fcr\u00fc olarak kabul eden.<\/p><ul><li dir=\"ltr\">Hasta Haklar\u0131na Sayg\u0131l\u0131<\/li><li dir=\"ltr\">Tak\u0131m \u00e7al\u0131\u015fmas\u0131na uyumlu, ekip anlay\u0131\u015f\u0131 ile \u00e7al\u0131\u015fan,<\/li><li dir=\"ltr\">Hasta ve \u00e7al\u0131\u015fan memnuniyetini hedefleyen,<\/li><li dir=\"ltr\">Etik kurallar \u00e7er\u00e7evesinde etkin hizmet sunumu ile topluma ve \u00e7evreye duyarl\u0131,<\/li><li dir=\"ltr\">Hakkaniyetli ve bilimsel yakla\u015f\u0131m\u0131 benimsemi\u015f,<\/li><li dir=\"ltr\">\u00d6ng\u00f6r\u00fcl\u00fc yakla\u015f\u0131mlar ile te\u015fhis, tedavi ve uygulamalara kat\u0131l\u0131mc\u0131,<\/li><li dir=\"ltr\">Tedavi ederken zarar vermemek ilkesini benimseyen,<\/li><li dir=\"ltr\">Hasta ve \u00e7al\u0131\u015fan g\u00f6r\u00fc\u015f-\u00f6nerilerine destek veren y\u00f6netim anlay\u0131\u015f\u0131,<\/li><li dir=\"ltr\">\u00c7al\u0131\u015fanlar\u0131n geli\u015fimine \u00f6nem veren,<\/li><li dir=\"ltr\">S\u00fcrekli \u00f6l\u00e7\u00fclebilen ve de\u011ferlendirilebilen bir y\u00f6netim sistemi,<\/li><\/ul><p dir=\"ltr\">De\u011ferlerimiz, kurumumuzun ger\u00e7ekle\u015ftirece\u011fi t\u00fcm faaliyetlerde temel alaca\u011f\u0131 ilke ve kurallar\u0131 ifade etmektedir.<\/p>\t\t\t\t\t\t\t\t<\/div>\n\t\t\t\t\t<\/div>\n\t\t\t\t<\/div>\n\t\t<div class=\"elementor-element elementor-element-566fee4 e-flex e-con-boxed e-con e-parent\" data-id=\"566fee4\" data-element_type=\"container\">\n\t\t\t\t\t<div class=\"e-con-inner\">\n\t\t\t\t<div class=\"elementor-element elementor-element-02de6fb elementor-widget elementor-widget-spacer\" data-id=\"02de6fb\" data-element_type=\"widget\" data-widget_type=\"spacer.default\">\n\t\t\t\t\t\t\t<div class=\"elementor-spacer\">\n\t\t\t<div class=\"elementor-spacer-inner\"><\/div>\n\t\t<\/div>\n\t\t\t\t\t\t<\/div>\n\t\t\t\t\t<\/div>\n\t\t\t\t<\/div>\n\t\t\t\t<\/div>\n\t\t","protected":false},"excerpt":{"rendered":"<p>M\u0130SYONUMUZ Temel de\u011ferlerimizi ilke edinen, sa\u011fl\u0131k sekt\u00f6r\u00fcnde uluslararas\u0131 standartlarda hizmet sundu\u011fumuz; hasta ve \u00e7al\u0131\u015fan g\u00fcvenli\u011fi odakl\u0131 hizmetlerimiz ile misafir hastalar\u0131m\u0131z\u0131n kendilerini g\u00fcvende hissettikleri, hasta haklar\u0131na sayg\u0131l\u0131, global standartlarda sa\u011fl\u0131k hizmeti anlay\u0131\u015f\u0131 ile koruyucu ve sa\u011fl\u0131\u011f\u0131 geli\u015ftirici etkin, s\u00fcrd\u00fcr\u00fclebilir tedavi hizmeti politikas\u0131yla sa\u011fl\u0131k sekt\u00f6r\u00fcnde ve sa\u011fl\u0131k turizminde ad\u0131ndan s\u00f6z ettiren kurumlar aras\u0131nda yer almak.\u00a0 V\u0130ZYONUMUZ T\u0131bbi &hellip; <\/p>\n<p class=\"link-more\"><a href=\"https:\/\/drciniktipmerkezi.com\/tr\/misyon-vizyon-degerler\/\" class=\"more-link\"><span class=\"screen-reader-text\"> &#8220;Misyon, Vizyon De\u011ferler&#8221;<\/span>devam\u0131n\u0131 oku<\/a><\/p>\n","protected":false},"author":2,"featured_media":0,"parent":0,"menu_order":0,"comment_status":"closed","ping_status":"closed","template":"elementor_header_footer","meta":{"footnotes":""},"class_list":["post-933","page","type-page","status-publish","hentry"],"_links":{"self":[{"href":"https:\/\/drciniktipmerkezi.com\/tr\/wp-json\/wp\/v2\/pages\/933","targetHints":{"allow":["GET"]}}],"collection":[{"href":"https:\/\/drciniktipmerkezi.com\/tr\/wp-json\/wp\/v2\/pages"}],"about":[{"href":"https:\/\/drciniktipmerkezi.com\/tr\/wp-json\/wp\/v2\/types\/page"}],"author":[{"embeddable":true,"href":"https:\/\/drciniktipmerkezi.com\/tr\/wp-json\/wp\/v2\/users\/2"}],"replies":[{"embeddable":true,"href":"https:\/\/drciniktipmerkezi.com\/tr\/wp-json\/wp\/v2\/comments?post=933"}],"version-history":[{"count":0,"href":"https:\/\/drciniktipmerkezi.com\/tr\/wp-json\/wp\/v2\/pages\/933\/revisions"}],"wp:attachment":[{"href":"https:\/\/drciniktipmerkezi.com\/tr\/wp-json\/wp\/v2\/media?parent=933"}],"curies":[{"name":"wp","href":"https:\/\/api.w.org\/{rel}","templated":true}]}}