{"id":588,"date":"2023-11-20T13:34:10","date_gmt":"2023-11-20T10:34:10","guid":{"rendered":"https:\/\/drciniktipmerkezi.com\/dr-muhammet-emrah-cinik\/"},"modified":"2025-11-13T01:39:54","modified_gmt":"2025-11-12T22:39:54","slug":"dr-muhammet-emrah-cinik","status":"publish","type":"page","link":"https:\/\/drciniktipmerkezi.com\/tr\/dr-muhammet-emrah-cinik\/","title":{"rendered":"Dr. Muhammet Emrah \u00c7inik"},"content":{"rendered":"\t\t<div data-elementor-type=\"wp-page\" data-elementor-id=\"588\" class=\"elementor elementor-588 elementor-564\" data-elementor-post-type=\"page\">\n\t\t\t\t<div class=\"elementor-element elementor-element-313af14 e-flex e-con-boxed e-con e-parent\" data-id=\"313af14\" data-element_type=\"container\">\n\t\t\t\t\t<div class=\"e-con-inner\">\n\t\t\t\t\t<\/div>\n\t\t\t\t<\/div>\n\t\t<div class=\"elementor-element elementor-element-1d07f24 e-flex e-con-boxed e-con e-parent\" data-id=\"1d07f24\" data-element_type=\"container\">\n\t\t\t\t\t<div class=\"e-con-inner\">\n\t\t\t\t<div class=\"elementor-element elementor-element-888e6f0 elementor-widget-divider--view-line elementor-widget elementor-widget-divider\" data-id=\"888e6f0\" data-element_type=\"widget\" data-widget_type=\"divider.default\">\n\t\t\t\t\t\t\t<div class=\"elementor-divider\">\n\t\t\t<span class=\"elementor-divider-separator\">\n\t\t\t\t\t\t<\/span>\n\t\t<\/div>\n\t\t\t\t\t\t<\/div>\n\t\t\t\t\t<\/div>\n\t\t\t\t<\/div>\n\t\t<div class=\"elementor-element elementor-element-a369713 e-flex e-con-boxed e-con e-parent\" data-id=\"a369713\" data-element_type=\"container\">\n\t\t\t\t\t<div class=\"e-con-inner\">\n\t\t\t\t<div class=\"elementor-element elementor-element-079fc3d elementor-widget elementor-widget-image\" data-id=\"079fc3d\" data-element_type=\"widget\" data-widget_type=\"image.default\">\n\t\t\t\t\t\t\t\t\t\t\t\t\t\t\t<img fetchpriority=\"high\" decoding=\"async\" width=\"350\" height=\"400\" src=\"https:\/\/drciniktipmerkezi.com\/wp-content\/uploads\/2025\/04\/emrah_cinik.jpg\" class=\"attachment-large size-large wp-image-917\" alt=\"\" srcset=\"https:\/\/drciniktipmerkezi.com\/wp-content\/uploads\/2025\/04\/emrah_cinik.jpg 350w, https:\/\/drciniktipmerkezi.com\/wp-content\/uploads\/2025\/04\/emrah_cinik-263x300.jpg 263w\" sizes=\"100vw\" \/>\t\t\t\t\t\t\t\t\t\t\t\t\t\t\t<\/div>\n\t\t\t\t\t<\/div>\n\t\t\t\t<\/div>\n\t\t<div class=\"elementor-element elementor-element-454ee25 e-flex e-con-boxed e-con e-parent\" data-id=\"454ee25\" data-element_type=\"container\">\n\t\t\t\t\t<div class=\"e-con-inner\">\n\t\t\t\t<div class=\"elementor-element elementor-element-b52fefb elementor-widget elementor-widget-text-editor\" data-id=\"b52fefb\" data-element_type=\"widget\" data-widget_type=\"text-editor.default\">\n\t\t\t\t\t\t\t\t\t<p>1977 y\u0131l\u0131nda T\u00fcrkiye&#8217;de do\u011fan Dr. \u00c7inik, 2002 y\u0131l\u0131nda Uluda\u011f \u00dcniversitesi&#8217;nden mezun oldu. Meslek hayat\u0131na 2002 y\u0131l\u0131nda Bursa&#8217;da ba\u015flad\u0131.\u00a0<\/p>\t\t\t\t\t\t\t\t<\/div>\n\t\t\t\t<div class=\"elementor-element elementor-element-158a432 elementor-widget elementor-widget-text-editor\" data-id=\"158a432\" data-element_type=\"widget\" data-widget_type=\"text-editor.default\">\n\t\t\t\t\t\t\t\t\t<p>\u0130sim: Muhammet Emrah \u00c7inik<\/p><p>Do\u011fum Tarihi: 30.08.1977<\/p><p>T\u0131p Diplomas\u0131 Tarihi (Y\u0131l): 2002<\/p><p>Mezun Oldu\u011fu \u00dcniversite: Uluda\u011f \u00dcniversitesi, Bursa \/ T\u00fcrkiye<\/p><p>Dil: T\u00fcrk\u00e7e, \u0130ngilizce<\/p>\t\t\t\t\t\t\t\t<\/div>\n\t\t\t\t<div class=\"elementor-element elementor-element-08c779b elementor-widget elementor-widget-heading\" data-id=\"08c779b\" data-element_type=\"widget\" data-widget_type=\"heading.default\">\n\t\t\t\t\t<h2 class=\"elementor-heading-title elementor-size-default\">E\u011e\u0130T\u0130M<\/h2>\t\t\t\t<\/div>\n\t\t\t\t<div class=\"elementor-element elementor-element-b423675 elementor-widget elementor-widget-text-editor\" data-id=\"b423675\" data-element_type=\"widget\" data-widget_type=\"text-editor.default\">\n\t\t\t\t\t\t\t\t\t<p>1996 &#8211; 2002<\/p><p>Bursa Uluda\u011f \u00dcniversitesi&#8217;nde t\u0131p diplomas\u0131<\/p><p>2003-2004<\/p><p>Zorunlu hizmet<\/p><p>2011<\/p><p>Prof. Dr. Paolo Bonan training program in Clinica Villa Donatello Florence, Italy<\/p><p>2015<\/p><p>ISHRS 23rd World Congress of the ISHRS 11 September in Chicago, USA<\/p><p>2016<\/p><p>ISHRS 24th World Congress of the ISHRS September 28 &#8211; October 1, in Las Vegas, USA<\/p>\t\t\t\t\t\t\t\t<\/div>\n\t\t\t\t<div class=\"elementor-element elementor-element-7e8ce98 elementor-widget elementor-widget-heading\" data-id=\"7e8ce98\" data-element_type=\"widget\" data-widget_type=\"heading.default\">\n\t\t\t\t\t<h2 class=\"elementor-heading-title elementor-size-default\">\u00dcyelikler ve Dernekler<\/h2>\t\t\t\t<\/div>\n\t\t\t\t<div class=\"elementor-element elementor-element-7cef6b6 elementor-widget elementor-widget-text-editor\" data-id=\"7cef6b6\" data-element_type=\"widget\" data-widget_type=\"text-editor.default\">\n\t\t\t\t\t\t\t\t\t<ul><li>T\u00fcrk Tabipler Birli\u011fi \u00dcyesi<\/li><\/ul>\t\t\t\t\t\t\t\t<\/div>\n\t\t\t\t<div class=\"elementor-element elementor-element-672cf6c elementor-widget elementor-widget-heading\" data-id=\"672cf6c\" data-element_type=\"widget\" data-widget_type=\"heading.default\">\n\t\t\t\t\t<h2 class=\"elementor-heading-title elementor-size-default\">\u00c7al\u0131\u015fma Ge\u00e7mi\u015fi<\/h2>\t\t\t\t<\/div>\n\t\t\t\t<div class=\"elementor-element elementor-element-648c6cf elementor-widget elementor-widget-text-editor\" data-id=\"648c6cf\" data-element_type=\"widget\" data-widget_type=\"text-editor.default\">\n\t\t\t\t\t\t\t\t\t<p>2008-2010<\/p><p>Sultangazi Medical Park Hastanesi&#8217;nde Psikiyatri Direkt\u00f6r\u00fc olarak g\u00f6rev yapt\u0131.<\/p><p>2010-2011<\/p><p>Medicana International Hastanesi Psikiyatri b\u00f6l\u00fcm\u00fc<\/p><p>2011-2015<\/p><p>Bah\u00e7elievler&#8217;de Psikiyatri b\u00f6l\u00fcm\u00fcnde g\u00f6rev yapt\u0131<\/p><p>G\u00fcn\u00fcm\u00fcz<\/p><p>CINIK T\u0131p Merkezi kurucusu.<\/p>\t\t\t\t\t\t\t\t<\/div>\n\t\t\t\t\t<\/div>\n\t\t\t\t<\/div>\n\t\t\t\t<\/div>\n\t\t","protected":false},"excerpt":{"rendered":"<p>1977 y\u0131l\u0131nda T\u00fcrkiye&#8217;de do\u011fan Dr. \u00c7inik, 2002 y\u0131l\u0131nda Uluda\u011f \u00dcniversitesi&#8217;nden mezun oldu. Meslek hayat\u0131na 2002 y\u0131l\u0131nda Bursa&#8217;da ba\u015flad\u0131.\u00a0 \u0130sim: Muhammet Emrah \u00c7inik Do\u011fum Tarihi: 30.08.1977 T\u0131p Diplomas\u0131 Tarihi (Y\u0131l): 2002 Mezun Oldu\u011fu \u00dcniversite: Uluda\u011f \u00dcniversitesi, Bursa \/ T\u00fcrkiye Dil: T\u00fcrk\u00e7e, \u0130ngilizce E\u011e\u0130T\u0130M 1996 &#8211; 2002 Bursa Uluda\u011f \u00dcniversitesi&#8217;nde t\u0131p diplomas\u0131 2003-2004 Zorunlu hizmet 2011 Prof. &hellip; <\/p>\n<p class=\"link-more\"><a href=\"https:\/\/drciniktipmerkezi.com\/tr\/dr-muhammet-emrah-cinik\/\" class=\"more-link\"><span class=\"screen-reader-text\"> &#8220;Dr. Muhammet Emrah \u00c7inik&#8221;<\/span>devam\u0131n\u0131 oku<\/a><\/p>\n","protected":false},"author":1,"featured_media":0,"parent":0,"menu_order":0,"comment_status":"closed","ping_status":"closed","template":"elementor_header_footer","meta":{"footnotes":""},"class_list":["post-588","page","type-page","status-publish","hentry"],"_links":{"self":[{"href":"https:\/\/drciniktipmerkezi.com\/tr\/wp-json\/wp\/v2\/pages\/588","targetHints":{"allow":["GET"]}}],"collection":[{"href":"https:\/\/drciniktipmerkezi.com\/tr\/wp-json\/wp\/v2\/pages"}],"about":[{"href":"https:\/\/drciniktipmerkezi.com\/tr\/wp-json\/wp\/v2\/types\/page"}],"author":[{"embeddable":true,"href":"https:\/\/drciniktipmerkezi.com\/tr\/wp-json\/wp\/v2\/users\/1"}],"replies":[{"embeddable":true,"href":"https:\/\/drciniktipmerkezi.com\/tr\/wp-json\/wp\/v2\/comments?post=588"}],"version-history":[{"count":0,"href":"https:\/\/drciniktipmerkezi.com\/tr\/wp-json\/wp\/v2\/pages\/588\/revisions"}],"wp:attachment":[{"href":"https:\/\/drciniktipmerkezi.com\/tr\/wp-json\/wp\/v2\/media?parent=588"}],"curies":[{"name":"wp","href":"https:\/\/api.w.org\/{rel}","templated":true}]}}