{"id":497,"date":"2023-11-07T11:34:32","date_gmt":"2023-11-07T08:34:32","guid":{"rendered":"https:\/\/drciniktipmerkezi.com\/eda-tinas\/"},"modified":"2025-11-13T01:40:17","modified_gmt":"2025-11-12T22:40:17","slug":"eda-tinas","status":"publish","type":"page","link":"https:\/\/drciniktipmerkezi.com\/tr\/eda-tinas\/","title":{"rendered":"Dt. Eda T\u0131na\u015f"},"content":{"rendered":"\t\t<div data-elementor-type=\"wp-page\" data-elementor-id=\"497\" class=\"elementor elementor-497 elementor-207\" data-elementor-post-type=\"page\">\n\t\t\t\t<div class=\"elementor-element elementor-element-0815584 e-flex e-con-boxed e-con e-parent\" data-id=\"0815584\" data-element_type=\"container\">\n\t\t\t\t\t<div class=\"e-con-inner\">\n\t\t\t\t<div class=\"elementor-element elementor-element-255aca8 elementor-widget elementor-widget-image\" data-id=\"255aca8\" data-element_type=\"widget\" data-widget_type=\"image.default\">\n\t\t\t\t\t\t\t\t\t\t\t\t\t\t\t<img fetchpriority=\"high\" decoding=\"async\" width=\"350\" height=\"400\" src=\"https:\/\/drciniktipmerkezi.com\/wp-content\/uploads\/2025\/04\/eda-tinas-02.jpg\" class=\"attachment-large size-large wp-image-926\" alt=\"\" srcset=\"https:\/\/drciniktipmerkezi.com\/wp-content\/uploads\/2025\/04\/eda-tinas-02.jpg 350w, https:\/\/drciniktipmerkezi.com\/wp-content\/uploads\/2025\/04\/eda-tinas-02-263x300.jpg 263w\" sizes=\"100vw\" \/>\t\t\t\t\t\t\t\t\t\t\t\t\t\t\t<\/div>\n\t\t\t\t<div class=\"elementor-element elementor-element-8e2e081 elementor-widget elementor-widget-text-editor\" data-id=\"8e2e081\" data-element_type=\"widget\" data-widget_type=\"text-editor.default\">\n\t\t\t\t\t\t\t\t\t<p>1997 y\u0131l\u0131nda Gaziantep&#8217;te do\u011fdum. Lise e\u011fitimini Gaziantep Anadolu Lisesinde tamamlayarak 2016 y\u0131l\u0131nda \u0130stanbul Ayd\u0131n \u00dcniversitesi Di\u015f Hekimli\u011fi Fak\u00fcltesini kazand\u0131m. 2021 y\u0131l\u0131nda 3,13\/4,0 ortalama ve be\u015f d\u00f6nem onur belgesi alarak mezun oldum. 2020 y\u0131l\u0131ndan itibaren n\u00f6betlere giderek \u00e7al\u0131\u015fma hayat\u0131na ba\u015flad\u0131m. 2021-2022 y\u0131llar\u0131 aras\u0131nda Avrupa Di\u015f A\u011f\u0131z ve Di\u015f Sa\u011fl\u0131\u011f\u0131 Poliklini\u011finde; \u015eubat 2022 ve haziran 2023 tarihleri aras\u0131nda Rota T\u0131p Merkezinde g\u00f6rev ald\u0131m. Yo\u011fun olarak estetik di\u015f hekimli\u011fi, protetik ve restoratif i\u015flem a\u011f\u0131rl\u0131kl\u0131 \u00e7al\u0131\u015ft\u0131m. . \u015eu an Dr. C\u0131n\u0131k T\u0131p Merkezinde g\u00f6rev yapmaktay\u0131m.<\/p>\n\t\t\t\t\t\t\t\t<\/div>\n\t\t\t\t<div class=\"elementor-element elementor-element-55a7396 elementor-widget-divider--view-line elementor-widget elementor-widget-divider\" data-id=\"55a7396\" data-element_type=\"widget\" data-widget_type=\"divider.default\">\n\t\t\t\t\t\t\t<div class=\"elementor-divider\">\n\t\t\t<span class=\"elementor-divider-separator\">\n\t\t\t\t\t\t<\/span>\n\t\t<\/div>\n\t\t\t\t\t\t<\/div>\n\t\t\t\t<div class=\"elementor-element elementor-element-1340684 elementor-widget elementor-widget-heading\" data-id=\"1340684\" data-element_type=\"widget\" data-widget_type=\"heading.default\">\n\t\t\t\t\t<h2 class=\"elementor-heading-title elementor-size-default\">Temel Bilgiler<\/h2>\t\t\t\t<\/div>\n\t\t\t\t\t<\/div>\n\t\t\t\t<\/div>\n\t\t<div class=\"elementor-element elementor-element-769254d e-flex e-con-boxed e-con e-parent\" data-id=\"769254d\" data-element_type=\"container\">\n\t\t\t\t\t<div class=\"e-con-inner\">\n\t\t\t\t<div class=\"elementor-element elementor-element-7fec00b elementor-widget elementor-widget-text-editor\" data-id=\"7fec00b\" data-element_type=\"widget\" data-widget_type=\"text-editor.default\">\n\t\t\t\t\t\t\t\t\t<p>Ad\u0131: EDA Do\u011fum Tarihi: 26\/01\/1997<\/p><p>T\u0131p Diplomas\u0131 Tarihi (Y\u0131l): 2021<\/p><p>Mezun Oldu\u011fu \u00dcniversite: \u0130stanbul Ayd\u0131n \u00dcniversitesi \/ \u0130stanbul \/ T\u00fcrkiye<\/p><p>\u0130ngilizce dil seviyesi: conversational<\/p>\t\t\t\t\t\t\t\t<\/div>\n\t\t\t\t<div class=\"elementor-element elementor-element-39759be elementor-widget elementor-widget-heading\" data-id=\"39759be\" data-element_type=\"widget\" data-widget_type=\"heading.default\">\n\t\t\t\t\t<h2 class=\"elementor-heading-title elementor-size-default\">\u0130\u015f Deneyimi<\/h2>\t\t\t\t<\/div>\n\t\t\t\t<div class=\"elementor-element elementor-element-5882991 elementor-widget elementor-widget-text-editor\" data-id=\"5882991\" data-element_type=\"widget\" data-widget_type=\"text-editor.default\">\n\t\t\t\t\t\t\t\t\t<p>Stajyer \/ Beykent Flora Di\u015f Klini\u011fi 2020-2021 (5 ay)<\/p>\n<p>Stajyer \/ Alpatdent A\u011f\u0131z ve Di\u015f Sa\u011fl\u0131\u011f\u0131 Poliklini\u011fi 2021 (4 ay)<\/p>\n<p>Di\u015f Hekimi \/ Avrupa A\u011f\u0131z ve Di\u015f Sa\u011fl\u0131\u011f\u0131 Poliklini\u011fi 2021-2022 (6 ay)<\/p>\n<p>Rota T\u0131p Merkezi 2022-2023 (1 y\u0131l 4 ay)<\/p>\n\t\t\t\t\t\t\t\t<\/div>\n\t\t\t\t<div class=\"elementor-element elementor-element-14b773a elementor-widget elementor-widget-heading\" data-id=\"14b773a\" data-element_type=\"widget\" data-widget_type=\"heading.default\">\n\t\t\t\t\t<h2 class=\"elementor-heading-title elementor-size-default\">\u00dcyelikler ve Dernekler<\/h2>\t\t\t\t<\/div>\n\t\t\t\t<div class=\"elementor-element elementor-element-327d876 elementor-widget elementor-widget-text-editor\" data-id=\"327d876\" data-element_type=\"widget\" data-widget_type=\"text-editor.default\">\n\t\t\t\t\t\t\t\t\t<p>T\u00fcrk Di\u015f Hekimleri Birli\u011fi<\/p>\n<p>\u0130stanbul Di\u015f Hekimleri Odas\u0131<\/p>\n\t\t\t\t\t\t\t\t<\/div>\n\t\t\t\t<div class=\"elementor-element elementor-element-585be71 elementor-widget elementor-widget-heading\" data-id=\"585be71\" data-element_type=\"widget\" data-widget_type=\"heading.default\">\n\t\t\t\t\t<h2 class=\"elementor-heading-title elementor-size-default\">Uzmanl\u0131k<\/h2>\t\t\t\t<\/div>\n\t\t\t\t<div class=\"elementor-element elementor-element-e8b293d elementor-widget elementor-widget-text-editor\" data-id=\"e8b293d\" data-element_type=\"widget\" data-widget_type=\"text-editor.default\">\n\t\t\t\t\t\t\t\t\t<p>Kaplama<br \/>\u0130mplant<br \/>\u0130mplant \u00fcst\u00fc protez<br \/>Endodontik tedavi<br \/>Periodontal tedavi<\/p>\n\t\t\t\t\t\t\t\t<\/div>\n\t\t\t\t\t<\/div>\n\t\t\t\t<\/div>\n\t\t<div class=\"elementor-element elementor-element-25f7366 e-flex e-con-boxed e-con e-parent\" data-id=\"25f7366\" data-element_type=\"container\">\n\t\t\t\t\t<div class=\"e-con-inner\">\n\t\t\t\t<div class=\"elementor-element elementor-element-c69b192 elementor-widget elementor-widget-spacer\" data-id=\"c69b192\" data-element_type=\"widget\" data-widget_type=\"spacer.default\">\n\t\t\t\t\t\t\t<div class=\"elementor-spacer\">\n\t\t\t<div class=\"elementor-spacer-inner\"><\/div>\n\t\t<\/div>\n\t\t\t\t\t\t<\/div>\n\t\t\t\t\t<\/div>\n\t\t\t\t<\/div>\n\t\t\t\t<\/div>\n\t\t","protected":false},"excerpt":{"rendered":"<p>1997 y\u0131l\u0131nda Gaziantep&#8217;te do\u011fdum. Lise e\u011fitimini Gaziantep Anadolu Lisesinde tamamlayarak 2016 y\u0131l\u0131nda \u0130stanbul Ayd\u0131n \u00dcniversitesi Di\u015f Hekimli\u011fi Fak\u00fcltesini kazand\u0131m. 2021 y\u0131l\u0131nda 3,13\/4,0 ortalama ve be\u015f d\u00f6nem onur belgesi alarak mezun oldum. 2020 y\u0131l\u0131ndan itibaren n\u00f6betlere giderek \u00e7al\u0131\u015fma hayat\u0131na ba\u015flad\u0131m. 2021-2022 y\u0131llar\u0131 aras\u0131nda Avrupa Di\u015f A\u011f\u0131z ve Di\u015f Sa\u011fl\u0131\u011f\u0131 Poliklini\u011finde; \u015eubat 2022 ve haziran 2023 tarihleri &hellip; <\/p>\n<p class=\"link-more\"><a href=\"https:\/\/drciniktipmerkezi.com\/tr\/eda-tinas\/\" class=\"more-link\"><span class=\"screen-reader-text\"> &#8220;Dt. Eda T\u0131na\u015f&#8221;<\/span>devam\u0131n\u0131 oku<\/a><\/p>\n","protected":false},"author":1,"featured_media":0,"parent":0,"menu_order":0,"comment_status":"closed","ping_status":"closed","template":"elementor_header_footer","meta":{"footnotes":""},"class_list":["post-497","page","type-page","status-publish","hentry"],"_links":{"self":[{"href":"https:\/\/drciniktipmerkezi.com\/tr\/wp-json\/wp\/v2\/pages\/497","targetHints":{"allow":["GET"]}}],"collection":[{"href":"https:\/\/drciniktipmerkezi.com\/tr\/wp-json\/wp\/v2\/pages"}],"about":[{"href":"https:\/\/drciniktipmerkezi.com\/tr\/wp-json\/wp\/v2\/types\/page"}],"author":[{"embeddable":true,"href":"https:\/\/drciniktipmerkezi.com\/tr\/wp-json\/wp\/v2\/users\/1"}],"replies":[{"embeddable":true,"href":"https:\/\/drciniktipmerkezi.com\/tr\/wp-json\/wp\/v2\/comments?post=497"}],"version-history":[{"count":0,"href":"https:\/\/drciniktipmerkezi.com\/tr\/wp-json\/wp\/v2\/pages\/497\/revisions"}],"wp:attachment":[{"href":"https:\/\/drciniktipmerkezi.com\/tr\/wp-json\/wp\/v2\/media?parent=497"}],"curies":[{"name":"wp","href":"https:\/\/api.w.org\/{rel}","templated":true}]}}