{"id":156,"date":"2023-10-31T15:12:45","date_gmt":"2023-10-31T12:12:45","guid":{"rendered":"https:\/\/www.drciniktipmerkezi.com\/hakkimizda\/"},"modified":"2025-11-13T01:40:40","modified_gmt":"2025-11-12T22:40:40","slug":"hakkimizda","status":"publish","type":"page","link":"https:\/\/drciniktipmerkezi.com\/tr\/hakkimizda\/","title":{"rendered":"Hakk\u0131m\u0131zda"},"content":{"rendered":"\t\t<div data-elementor-type=\"wp-page\" data-elementor-id=\"156\" class=\"elementor elementor-156 elementor-30\" data-elementor-post-type=\"page\">\n\t\t\t\t<div class=\"elementor-element elementor-element-376db49 e-flex e-con-boxed e-con e-parent\" data-id=\"376db49\" data-element_type=\"container\">\n\t\t\t\t\t<div class=\"e-con-inner\">\n\t\t\t\t\t<\/div>\n\t\t\t\t<\/div>\n\t\t<div class=\"elementor-element elementor-element-f623ce6 e-flex e-con-boxed e-con e-parent\" data-id=\"f623ce6\" data-element_type=\"container\">\n\t\t\t\t\t<div class=\"e-con-inner\">\n\t\t\t\t<div class=\"elementor-element elementor-element-57a16ca elementor-widget elementor-widget-heading\" data-id=\"57a16ca\" data-element_type=\"widget\" data-widget_type=\"heading.default\">\n\t\t\t\t\t<h2 class=\"elementor-heading-title elementor-size-default\">TIP MERKEZ\u0130M\u0130Z<\/h2>\t\t\t\t<\/div>\n\t\t\t\t<div class=\"elementor-element elementor-element-d725265 elementor-widget__width-initial elementor-widget elementor-widget-image\" data-id=\"d725265\" data-element_type=\"widget\" data-widget_type=\"image.default\">\n\t\t\t\t\t\t\t\t\t\t\t\t\t\t\t<img fetchpriority=\"high\" decoding=\"async\" width=\"1000\" height=\"240\" src=\"https:\/\/drciniktipmerkezi.com\/wp-content\/uploads\/2025\/04\/1_23.jpg\" class=\"attachment-1536x1536 size-1536x1536 wp-image-1064\" alt=\"\" srcset=\"https:\/\/drciniktipmerkezi.com\/wp-content\/uploads\/2025\/04\/1_23.jpg 1000w, https:\/\/drciniktipmerkezi.com\/wp-content\/uploads\/2025\/04\/1_23-300x72.jpg 300w\" sizes=\"100vw\" \/>\t\t\t\t\t\t\t\t\t\t\t\t\t\t\t<\/div>\n\t\t\t\t<div class=\"elementor-element elementor-element-2348140 elementor-widget elementor-widget-spacer\" data-id=\"2348140\" data-element_type=\"widget\" data-widget_type=\"spacer.default\">\n\t\t\t\t\t\t\t<div class=\"elementor-spacer\">\n\t\t\t<div class=\"elementor-spacer-inner\"><\/div>\n\t\t<\/div>\n\t\t\t\t\t\t<\/div>\n\t\t\t\t<div class=\"elementor-element elementor-element-25ed2b5 elementor-widget elementor-widget-text-editor\" data-id=\"25ed2b5\" data-element_type=\"widget\" data-widget_type=\"text-editor.default\">\n\t\t\t\t\t\t\t\t\t<p>T\u00fcm tedavi ve medikal i\u015flemlerimiz, \u0130stanbul\u2019un kalbi \u015ei\u015fli\u2019de yer alan, disiplinli ve teknik donan\u0131ml\u0131 t\u0131p merkezimizde ger\u00e7ekle\u015ftirilmektedir. Di\u015f ve Kulak Burun Bo\u011faz (KBB) alanlar\u0131nda deneyimli bran\u015f doktorlar\u0131m\u0131zla hizmet veriyor; t\u00fcm misafirlerimize bak\u0131m, konfor ve g\u00fcvenli cerrahi deneyimi sunuyoruz.<\/p><p>2022 y\u0131l\u0131nda Dr. Emrah Cinik taraf\u0131ndan kurulan \u00d6zel Dr. Cinik T\u0131p Merkezi, Avrupa yakas\u0131nda \u0130stanbul\u2019un kalbinde, t\u00fcm hastalar\u0131n kolayca eri\u015febilece\u011fi elveri\u015fli bir konuma sahiptir. Sabiha G\u00f6k\u00e7en (SAW) veya \u0130stanbul (ISL) havaliman\u0131ndan yolculuk \u00e7ok uzun s\u00fcrm\u00fcyor ve mesafeler s\u0131ras\u0131yla 30km ve 35km. Beklerken yak\u0131ndaki Cevahir (800 mt) ve Zorlu (1.3 km) gibi al\u0131\u015fveri\u015f merkezlerinden yararlanabilirsiniz. Tedavinizin ard\u0131ndan sadece 800 mt uzakl\u0131ktaki kapsaml\u0131 otelinizde rahatl\u0131kla dinlenebilirsiniz.<\/p>\t\t\t\t\t\t\t\t<\/div>\n\t\t\t\t<div class=\"elementor-element elementor-element-a053f6a elementor-widget elementor-widget-image\" data-id=\"a053f6a\" data-element_type=\"widget\" data-widget_type=\"image.default\">\n\t\t\t\t\t\t\t\t\t\t\t\t\t\t\t<img decoding=\"async\" width=\"950\" height=\"229\" src=\"https:\/\/drciniktipmerkezi.com\/wp-content\/uploads\/2025\/05\/istanbul_2-1024x247.png\" class=\"attachment-large size-large wp-image-1221\" alt=\"\" srcset=\"https:\/\/drciniktipmerkezi.com\/wp-content\/uploads\/2025\/05\/istanbul_2-1024x247.png 1024w, https:\/\/drciniktipmerkezi.com\/wp-content\/uploads\/2025\/05\/istanbul_2-300x72.png 300w, https:\/\/drciniktipmerkezi.com\/wp-content\/uploads\/2025\/05\/istanbul_2-2000x482.png 2000w, https:\/\/drciniktipmerkezi.com\/wp-content\/uploads\/2025\/05\/istanbul_2-1536x370.png 1536w, https:\/\/drciniktipmerkezi.com\/wp-content\/uploads\/2025\/05\/istanbul_2-2048x493.png 2048w\" sizes=\"100vw\" \/>\t\t\t\t\t\t\t\t\t\t\t\t\t\t\t<\/div>\n\t\t\t\t\t<\/div>\n\t\t\t\t<\/div>\n\t\t\t\t<\/div>\n\t\t","protected":false},"excerpt":{"rendered":"<p>TIP MERKEZ\u0130M\u0130Z T\u00fcm tedavi ve medikal i\u015flemlerimiz, \u0130stanbul\u2019un kalbi \u015ei\u015fli\u2019de yer alan, disiplinli ve teknik donan\u0131ml\u0131 t\u0131p merkezimizde ger\u00e7ekle\u015ftirilmektedir. Di\u015f ve Kulak Burun Bo\u011faz (KBB) alanlar\u0131nda deneyimli bran\u015f doktorlar\u0131m\u0131zla hizmet veriyor; t\u00fcm misafirlerimize bak\u0131m, konfor ve g\u00fcvenli cerrahi deneyimi sunuyoruz. 2022 y\u0131l\u0131nda Dr. Emrah Cinik taraf\u0131ndan kurulan \u00d6zel Dr. Cinik T\u0131p Merkezi, Avrupa yakas\u0131nda \u0130stanbul\u2019un &hellip; <\/p>\n<p class=\"link-more\"><a href=\"https:\/\/drciniktipmerkezi.com\/tr\/hakkimizda\/\" class=\"more-link\"><span class=\"screen-reader-text\"> &#8220;Hakk\u0131m\u0131zda&#8221;<\/span>devam\u0131n\u0131 oku<\/a><\/p>\n","protected":false},"author":1,"featured_media":0,"parent":0,"menu_order":0,"comment_status":"closed","ping_status":"closed","template":"elementor_header_footer","meta":{"footnotes":""},"class_list":["post-156","page","type-page","status-publish","hentry"],"_links":{"self":[{"href":"https:\/\/drciniktipmerkezi.com\/tr\/wp-json\/wp\/v2\/pages\/156","targetHints":{"allow":["GET"]}}],"collection":[{"href":"https:\/\/drciniktipmerkezi.com\/tr\/wp-json\/wp\/v2\/pages"}],"about":[{"href":"https:\/\/drciniktipmerkezi.com\/tr\/wp-json\/wp\/v2\/types\/page"}],"author":[{"embeddable":true,"href":"https:\/\/drciniktipmerkezi.com\/tr\/wp-json\/wp\/v2\/users\/1"}],"replies":[{"embeddable":true,"href":"https:\/\/drciniktipmerkezi.com\/tr\/wp-json\/wp\/v2\/comments?post=156"}],"version-history":[{"count":0,"href":"https:\/\/drciniktipmerkezi.com\/tr\/wp-json\/wp\/v2\/pages\/156\/revisions"}],"wp:attachment":[{"href":"https:\/\/drciniktipmerkezi.com\/tr\/wp-json\/wp\/v2\/media?parent=156"}],"curies":[{"name":"wp","href":"https:\/\/api.w.org\/{rel}","templated":true}]}}