{"id":1319,"date":"2025-06-17T10:13:29","date_gmt":"2025-06-17T07:13:29","guid":{"rendered":"https:\/\/drciniktipmerkezi.com\/?page_id=1319"},"modified":"2025-11-10T18:18:39","modified_gmt":"2025-11-10T15:18:39","slug":"2025-ozdegerlendirme-plani","status":"publish","type":"page","link":"https:\/\/drciniktipmerkezi.com\/tr\/2025-ozdegerlendirme-plani\/","title":{"rendered":"2025 \u00d6z de\u011ferlendirme Plan\u0131"},"content":{"rendered":"\t\t<div data-elementor-type=\"wp-page\" data-elementor-id=\"1319\" class=\"elementor elementor-1319\" data-elementor-post-type=\"page\">\n\t\t\t\t<div class=\"elementor-element elementor-element-c1b7ea5 e-flex e-con-boxed e-con e-parent\" data-id=\"c1b7ea5\" data-element_type=\"container\">\n\t\t\t\t\t<div class=\"e-con-inner\">\n\t\t\t\t<div class=\"elementor-element elementor-element-56874e5 elementor-widget elementor-widget-image\" data-id=\"56874e5\" data-element_type=\"widget\" data-widget_type=\"image.default\">\n\t\t\t\t\t\t\t\t\t\t\t\t\t\t\t<img fetchpriority=\"high\" decoding=\"async\" width=\"950\" height=\"666\" src=\"https:\/\/drciniktipmerkezi.com\/wp-content\/uploads\/2025\/06\/KKY.PL_.01-OZDEGERLENDIRME-PLANI-2025-1-1024x718.jpg\" class=\"attachment-large size-large wp-image-1325\" alt=\"\" srcset=\"https:\/\/drciniktipmerkezi.com\/wp-content\/uploads\/2025\/06\/KKY.PL_.01-OZDEGERLENDIRME-PLANI-2025-1-1024x718.jpg 1024w, https:\/\/drciniktipmerkezi.com\/wp-content\/uploads\/2025\/06\/KKY.PL_.01-OZDEGERLENDIRME-PLANI-2025-1-300x210.jpg 300w, https:\/\/drciniktipmerkezi.com\/wp-content\/uploads\/2025\/06\/KKY.PL_.01-OZDEGERLENDIRME-PLANI-2025-1-2000x1403.jpg 2000w, https:\/\/drciniktipmerkezi.com\/wp-content\/uploads\/2025\/06\/KKY.PL_.01-OZDEGERLENDIRME-PLANI-2025-1-scaled-1536x1078.jpg 1536w, https:\/\/drciniktipmerkezi.com\/wp-content\/uploads\/2025\/06\/KKY.PL_.01-OZDEGERLENDIRME-PLANI-2025-1-scaled-2048x1437.jpg 2048w\" sizes=\"100vw\" \/>\t\t\t\t\t\t\t\t\t\t\t\t\t\t\t<\/div>\n\t\t\t\t\t<\/div>\n\t\t\t\t<\/div>\n\t\t<div class=\"elementor-element elementor-element-ec17fe1 e-con-full e-flex e-con e-parent\" data-id=\"ec17fe1\" data-element_type=\"container\">\n\t\t\t\t<div class=\"elementor-element elementor-element-4a4108d elementor-widget elementor-widget-image\" data-id=\"4a4108d\" data-element_type=\"widget\" data-widget_type=\"image.default\">\n\t\t\t\t\t\t\t\t\t\t\t\t\t\t\t<img decoding=\"async\" width=\"950\" height=\"666\" src=\"https:\/\/drciniktipmerkezi.com\/wp-content\/uploads\/2025\/06\/KKY.PL_.01-OZDEGERLENDIRME-PLANI-2025-2-1024x718.jpg\" class=\"attachment-large size-large wp-image-1327\" alt=\"\" srcset=\"https:\/\/drciniktipmerkezi.com\/wp-content\/uploads\/2025\/06\/KKY.PL_.01-OZDEGERLENDIRME-PLANI-2025-2-1024x718.jpg 1024w, https:\/\/drciniktipmerkezi.com\/wp-content\/uploads\/2025\/06\/KKY.PL_.01-OZDEGERLENDIRME-PLANI-2025-2-300x210.jpg 300w, https:\/\/drciniktipmerkezi.com\/wp-content\/uploads\/2025\/06\/KKY.PL_.01-OZDEGERLENDIRME-PLANI-2025-2-2000x1403.jpg 2000w, https:\/\/drciniktipmerkezi.com\/wp-content\/uploads\/2025\/06\/KKY.PL_.01-OZDEGERLENDIRME-PLANI-2025-2-scaled-1536x1078.jpg 1536w, https:\/\/drciniktipmerkezi.com\/wp-content\/uploads\/2025\/06\/KKY.PL_.01-OZDEGERLENDIRME-PLANI-2025-2-scaled-2048x1437.jpg 2048w\" sizes=\"100vw\" \/>\t\t\t\t\t\t\t\t\t\t\t\t\t\t\t<\/div>\n\t\t\t\t<\/div>\n\t\t<div class=\"elementor-element elementor-element-dd7cf74 e-con-full e-flex e-con e-parent\" data-id=\"dd7cf74\" data-element_type=\"container\">\n\t\t\t\t<div class=\"elementor-element elementor-element-a74810e elementor-widget elementor-widget-image\" data-id=\"a74810e\" data-element_type=\"widget\" data-widget_type=\"image.default\">\n\t\t\t\t\t\t\t\t\t\t\t\t\t\t\t<img decoding=\"async\" width=\"950\" height=\"666\" src=\"https:\/\/drciniktipmerkezi.com\/wp-content\/uploads\/2025\/06\/KKY.PL_.01-OZDEGERLENDIRME-PLANI-2025-3-1024x718.jpg\" class=\"attachment-large size-large wp-image-1329\" alt=\"\" srcset=\"https:\/\/drciniktipmerkezi.com\/wp-content\/uploads\/2025\/06\/KKY.PL_.01-OZDEGERLENDIRME-PLANI-2025-3-1024x718.jpg 1024w, https:\/\/drciniktipmerkezi.com\/wp-content\/uploads\/2025\/06\/KKY.PL_.01-OZDEGERLENDIRME-PLANI-2025-3-300x210.jpg 300w, https:\/\/drciniktipmerkezi.com\/wp-content\/uploads\/2025\/06\/KKY.PL_.01-OZDEGERLENDIRME-PLANI-2025-3-2000x1403.jpg 2000w, https:\/\/drciniktipmerkezi.com\/wp-content\/uploads\/2025\/06\/KKY.PL_.01-OZDEGERLENDIRME-PLANI-2025-3-scaled-1536x1078.jpg 1536w, https:\/\/drciniktipmerkezi.com\/wp-content\/uploads\/2025\/06\/KKY.PL_.01-OZDEGERLENDIRME-PLANI-2025-3-scaled-2048x1437.jpg 2048w\" sizes=\"100vw\" \/>\t\t\t\t\t\t\t\t\t\t\t\t\t\t\t<\/div>\n\t\t\t\t<\/div>\n\t\t\t\t<\/div>\n\t\t","protected":false},"excerpt":{"rendered":"","protected":false},"author":3,"featured_media":0,"parent":0,"menu_order":0,"comment_status":"closed","ping_status":"closed","template":"elementor_header_footer","meta":{"footnotes":""},"class_list":["post-1319","page","type-page","status-publish","hentry"],"_links":{"self":[{"href":"https:\/\/drciniktipmerkezi.com\/tr\/wp-json\/wp\/v2\/pages\/1319","targetHints":{"allow":["GET"]}}],"collection":[{"href":"https:\/\/drciniktipmerkezi.com\/tr\/wp-json\/wp\/v2\/pages"}],"about":[{"href":"https:\/\/drciniktipmerkezi.com\/tr\/wp-json\/wp\/v2\/types\/page"}],"author":[{"embeddable":true,"href":"https:\/\/drciniktipmerkezi.com\/tr\/wp-json\/wp\/v2\/users\/3"}],"replies":[{"embeddable":true,"href":"https:\/\/drciniktipmerkezi.com\/tr\/wp-json\/wp\/v2\/comments?post=1319"}],"version-history":[{"count":0,"href":"https:\/\/drciniktipmerkezi.com\/tr\/wp-json\/wp\/v2\/pages\/1319\/revisions"}],"wp:attachment":[{"href":"https:\/\/drciniktipmerkezi.com\/tr\/wp-json\/wp\/v2\/media?parent=1319"}],"curies":[{"name":"wp","href":"https:\/\/api.w.org\/{rel}","templated":true}]}}