{"id":1316,"date":"2025-06-17T10:11:41","date_gmt":"2025-06-17T07:11:41","guid":{"rendered":"https:\/\/drciniktipmerkezi.com\/?page_id=1316"},"modified":"2025-11-10T18:18:57","modified_gmt":"2025-11-10T15:18:57","slug":"egitim","status":"publish","type":"page","link":"https:\/\/drciniktipmerkezi.com\/tr\/egitim\/","title":{"rendered":"Egitim"},"content":{"rendered":"\t\t<div data-elementor-type=\"wp-page\" data-elementor-id=\"1316\" class=\"elementor elementor-1316\" data-elementor-post-type=\"page\">\n\t\t\t\t<div class=\"elementor-element elementor-element-c24beab e-flex e-con-boxed e-con e-parent\" data-id=\"c24beab\" data-element_type=\"container\">\n\t\t\t\t\t<div class=\"e-con-inner\">\n\t\t\t\t<div class=\"elementor-element elementor-element-9e0b80c elementor-widget elementor-widget-heading\" data-id=\"9e0b80c\" data-element_type=\"widget\" data-widget_type=\"heading.default\">\n\t\t\t\t\t<h2 class=\"elementor-heading-title elementor-size-default\"><a href=\"https:\/\/drciniktipmerkezi.com\/wp-content\/uploads\/2025\/06\/KEY.PL_.03-GENEL-UYUM-EGITIM-PLANI.pdf\" target=\"_blank\">&gt; GENEL UYUM E\u011e\u0130T\u0130M PLANI\n<\/a><\/h2>\t\t\t\t<\/div>\n\t\t\t\t<div class=\"elementor-element elementor-element-c96f63a elementor-widget elementor-widget-heading\" data-id=\"c96f63a\" data-element_type=\"widget\" data-widget_type=\"heading.default\">\n\t\t\t\t\t<h2 class=\"elementor-heading-title elementor-size-default\"><a href=\"https:\/\/drciniktipmerkezi.com\/wp-content\/uploads\/2025\/06\/KEY.PL_.02-2025-HIZMET-ICI-EGITIM-PLANI.pdf\" target=\"_blank\">&gt; 2025 H\u0130ZMET \u0130\u00c7\u0130 E\u011e\u0130T\u0130M PLANI\n\n<\/a><\/h2>\t\t\t\t<\/div>\n\t\t\t\t<div class=\"elementor-element elementor-element-7c64c87 elementor-widget elementor-widget-heading\" data-id=\"7c64c87\" data-element_type=\"widget\" data-widget_type=\"heading.default\">\n\t\t\t\t\t<h2 class=\"elementor-heading-title elementor-size-default\"><a href=\"https:\/\/drciniktipmerkezi.com\/wp-content\/uploads\/2025\/06\/KEY.PL_.01-2025-YILI-EGITIM-PLANI.pdf\" target=\"_blank\">&gt; 2025 YILI E\u011e\u0130T\u0130M PLANI\n\n<\/a><\/h2>\t\t\t\t<\/div>\n\t\t\t\t\t<\/div>\n\t\t\t\t<\/div>\n\t\t\t\t<\/div>\n\t\t","protected":false},"excerpt":{"rendered":"<p>&gt; GENEL UYUM E\u011e\u0130T\u0130M PLANI &gt; 2025 H\u0130ZMET \u0130\u00c7\u0130 E\u011e\u0130T\u0130M PLANI &gt; 2025 YILI E\u011e\u0130T\u0130M PLANI<\/p>\n","protected":false},"author":3,"featured_media":0,"parent":0,"menu_order":0,"comment_status":"closed","ping_status":"closed","template":"elementor_header_footer","meta":{"footnotes":""},"class_list":["post-1316","page","type-page","status-publish","hentry"],"_links":{"self":[{"href":"https:\/\/drciniktipmerkezi.com\/tr\/wp-json\/wp\/v2\/pages\/1316","targetHints":{"allow":["GET"]}}],"collection":[{"href":"https:\/\/drciniktipmerkezi.com\/tr\/wp-json\/wp\/v2\/pages"}],"about":[{"href":"https:\/\/drciniktipmerkezi.com\/tr\/wp-json\/wp\/v2\/types\/page"}],"author":[{"embeddable":true,"href":"https:\/\/drciniktipmerkezi.com\/tr\/wp-json\/wp\/v2\/users\/3"}],"replies":[{"embeddable":true,"href":"https:\/\/drciniktipmerkezi.com\/tr\/wp-json\/wp\/v2\/comments?post=1316"}],"version-history":[{"count":0,"href":"https:\/\/drciniktipmerkezi.com\/tr\/wp-json\/wp\/v2\/pages\/1316\/revisions"}],"wp:attachment":[{"href":"https:\/\/drciniktipmerkezi.com\/tr\/wp-json\/wp\/v2\/media?parent=1316"}],"curies":[{"name":"wp","href":"https:\/\/api.w.org\/{rel}","templated":true}]}}