{"id":1233,"date":"2025-05-02T12:58:55","date_gmt":"2025-05-02T09:58:55","guid":{"rendered":"https:\/\/drciniktipmerkezi.com\/?page_id=1233"},"modified":"2025-11-13T01:41:41","modified_gmt":"2025-11-12T22:41:41","slug":"hasta-ve-refakatci-haklari-politikasi","status":"publish","type":"page","link":"https:\/\/drciniktipmerkezi.com\/tr\/hasta-ve-refakatci-haklari-politikasi\/","title":{"rendered":"Hasta ve Refakat\u00e7i Haklar\u0131 Politikas\u0131"},"content":{"rendered":"\t\t<div data-elementor-type=\"wp-page\" data-elementor-id=\"1233\" class=\"elementor elementor-1233\" data-elementor-post-type=\"page\">\n\t\t\t\t<div class=\"elementor-element elementor-element-4496ee5 e-flex e-con-boxed e-con e-parent\" data-id=\"4496ee5\" data-element_type=\"container\">\n\t\t\t\t\t<div class=\"e-con-inner\">\n\t\t\t\t<div class=\"elementor-element elementor-element-553299a elementor-widget elementor-widget-image\" data-id=\"553299a\" data-element_type=\"widget\" data-widget_type=\"image.default\">\n\t\t\t\t\t\t\t\t\t\t\t\t\t\t\t<img fetchpriority=\"high\" decoding=\"async\" width=\"950\" height=\"228\" src=\"https:\/\/drciniktipmerkezi.com\/wp-content\/uploads\/2025\/04\/1_23.jpg\" class=\"attachment-large size-large wp-image-1064\" alt=\"\" srcset=\"https:\/\/drciniktipmerkezi.com\/wp-content\/uploads\/2025\/04\/1_23.jpg 1000w, https:\/\/drciniktipmerkezi.com\/wp-content\/uploads\/2025\/04\/1_23-300x72.jpg 300w\" sizes=\"100vw\" \/>\t\t\t\t\t\t\t\t\t\t\t\t\t\t\t<\/div>\n\t\t\t\t<div class=\"elementor-element elementor-element-2cb904c elementor-widget elementor-widget-spacer\" data-id=\"2cb904c\" data-element_type=\"widget\" data-widget_type=\"spacer.default\">\n\t\t\t\t\t\t\t<div class=\"elementor-spacer\">\n\t\t\t<div class=\"elementor-spacer-inner\"><\/div>\n\t\t<\/div>\n\t\t\t\t\t\t<\/div>\n\t\t\t\t\t<\/div>\n\t\t\t\t<\/div>\n\t\t<div class=\"elementor-element elementor-element-e2f1e40 e-flex e-con-boxed e-con e-parent\" data-id=\"e2f1e40\" data-element_type=\"container\">\n\t\t\t\t\t<div class=\"e-con-inner\">\n\t\t<div class=\"elementor-element elementor-element-8378903 e-con-full e-flex e-con e-child\" data-id=\"8378903\" data-element_type=\"container\">\n\t\t\t\t<div class=\"elementor-element elementor-element-effa131 elementor-widget elementor-widget-heading\" data-id=\"effa131\" data-element_type=\"widget\" data-widget_type=\"heading.default\">\n\t\t\t\t\t<h2 class=\"elementor-heading-title elementor-size-default\">Kliniklerde Refakat\u00e7i Kurallar\u0131<\/h2>\t\t\t\t<\/div>\n\t\t\t\t<\/div>\n\t\t<div class=\"elementor-element elementor-element-ff231b2 e-con-full e-flex e-con e-child\" data-id=\"ff231b2\" data-element_type=\"container\">\n\t\t\t\t<div class=\"elementor-element elementor-element-55f1008 elementor-widget elementor-widget-text-editor\" data-id=\"55f1008\" data-element_type=\"widget\" data-widget_type=\"text-editor.default\">\n\t\t\t\t\t\t\t\t\t<ul><li>Refakat\u00e7i say\u0131s\u0131 1 (bir) ki\u015fi ile s\u0131n\u0131rl\u0131d\u0131r.<\/li><li>Refakat\u00e7iler hastane kurallar\u0131na uymak zorundad\u0131r. \u0130hlali halinde, ilgili ki\u015finin refakat durumu kabul edilemeyecektir.<\/li><li>Refakat\u00e7iler (hekim ve hem\u015fire direktifleri d\u0131\u015f\u0131nda) hastaya y\u00f6nelik herhangi bir uygulama yapmamal\u0131d\u0131r.<\/li><li>Refakat\u00e7iler hastaneye ait e\u015fya ve malzemeleri d\u00fczenli ve temiz kullanmal\u0131d\u0131rlar.<\/li><li>Sizlere huzurlu bir ortam sa\u011flanmas\u0131 i\u00e7in, hasta ve yak\u0131nlar\u0131n\u0131n, hasta odas\u0131 ve servis koridorlar\u0131nda y\u00fcksek sesle konu\u015fmamas\u0131, g\u00fcr\u00fclt\u00fc yapmamas\u0131 gerekir. Ayr\u0131ca odalar\u0131n\u0131zda bulunan televizyonlar\u0131n ba\u015fkalar\u0131n\u0131 rahats\u0131z etmeyecek \u015fekilde kullan\u0131lmas\u0131 gerekir.<\/li><li>Refakat\u00e7iler hekim ya da hem\u015firenin bilgisi d\u0131\u015f\u0131nda, hastalar\u0131n\u0131 hastane d\u0131\u015f\u0131na \u00e7\u0131karmamal\u0131 veya yata\u011f\u0131n\u0131 de\u011fi\u015ftirmemelidir.<\/li><li>Hekim ya da hem\u015fireye dan\u0131\u015fmadan hastaya hi\u00e7bir yiyecek ve i\u00e7ecek verilmemelidir.<\/li><li>Refakat\u00e7iler hastane d\u00e2hilinde t\u00fct\u00fcn ve alkoll\u00fc madde kullanmamal\u0131d\u0131r.<\/li><li>Refakat\u00e7i de\u011fi\u015fimlerinden servis hem\u015fireleri haberdar edilmelidir.<\/li><li>Refakat\u00e7iler hastalar\u0131 ile ilgili herhangi bir sorun oldu\u011fu zaman vakit kaybetmeden hem\u015fireye haber vermelidir.<\/li><li>Refakat\u00e7ilerin hastalar\u0131n\u0131n bak\u0131m\u0131na sadece doktorun ve hem\u015firenin izin verdi\u011fi \u00f6l\u00e7\u00fcde yard\u0131m etmesi beklenmektedir.<\/li><li>Refakat\u00e7ilerin hastanemizin t\u00fcm kurallar\u0131na uymas\u0131 beklenmektedir.<\/li><\/ul>\t\t\t\t\t\t\t\t<\/div>\n\t\t\t\t<\/div>\n\t\t\t\t\t<\/div>\n\t\t\t\t<\/div>\n\t\t<div class=\"elementor-element elementor-element-204e15b e-flex e-con-boxed e-con e-parent\" data-id=\"204e15b\" data-element_type=\"container\">\n\t\t\t\t\t<div class=\"e-con-inner\">\n\t\t<div class=\"elementor-element elementor-element-912e8a3 e-con-full e-flex e-con e-child\" data-id=\"912e8a3\" data-element_type=\"container\">\n\t\t\t\t<div class=\"elementor-element elementor-element-474be50 elementor-widget elementor-widget-heading\" data-id=\"474be50\" data-element_type=\"widget\" data-widget_type=\"heading.default\">\n\t\t\t\t\t<h2 class=\"elementor-heading-title elementor-size-default\">Genel Kurallar<\/h2>\t\t\t\t<\/div>\n\t\t\t\t<\/div>\n\t\t<div class=\"elementor-element elementor-element-6a755c3 e-con-full e-flex e-con e-child\" data-id=\"6a755c3\" data-element_type=\"container\">\n\t\t\t\t<div class=\"elementor-element elementor-element-46816ed elementor-widget elementor-widget-text-editor\" data-id=\"46816ed\" data-element_type=\"widget\" data-widget_type=\"text-editor.default\">\n\t\t\t\t\t\t\t\t\t<p><ul><li>Hasta ziyaret saatinin sonlanmas\u0131na 15 dakika kala (21:45) saat 22:00 \u2018da ziyaret saatinin sonland\u0131r\u0131laca\u011f\u0131na dair duyuru anonsu yap\u0131l\u0131r. Saat 22:00 \u2018 da ziyaret saatinin sonland\u0131r\u0131ld\u0131\u011f\u0131na dair yeniden anons yap\u0131l\u0131r.<\/li><li>Ziyaret saatinin bitiminde ziyaret\u00e7ilerin kontrol\u00fc i\u00e7in servis hem\u015firesi odalar\u0131 kontrol eder ve halen \u00e7\u0131kmayanlar\u0131 nazik bir \u015fekilde uyar\u0131r. Olumsuz bir durumla kar\u015f\u0131la\u015f\u0131ld\u0131\u011f\u0131 zaman idari amir ve\/veya g\u00fcvenlik g\u00f6revlisi ile irtibata ge\u00e7ilir.<\/li><li>22:00 sonras\u0131 g\u00fcvenlik g\u00f6revlisi ve idari amir t\u00fcm klinikleri dola\u015farak hem\u015firelerden konu hakk\u0131nda bilgi al\u0131r.<\/li><li>Ziyaret\u00e7i ve refakat\u00e7ilerin di\u011fer hastalar\u0131 rahats\u0131z etmemesi esast\u0131r. Bu ve benzeri durumlarla kar\u015f\u0131la\u015f\u0131ld\u0131\u011f\u0131nda ki\u015filer nazik bir \u015fekilde uyar\u0131l\u0131r.<\/li><li>Yukar\u0131daki kurallar do\u011frultusunda ziyaret ve refakat politikalar\u0131 olu\u015fturularak resmi internet sitesinde yay\u0131nlan\u0131r.<\/li><\/ul><\/p>\t\t\t\t\t\t\t\t<\/div>\n\t\t\t\t<div class=\"elementor-element elementor-element-78471e2 elementor-widget elementor-widget-spacer\" data-id=\"78471e2\" data-element_type=\"widget\" data-widget_type=\"spacer.default\">\n\t\t\t\t\t\t\t<div class=\"elementor-spacer\">\n\t\t\t<div class=\"elementor-spacer-inner\"><\/div>\n\t\t<\/div>\n\t\t\t\t\t\t<\/div>\n\t\t\t\t<\/div>\n\t\t\t\t\t<\/div>\n\t\t\t\t<\/div>\n\t\t\t\t<\/div>\n\t\t","protected":false},"excerpt":{"rendered":"<p>Kliniklerde Refakat\u00e7i Kurallar\u0131 Refakat\u00e7i say\u0131s\u0131 1 (bir) ki\u015fi ile s\u0131n\u0131rl\u0131d\u0131r. Refakat\u00e7iler hastane kurallar\u0131na uymak zorundad\u0131r. \u0130hlali halinde, ilgili ki\u015finin refakat durumu kabul edilemeyecektir. Refakat\u00e7iler (hekim ve hem\u015fire direktifleri d\u0131\u015f\u0131nda) hastaya y\u00f6nelik herhangi bir uygulama yapmamal\u0131d\u0131r. Refakat\u00e7iler hastaneye ait e\u015fya ve malzemeleri d\u00fczenli ve temiz kullanmal\u0131d\u0131rlar. Sizlere huzurlu bir ortam sa\u011flanmas\u0131 i\u00e7in, hasta ve yak\u0131nlar\u0131n\u0131n, hasta &hellip; <\/p>\n<p class=\"link-more\"><a href=\"https:\/\/drciniktipmerkezi.com\/tr\/hasta-ve-refakatci-haklari-politikasi\/\" class=\"more-link\"><span class=\"screen-reader-text\"> &#8220;Hasta ve Refakat\u00e7i Haklar\u0131 Politikas\u0131&#8221;<\/span>devam\u0131n\u0131 oku<\/a><\/p>\n","protected":false},"author":3,"featured_media":0,"parent":0,"menu_order":0,"comment_status":"closed","ping_status":"closed","template":"elementor_header_footer","meta":{"footnotes":""},"class_list":["post-1233","page","type-page","status-publish","hentry"],"_links":{"self":[{"href":"https:\/\/drciniktipmerkezi.com\/tr\/wp-json\/wp\/v2\/pages\/1233","targetHints":{"allow":["GET"]}}],"collection":[{"href":"https:\/\/drciniktipmerkezi.com\/tr\/wp-json\/wp\/v2\/pages"}],"about":[{"href":"https:\/\/drciniktipmerkezi.com\/tr\/wp-json\/wp\/v2\/types\/page"}],"author":[{"embeddable":true,"href":"https:\/\/drciniktipmerkezi.com\/tr\/wp-json\/wp\/v2\/users\/3"}],"replies":[{"embeddable":true,"href":"https:\/\/drciniktipmerkezi.com\/tr\/wp-json\/wp\/v2\/comments?post=1233"}],"version-history":[{"count":0,"href":"https:\/\/drciniktipmerkezi.com\/tr\/wp-json\/wp\/v2\/pages\/1233\/revisions"}],"wp:attachment":[{"href":"https:\/\/drciniktipmerkezi.com\/tr\/wp-json\/wp\/v2\/media?parent=1233"}],"curies":[{"name":"wp","href":"https:\/\/api.w.org\/{rel}","templated":true}]}}