{"id":1181,"date":"2025-05-01T15:49:30","date_gmt":"2025-05-01T12:49:30","guid":{"rendered":"https:\/\/drciniktipmerkezi.com\/?page_id=1181"},"modified":"2025-11-13T01:48:31","modified_gmt":"2025-11-12T22:48:31","slug":"op-dr-mehtap-ozkahraman-kirik","status":"publish","type":"page","link":"https:\/\/drciniktipmerkezi.com\/tr\/op-dr-mehtap-ozkahraman-kirik\/","title":{"rendered":"Op. Dr. Mehtap \u00d6zkahraman K\u0131r\u0131k"},"content":{"rendered":"\t\t<div data-elementor-type=\"wp-page\" data-elementor-id=\"1181\" class=\"elementor elementor-1181\" data-elementor-post-type=\"page\">\n\t\t\t\t<div class=\"elementor-element elementor-element-440417f e-flex e-con-boxed e-con e-parent\" data-id=\"440417f\" data-element_type=\"container\">\n\t\t\t\t\t<div class=\"e-con-inner\">\n\t\t\t\t<div class=\"elementor-element elementor-element-c158923 elementor-widget-divider--view-line elementor-widget elementor-widget-divider\" data-id=\"c158923\" data-element_type=\"widget\" data-widget_type=\"divider.default\">\n\t\t\t\t\t\t\t<div class=\"elementor-divider\">\n\t\t\t<span class=\"elementor-divider-separator\">\n\t\t\t\t\t\t<\/span>\n\t\t<\/div>\n\t\t\t\t\t\t<\/div>\n\t\t\t\t<div class=\"elementor-element elementor-element-f3309c7 elementor-widget elementor-widget-image\" data-id=\"f3309c7\" data-element_type=\"widget\" data-widget_type=\"image.default\">\n\t\t\t\t\t\t\t\t\t\t\t\t\t\t\t<img fetchpriority=\"high\" decoding=\"async\" width=\"350\" height=\"400\" src=\"https:\/\/drciniktipmerkezi.com\/wp-content\/uploads\/2025\/05\/mehtap_ozkahraman_2.jpg\" class=\"attachment-large size-large wp-image-1202\" alt=\"\" srcset=\"https:\/\/drciniktipmerkezi.com\/wp-content\/uploads\/2025\/05\/mehtap_ozkahraman_2.jpg 350w, https:\/\/drciniktipmerkezi.com\/wp-content\/uploads\/2025\/05\/mehtap_ozkahraman_2-263x300.jpg 263w\" sizes=\"100vw\" \/>\t\t\t\t\t\t\t\t\t\t\t\t\t\t\t<\/div>\n\t\t\t\t<div class=\"elementor-element elementor-element-549dee1 elementor-widget elementor-widget-heading\" data-id=\"549dee1\" data-element_type=\"widget\" data-widget_type=\"heading.default\">\n\t\t\t\t\t<h2 class=\"elementor-heading-title elementor-size-default\">Temel Bilgiler<\/h2>\t\t\t\t<\/div>\n\t\t\t\t<div class=\"elementor-element elementor-element-662ec5e elementor-widget elementor-widget-text-editor\" data-id=\"662ec5e\" data-element_type=\"widget\" data-widget_type=\"text-editor.default\">\n\t\t\t\t\t\t\t\t\t<p><strong data-start=\"21\" data-end=\"29\">Ad\u0131:<\/strong> Mehtap \u00d6zkahraman<br data-start=\"47\" data-end=\"50\" \/><strong data-start=\"50\" data-end=\"65\">Do\u011fum Y\u0131l\u0131:<\/strong> 1986<br data-start=\"70\" data-end=\"73\" \/><strong data-start=\"73\" data-end=\"106\">T\u0131p Fak\u00fcltesi Mezuniyet Y\u0131l\u0131:<\/strong> 2004<br data-start=\"111\" data-end=\"114\" \/><strong data-start=\"114\" data-end=\"142\">Mezun Oldu\u011fu \u00dcniversite:<\/strong> \u0130stanbul T\u0131p Fak\u00fcltesi \/ T\u00fcrkiye<br data-start=\"175\" data-end=\"178\" \/><strong data-start=\"178\" data-end=\"197\">Yabanc\u0131 Diller:<\/strong> T\u00fcrk\u00e7e, \u0130ngilizce<\/p>\t\t\t\t\t\t\t\t<\/div>\n\t\t\t\t<div class=\"elementor-element elementor-element-0129faf elementor-widget elementor-widget-text-editor\" data-id=\"0129faf\" data-element_type=\"widget\" data-widget_type=\"text-editor.default\">\n\t\t\t\t\t\t\t\t\t<p class=\"\" data-start=\"219\" data-end=\"1013\">Op. Dr. Mehtap \u00d6zkahraman K\u0131r\u0131k, 1986 y\u0131l\u0131nda do\u011fmu\u015ftur. Diyarbak\u0131r Anadolu \u00d6\u011fretmen Lisesi&#8217;ni birincilikle bitirmi\u015f ve 2004 y\u0131l\u0131nda y\u00fcksek bir puanla \u0130stanbul \u00dcniversitesi \u0130stanbul T\u0131p Fak\u00fcltesi\u2019ne (\u00c7apa T\u0131p Fak\u00fcltesi) kabul edilmi\u015ftir. 2010 y\u0131l\u0131nda mezun olduktan sonra, T\u0131pta Uzmanl\u0131k S\u0131nav\u0131\u2019na (TUS) haz\u0131rlan\u0131rken 4 ayl\u0131k zorunlu hizmetini \u00c7\u0131nar Devlet Hastanesi\u2019nde tamamlam\u0131\u015ft\u0131r. Ayn\u0131 y\u0131l TUS&#8217;ta y\u00fcksek bir ba\u015far\u0131 elde ederek \u015ei\u015fli Etfal E\u011fitim ve Ara\u015ft\u0131rma Hastanesi Kulak Burun Bo\u011faz (KBB) Anabilim Dal\u0131\u2019na yerle\u015fmi\u015ftir. 2015 y\u0131l\u0131nda uzmanl\u0131k e\u011fitimini tamamlam\u0131\u015f ve 2015-2018 y\u0131llar\u0131 aras\u0131nda zorunlu hizmetini \u0130slahiye Devlet Hastanesi\u2019nde yapm\u0131\u015ft\u0131r. 2018-2022 y\u0131llar\u0131 aras\u0131nda \u00f6zel bir hastanede g\u00f6rev yapt\u0131ktan sonra, 2022 y\u0131l\u0131ndan itibaren kendi \u00f6zel klini\u011finde hizmet vermektedir.<\/p><p class=\"\" data-start=\"1015\" data-end=\"1476\">2015 y\u0131l\u0131nda KBB uzman\u0131 olduktan sonra, Avrupa Kulak Burun Bo\u011faz ve Ba\u015f Boyun Cerrahisi Yeterlilik S\u0131nav\u0131\u2019n\u0131n yaz\u0131l\u0131 a\u015famas\u0131n\u0131 \u0130talya&#8217;n\u0131n Cenova \u015fehrinde, s\u00f6zl\u00fc a\u015famas\u0131n\u0131 ise Avusturya&#8217;n\u0131n Viyana \u015fehrinde ba\u015far\u0131yla ge\u00e7erek Avrupa yeterlili\u011fi almaya hak kazanm\u0131\u015ft\u0131r. Ayn\u0131 zamanda T\u00fcrkiye\u2019deki ilgili kuruldan da yeterlilik belgesine sahiptir. Dr. Mehtap \u00d6zkahraman K\u0131r\u0131k, Avrupa Y\u00fcz Plastik Cerrahi Akademisi (EAFPS) ve T\u00fcrk Y\u00fcz Plastik Cerrahi Derne\u011fi \u00fcyesidir.<\/p><p class=\"\" data-start=\"1478\" data-end=\"2010\">Burun esteti\u011fi (rinoplasti), g\u00f6z kapa\u011f\u0131 esteti\u011fi (blefaroplasti), kulak esteti\u011fi (otoplasti), bi\u015fektomi, \u00e7ene esteti\u011fi ve ka\u015f kald\u0131rma gibi bir\u00e7ok y\u00fcz estetik ameliyat\u0131n\u0131 ba\u015far\u0131yla ger\u00e7ekle\u015ftirmektedir. Ayr\u0131ca dolgu, botulinum toksin uygulamalar\u0131, mezoterapi ve PRP gibi minimal invaziv i\u015flemler de sunmaktad\u0131r. 2015 y\u0131l\u0131ndan bu yana bilimsel toplant\u0131lara aktif olarak kat\u0131lmakta, \u00f6zellikle g\u00f6z \u00e7evresi estetik i\u015flemleri (ok\u00fcloplasti) \u00fczerine \u2014 blefaroplasti, pitoz cerrahisi ve ka\u015f kald\u0131rma dahil \u2014 sunumlar ve kurslar vermektedir.<\/p><p class=\"\" data-start=\"2012\" data-end=\"2248\">Ki\u015fisel ya\u015fam\u0131nda, Dr. Mehtap \u00d6zkahraman K\u0131r\u0131k yeni yerler ve k\u00fclt\u00fcrler ke\u015ffetmeyi sevmektedir. Sa\u011fl\u0131kl\u0131 ya\u015fam tarz\u0131n\u0131 benimsemi\u015f, d\u00fczenli egzersizi g\u00fcnl\u00fck rutininin bir par\u00e7as\u0131 haline getirmi\u015ftir ve amat\u00f6r d\u00fczeyde kickboks yapmaktad\u0131r.<\/p>\t\t\t\t\t\t\t\t<\/div>\n\t\t\t\t\t<\/div>\n\t\t\t\t<\/div>\n\t\t\t\t<\/div>\n\t\t","protected":false},"excerpt":{"rendered":"<p>Temel Bilgiler Ad\u0131: Mehtap \u00d6zkahramanDo\u011fum Y\u0131l\u0131: 1986T\u0131p Fak\u00fcltesi Mezuniyet Y\u0131l\u0131: 2004Mezun Oldu\u011fu \u00dcniversite: \u0130stanbul T\u0131p Fak\u00fcltesi \/ T\u00fcrkiyeYabanc\u0131 Diller: T\u00fcrk\u00e7e, \u0130ngilizce Op. Dr. Mehtap \u00d6zkahraman K\u0131r\u0131k, 1986 y\u0131l\u0131nda do\u011fmu\u015ftur. Diyarbak\u0131r Anadolu \u00d6\u011fretmen Lisesi&#8217;ni birincilikle bitirmi\u015f ve 2004 y\u0131l\u0131nda y\u00fcksek bir puanla \u0130stanbul \u00dcniversitesi \u0130stanbul T\u0131p Fak\u00fcltesi\u2019ne (\u00c7apa T\u0131p Fak\u00fcltesi) kabul edilmi\u015ftir. 2010 y\u0131l\u0131nda mezun olduktan &hellip; <\/p>\n<p class=\"link-more\"><a href=\"https:\/\/drciniktipmerkezi.com\/tr\/op-dr-mehtap-ozkahraman-kirik\/\" class=\"more-link\"><span class=\"screen-reader-text\"> &#8220;Op. Dr. Mehtap \u00d6zkahraman K\u0131r\u0131k&#8221;<\/span>devam\u0131n\u0131 oku<\/a><\/p>\n","protected":false},"author":2,"featured_media":0,"parent":0,"menu_order":0,"comment_status":"closed","ping_status":"closed","template":"elementor_header_footer","meta":{"footnotes":""},"class_list":["post-1181","page","type-page","status-publish","hentry"],"_links":{"self":[{"href":"https:\/\/drciniktipmerkezi.com\/tr\/wp-json\/wp\/v2\/pages\/1181","targetHints":{"allow":["GET"]}}],"collection":[{"href":"https:\/\/drciniktipmerkezi.com\/tr\/wp-json\/wp\/v2\/pages"}],"about":[{"href":"https:\/\/drciniktipmerkezi.com\/tr\/wp-json\/wp\/v2\/types\/page"}],"author":[{"embeddable":true,"href":"https:\/\/drciniktipmerkezi.com\/tr\/wp-json\/wp\/v2\/users\/2"}],"replies":[{"embeddable":true,"href":"https:\/\/drciniktipmerkezi.com\/tr\/wp-json\/wp\/v2\/comments?post=1181"}],"version-history":[{"count":0,"href":"https:\/\/drciniktipmerkezi.com\/tr\/wp-json\/wp\/v2\/pages\/1181\/revisions"}],"wp:attachment":[{"href":"https:\/\/drciniktipmerkezi.com\/tr\/wp-json\/wp\/v2\/media?parent=1181"}],"curies":[{"name":"wp","href":"https:\/\/api.w.org\/{rel}","templated":true}]}}