{"id":1178,"date":"2025-05-01T15:47:53","date_gmt":"2025-05-01T12:47:53","guid":{"rendered":"https:\/\/drciniktipmerkezi.com\/?page_id=1178"},"modified":"2025-11-13T01:39:20","modified_gmt":"2025-11-12T22:39:20","slug":"dr-ertan","status":"publish","type":"page","link":"https:\/\/drciniktipmerkezi.com\/tr\/dr-ertan\/","title":{"rendered":"Dr. Ertan Teks\u00f6z"},"content":{"rendered":"\t\t<div data-elementor-type=\"wp-page\" data-elementor-id=\"1178\" class=\"elementor elementor-1178\" data-elementor-post-type=\"page\">\n\t\t\t\t<div class=\"elementor-element elementor-element-feb35a4 e-flex e-con-boxed e-con e-parent\" data-id=\"feb35a4\" data-element_type=\"container\">\n\t\t\t\t\t<div class=\"e-con-inner\">\n\t\t\t\t<div class=\"elementor-element elementor-element-1fe5694 elementor-widget__width-initial elementor-widget elementor-widget-image\" data-id=\"1fe5694\" data-element_type=\"widget\" data-widget_type=\"image.default\">\n\t\t\t\t\t\t\t\t\t\t\t\t\t\t\t<img fetchpriority=\"high\" decoding=\"async\" width=\"768\" height=\"768\" src=\"https:\/\/drciniktipmerkezi.com\/wp-content\/uploads\/2025\/05\/ERTAN-HOCA.jpg\" class=\"attachment-medium_large size-medium_large wp-image-1213\" alt=\"\" srcset=\"https:\/\/drciniktipmerkezi.com\/wp-content\/uploads\/2025\/05\/ERTAN-HOCA.jpg 2000w, https:\/\/drciniktipmerkezi.com\/wp-content\/uploads\/2025\/05\/ERTAN-HOCA-300x300.jpg 300w, https:\/\/drciniktipmerkezi.com\/wp-content\/uploads\/2025\/05\/ERTAN-HOCA-1024x1024.jpg 1024w, https:\/\/drciniktipmerkezi.com\/wp-content\/uploads\/2025\/05\/ERTAN-HOCA-150x150.jpg 150w, https:\/\/drciniktipmerkezi.com\/wp-content\/uploads\/2025\/05\/ERTAN-HOCA-1536x1536.jpg 1536w\" sizes=\"100vw\" \/>\t\t\t\t\t\t\t\t\t\t\t\t\t\t\t<\/div>\n\t\t\t\t<div class=\"elementor-element elementor-element-5e95c16 elementor-widget elementor-widget-text-editor\" data-id=\"5e95c16\" data-element_type=\"widget\" data-widget_type=\"text-editor.default\">\n\t\t\t\t\t\t\t\t\t<p>Ertan Teks\u00f6z, anestezi alan\u0131nda uzmanl\u0131\u011f\u0131n\u0131 tamamlam\u0131\u015f deneyimli bir doktordur. 1993-1997 y\u0131llar\u0131 aras\u0131nda GATA Haydarpa\u015fa E\u011fitim Hastanesi Anestezi Reanimasyon Program\u0131\u2019ndan mezun olmu\u015f ve kariyerine bu alanda devam etmi\u015ftir. Anestezi ve reanimasyon uzmanl\u0131\u011f\u0131 konusunda \u00f6nemli deneyimlere sahiptir hem yurt i\u00e7inde hem de yurt d\u0131\u015f\u0131nda akademik makaleleri yay\u0131nlanm\u0131\u015ft\u0131r.<\/p>\t\t\t\t\t\t\t\t<\/div>\n\t\t\t\t<div class=\"elementor-element elementor-element-7941c3b elementor-widget-divider--view-line elementor-widget elementor-widget-divider\" data-id=\"7941c3b\" data-element_type=\"widget\" data-widget_type=\"divider.default\">\n\t\t\t\t\t\t\t<div class=\"elementor-divider\">\n\t\t\t<span class=\"elementor-divider-separator\">\n\t\t\t\t\t\t<\/span>\n\t\t<\/div>\n\t\t\t\t\t\t<\/div>\n\t\t\t\t<div class=\"elementor-element elementor-element-6594b48 elementor-widget elementor-widget-heading\" data-id=\"6594b48\" data-element_type=\"widget\" data-widget_type=\"heading.default\">\n\t\t\t\t\t<h2 class=\"elementor-heading-title elementor-size-default\">Uzmanl\u0131k Alanlar\u0131\n<\/h2>\t\t\t\t<\/div>\n\t\t\t\t<div class=\"elementor-element elementor-element-dd16138 elementor-widget elementor-widget-text-editor\" data-id=\"dd16138\" data-element_type=\"widget\" data-widget_type=\"text-editor.default\">\n\t\t\t\t\t\t\t\t\t<p>Anestezi ve Reanimasyon<\/p>\t\t\t\t\t\t\t\t<\/div>\n\t\t\t\t<div class=\"elementor-element elementor-element-aac72a2 elementor-widget elementor-widget-heading\" data-id=\"aac72a2\" data-element_type=\"widget\" data-widget_type=\"heading.default\">\n\t\t\t\t\t<h2 class=\"elementor-heading-title elementor-size-default\">E\u011fitim\n<\/h2>\t\t\t\t<\/div>\n\t\t\t\t<div class=\"elementor-element elementor-element-896485f elementor-widget elementor-widget-text-editor\" data-id=\"896485f\" data-element_type=\"widget\" data-widget_type=\"text-editor.default\">\n\t\t\t\t\t\t\t\t\t<p>GATA Haydarpa\u015fa E\u011fitim Hastanesi \u2013 Anestezi \u0130htisas Program\u0131 (1993-1997)<\/p>\t\t\t\t\t\t\t\t<\/div>\n\t\t\t\t<div class=\"elementor-element elementor-element-436432c elementor-widget elementor-widget-heading\" data-id=\"436432c\" data-element_type=\"widget\" data-widget_type=\"heading.default\">\n\t\t\t\t\t<h2 class=\"elementor-heading-title elementor-size-default\">Yay\u0131nlar\n<\/h2>\t\t\t\t<\/div>\n\t\t\t\t<div class=\"elementor-element elementor-element-c36c141 elementor-widget elementor-widget-text-editor\" data-id=\"c36c141\" data-element_type=\"widget\" data-widget_type=\"text-editor.default\">\n\t\t\t\t\t\t\t\t\t<p>Akademik ara\u015ft\u0131rmalarda da bulunan Ertan Teks\u00f6z\u2019\u00fcn yurt d\u0131\u015f\u0131nda 3,yurt i\u00e7inde ise 10 akademik makalesi yay\u0131nlanm\u0131\u015ft\u0131r.<\/p>\t\t\t\t\t\t\t\t<\/div>\n\t\t\t\t<div class=\"elementor-element elementor-element-2f94d75 elementor-widget elementor-widget-heading\" data-id=\"2f94d75\" data-element_type=\"widget\" data-widget_type=\"heading.default\">\n\t\t\t\t\t<h2 class=\"elementor-heading-title elementor-size-default\">\u00dcyelikler\n<\/h2>\t\t\t\t<\/div>\n\t\t\t\t<div class=\"elementor-element elementor-element-8cc956c elementor-widget elementor-widget-text-editor\" data-id=\"8cc956c\" data-element_type=\"widget\" data-widget_type=\"text-editor.default\">\n\t\t\t\t\t\t\t\t\t<p>T\u00fcrk Anestezi ve Reanimasyon Birli\u011fi<\/p>\t\t\t\t\t\t\t\t<\/div>\n\t\t\t\t<div class=\"elementor-element elementor-element-2e739e2 elementor-widget elementor-widget-heading\" data-id=\"2e739e2\" data-element_type=\"widget\" data-widget_type=\"heading.default\">\n\t\t\t\t\t<h2 class=\"elementor-heading-title elementor-size-default\">Diller\n<\/h2>\t\t\t\t<\/div>\n\t\t\t\t<div class=\"elementor-element elementor-element-0c0deb2 elementor-widget__width-initial elementor-widget elementor-widget-text-editor\" data-id=\"0c0deb2\" data-element_type=\"widget\" data-widget_type=\"text-editor.default\">\n\t\t\t\t\t\t\t\t\t<p>T\u00fcrk\u00e7e ve \u0130ngilizce<\/p>\t\t\t\t\t\t\t\t<\/div>\n\t\t\t\t\t<\/div>\n\t\t\t\t<\/div>\n\t\t\t\t<\/div>\n\t\t","protected":false},"excerpt":{"rendered":"<p>Ertan Teks\u00f6z, anestezi alan\u0131nda uzmanl\u0131\u011f\u0131n\u0131 tamamlam\u0131\u015f deneyimli bir doktordur. 1993-1997 y\u0131llar\u0131 aras\u0131nda GATA Haydarpa\u015fa E\u011fitim Hastanesi Anestezi Reanimasyon Program\u0131\u2019ndan mezun olmu\u015f ve kariyerine bu alanda devam etmi\u015ftir. Anestezi ve reanimasyon uzmanl\u0131\u011f\u0131 konusunda \u00f6nemli deneyimlere sahiptir hem yurt i\u00e7inde hem de yurt d\u0131\u015f\u0131nda akademik makaleleri yay\u0131nlanm\u0131\u015ft\u0131r. Uzmanl\u0131k Alanlar\u0131 Anestezi ve Reanimasyon E\u011fitim GATA Haydarpa\u015fa E\u011fitim Hastanesi &hellip; <\/p>\n<p class=\"link-more\"><a href=\"https:\/\/drciniktipmerkezi.com\/tr\/dr-ertan\/\" class=\"more-link\"><span class=\"screen-reader-text\"> &#8220;Dr. Ertan Teks\u00f6z&#8221;<\/span>devam\u0131n\u0131 oku<\/a><\/p>\n","protected":false},"author":2,"featured_media":0,"parent":0,"menu_order":0,"comment_status":"closed","ping_status":"closed","template":"elementor_header_footer","meta":{"footnotes":""},"class_list":["post-1178","page","type-page","status-publish","hentry"],"_links":{"self":[{"href":"https:\/\/drciniktipmerkezi.com\/tr\/wp-json\/wp\/v2\/pages\/1178","targetHints":{"allow":["GET"]}}],"collection":[{"href":"https:\/\/drciniktipmerkezi.com\/tr\/wp-json\/wp\/v2\/pages"}],"about":[{"href":"https:\/\/drciniktipmerkezi.com\/tr\/wp-json\/wp\/v2\/types\/page"}],"author":[{"embeddable":true,"href":"https:\/\/drciniktipmerkezi.com\/tr\/wp-json\/wp\/v2\/users\/2"}],"replies":[{"embeddable":true,"href":"https:\/\/drciniktipmerkezi.com\/tr\/wp-json\/wp\/v2\/comments?post=1178"}],"version-history":[{"count":0,"href":"https:\/\/drciniktipmerkezi.com\/tr\/wp-json\/wp\/v2\/pages\/1178\/revisions"}],"wp:attachment":[{"href":"https:\/\/drciniktipmerkezi.com\/tr\/wp-json\/wp\/v2\/media?parent=1178"}],"curies":[{"name":"wp","href":"https:\/\/api.w.org\/{rel}","templated":true}]}}